{"id":12375,"date":"2015-10-26T14:53:57","date_gmt":"2015-10-26T12:53:57","guid":{"rendered":"http:\/\/www.cemyri.es\/?page_id=12375"},"modified":"2023-10-23T09:50:08","modified_gmt":"2023-10-23T09:50:08","slug":"hazte-miembro","status":"publish","type":"page","link":"https:\/\/cemyri.es\/es\/hazte-miembro\/","title":{"rendered":"Hazte miembro"},"content":{"rendered":"\n<figure class=\"wp-block-image size-medium is-resized\"><img loading=\"lazy\" decoding=\"async\" width=\"300\" height=\"300\" src=\"https:\/\/cemyri.es\/es\/wp-content\/uploads\/2023\/10\/LOGO-300x300.jpg\" alt=\"\" class=\"wp-image-27935\" style=\"aspect-ratio:1;width:192px;height:auto\" srcset=\"https:\/\/cemyri.es\/es\/wp-content\/uploads\/2023\/10\/LOGO-300x300.jpg 300w, https:\/\/cemyri.es\/es\/wp-content\/uploads\/2023\/10\/LOGO-150x150.jpg 150w, https:\/\/cemyri.es\/es\/wp-content\/uploads\/2023\/10\/LOGO.jpg 400w\" sizes=\"auto, (max-width: 300px) 100vw, 300px\" \/><\/figure>\n\n\n\n<p>Para&nbsp;ser miembro colaborador del CEMyRI, debes&nbsp;rellenar el siguiente formulario:<\/p>\n\n\n\n<ul class=\"wp-block-list\">\n<li><a href=\"https:\/\/cemyri.es\/es\/solicitud-de-pertenencia-para-investigadores\/\"><strong>SOLICITUD DE PERTENENCIA&nbsp;PARA INVESTIGADORES<\/strong><\/a><\/li>\n<\/ul>\n\n\n\n<p>Si tu solicitud es aceptada, la Direcci\u00f3n del centro&nbsp;se pondr\u00e1 en contacto contigo para&nbsp;formalizar la aceptaci\u00f3n.<\/p>\n","protected":false},"excerpt":{"rendered":"<p>Para&nbsp;ser miembro colaborador del CEMyRI, debes&nbsp;rellenar el siguiente formulario: Si tu solicitud es aceptada, la Direcci\u00f3n del centro&nbsp;se pondr\u00e1 en contacto contigo para&nbsp;formalizar la aceptaci\u00f3n.<\/p>\n","protected":false},"author":1,"featured_media":0,"parent":0,"menu_order":4,"comment_status":"closed","ping_status":"closed","template":"","meta":{"footnotes":""},"class_list":["post-12375","page","type-page","status-publish","hentry"],"_links":{"self":[{"href":"https:\/\/cemyri.es\/es\/wp-json\/wp\/v2\/pages\/12375","targetHints":{"allow":["GET"]}}],"collection":[{"href":"https:\/\/cemyri.es\/es\/wp-json\/wp\/v2\/pages"}],"about":[{"href":"https:\/\/cemyri.es\/es\/wp-json\/wp\/v2\/types\/page"}],"author":[{"embeddable":true,"href":"https:\/\/cemyri.es\/es\/wp-json\/wp\/v2\/users\/1"}],"replies":[{"embeddable":true,"href":"https:\/\/cemyri.es\/es\/wp-json\/wp\/v2\/comments?post=12375"}],"version-history":[{"count":15,"href":"https:\/\/cemyri.es\/es\/wp-json\/wp\/v2\/pages\/12375\/revisions"}],"predecessor-version":[{"id":27960,"href":"https:\/\/cemyri.es\/es\/wp-json\/wp\/v2\/pages\/12375\/revisions\/27960"}],"wp:attachment":[{"href":"https:\/\/cemyri.es\/es\/wp-json\/wp\/v2\/media?parent=12375"}],"curies":[{"name":"wp","href":"https:\/\/api.w.org\/{rel}","templated":true}]}}