{"id":1308,"date":"2013-11-04T13:24:29","date_gmt":"2013-11-04T11:24:29","guid":{"rendered":"http:\/\/www.cemyri.es\/?page_id=1308"},"modified":"2023-07-25T18:23:47","modified_gmt":"2023-07-25T18:23:47","slug":"francisco-checa-y-olmos","status":"publish","type":"page","link":"https:\/\/cemyri.es\/es\/investigadores-adscritos-titulares\/francisco-checa-y-olmos\/","title":{"rendered":"Francisco Checa y Olmos"},"content":{"rendered":"<p><strong>Departamento:<\/strong>\u00a0Geograf\u00eda, Historia y Humanidades<\/p>\n<p><strong>\u00c1rea:<\/strong>\u00a0Antropolog\u00eda Social<\/p>\n<p><strong>Universidad:<\/strong> Almer\u00eda<\/p>\n<p><strong>L\u00edneas de Investigaci\u00f3n:<\/strong> Patrimonio, etnicidad, integraci\u00f3n social, salud, cine e inmigraci\u00f3n<\/p>\n<p><strong>Grupo de Investigaci\u00f3n:<\/strong> <a href=\"http:\/\/www.lasc.es\/\" target=\"_blank\" rel=\"noopener\">HUM-472<\/a><\/p>\n<p><strong>Status:<\/strong> Investigador adscrito<\/p>\n<p><strong> Correo Electr\u00f3nico:<\/strong>\u00a0fcheca@ual.es<\/p>\n<p><strong>Tel\u00e9fono:<\/strong>\u00a0950 01 5228<\/p>\n<p><strong>Direcci\u00f3n de contacto:<\/strong>\u00a0Edificio Departamental de Humanidades y Ciencias de la Educaci\u00f3n II (Edif. C) Planta 2, Despacho 67, Universidad de Almer\u00eda.<\/p>\n<p><strong><a href=\"http:\/\/issuu.com\/cemyri\/docs\/cv_francisco_checa_03a3ad89db268f\">Curr\u00edculum<\/a><\/strong><\/p>\n","protected":false},"excerpt":{"rendered":"<p>Departamento:\u00a0Geograf\u00eda, Historia y Humanidades \u00c1rea:\u00a0Antropolog\u00eda Social Universidad: Almer\u00eda L\u00edneas de Investigaci\u00f3n: Patrimonio, etnicidad, integraci\u00f3n social, salud, cine e inmigraci\u00f3n Grupo de Investigaci\u00f3n: HUM-472 Status: Investigador adscrito Correo Electr\u00f3nico:\u00a0fcheca@ual.es Tel\u00e9fono:\u00a0950 01 5228 Direcci\u00f3n de contacto:\u00a0Edificio Departamental de Humanidades y Ciencias de la Educaci\u00f3n II (Edif. C) Planta 2, Despacho 67, Universidad de Almer\u00eda. Curr\u00edculum<\/p>\n","protected":false},"author":2,"featured_media":25339,"parent":33,"menu_order":0,"comment_status":"closed","ping_status":"closed","template":"","meta":{"footnotes":""},"class_list":["post-1308","page","type-page","status-publish","has-post-thumbnail","hentry"],"_links":{"self":[{"href":"https:\/\/cemyri.es\/es\/wp-json\/wp\/v2\/pages\/1308","targetHints":{"allow":["GET"]}}],"collection":[{"href":"https:\/\/cemyri.es\/es\/wp-json\/wp\/v2\/pages"}],"about":[{"href":"https:\/\/cemyri.es\/es\/wp-json\/wp\/v2\/types\/page"}],"author":[{"embeddable":true,"href":"https:\/\/cemyri.es\/es\/wp-json\/wp\/v2\/users\/2"}],"replies":[{"embeddable":true,"href":"https:\/\/cemyri.es\/es\/wp-json\/wp\/v2\/comments?post=1308"}],"version-history":[{"count":5,"href":"https:\/\/cemyri.es\/es\/wp-json\/wp\/v2\/pages\/1308\/revisions"}],"predecessor-version":[{"id":27806,"href":"https:\/\/cemyri.es\/es\/wp-json\/wp\/v2\/pages\/1308\/revisions\/27806"}],"up":[{"embeddable":true,"href":"https:\/\/cemyri.es\/es\/wp-json\/wp\/v2\/pages\/33"}],"wp:featuredmedia":[{"embeddable":true,"href":"https:\/\/cemyri.es\/es\/wp-json\/wp\/v2\/media\/25339"}],"wp:attachment":[{"href":"https:\/\/cemyri.es\/es\/wp-json\/wp\/v2\/media?parent=1308"}],"curies":[{"name":"wp","href":"https:\/\/api.w.org\/{rel}","templated":true}]}}