{"id":1316,"date":"2013-11-04T14:03:15","date_gmt":"2013-11-04T12:03:15","guid":{"rendered":"http:\/\/www.cemyri.es\/?page_id=1316"},"modified":"2016-07-06T07:10:34","modified_gmt":"2016-07-06T07:10:34","slug":"juan-carlos-checa-olmos","status":"publish","type":"page","link":"https:\/\/cemyri.es\/es\/investigadores-adscritos-titulares\/juan-carlos-checa-olmos\/","title":{"rendered":"Juan Carlos Checa Olmos"},"content":{"rendered":"<p><strong>Departamento:<\/strong>\u00a0Geograf\u00eda, Historia y Humanidades<\/p>\n<p><strong>\u00c1rea:<\/strong> Sociolog\u00eda<\/p>\n<p><strong>Universidad:<\/strong> Almer\u00eda<\/p>\n<p><strong>L\u00edneas de Investigaci\u00f3n:<\/strong> Segregaci\u00f3n residencial, m\u00e9todos de investigaci\u00f3n<\/p>\n<p><strong>Grupo de Investigaci\u00f3n:<\/strong>\u00a0<a href=\"http:\/\/cvirtual.ual.es\/webual\/jsp\/investigacion\/nuevo\/pInicio.jsp?id_grupo=SEJ419\">SEJ419<\/a><\/p>\n<p><strong>Status:<\/strong> Investigador Adscrito<\/p>\n<p><strong>Correo Electr\u00f3nico:<\/strong>\u00a0<a href=\"mailto:jcheca@ual.es\">jcheca@ual.es<\/a><\/p>\n<p><strong>Tel\u00e9fono:<\/strong>\u00a0950 015 407<\/p>\n<p><strong>Direcci\u00f3n de contacto:<\/strong> CEMyRI, Edificio de Servicios T\u00e9cnicos, Seg. Planta, Desp. 02.12.0, Universidad de Almer\u00eda<\/p>\n<p><a href=\"http:\/\/issuu.com\/cemyri\/docs\/cv_juan_carlos_checa\">Curr\u00edculum<\/a><\/p>\n","protected":false},"excerpt":{"rendered":"<p>Departamento:\u00a0Geograf\u00eda, Historia y Humanidades \u00c1rea: Sociolog\u00eda Universidad: Almer\u00eda L\u00edneas de Investigaci\u00f3n: Segregaci\u00f3n residencial, m\u00e9todos de investigaci\u00f3n Grupo de Investigaci\u00f3n:\u00a0SEJ419 Status: Investigador Adscrito Correo Electr\u00f3nico:\u00a0jcheca@ual.es Tel\u00e9fono:\u00a0950 015 407 Direcci\u00f3n de contacto: CEMyRI, Edificio de Servicios T\u00e9cnicos, Seg. Planta, Desp. 02.12.0, Universidad de Almer\u00eda Curr\u00edculum<\/p>\n","protected":false},"author":2,"featured_media":0,"parent":33,"menu_order":0,"comment_status":"closed","ping_status":"closed","template":"","meta":{"footnotes":""},"class_list":["post-1316","page","type-page","status-publish","hentry"],"_links":{"self":[{"href":"https:\/\/cemyri.es\/es\/wp-json\/wp\/v2\/pages\/1316","targetHints":{"allow":["GET"]}}],"collection":[{"href":"https:\/\/cemyri.es\/es\/wp-json\/wp\/v2\/pages"}],"about":[{"href":"https:\/\/cemyri.es\/es\/wp-json\/wp\/v2\/types\/page"}],"author":[{"embeddable":true,"href":"https:\/\/cemyri.es\/es\/wp-json\/wp\/v2\/users\/2"}],"replies":[{"embeddable":true,"href":"https:\/\/cemyri.es\/es\/wp-json\/wp\/v2\/comments?post=1316"}],"version-history":[{"count":1,"href":"https:\/\/cemyri.es\/es\/wp-json\/wp\/v2\/pages\/1316\/revisions"}],"predecessor-version":[{"id":25216,"href":"https:\/\/cemyri.es\/es\/wp-json\/wp\/v2\/pages\/1316\/revisions\/25216"}],"up":[{"embeddable":true,"href":"https:\/\/cemyri.es\/es\/wp-json\/wp\/v2\/pages\/33"}],"wp:attachment":[{"href":"https:\/\/cemyri.es\/es\/wp-json\/wp\/v2\/media?parent=1316"}],"curies":[{"name":"wp","href":"https:\/\/api.w.org\/{rel}","templated":true}]}}