{"id":1341,"date":"2013-11-04T15:17:14","date_gmt":"2013-11-04T13:17:14","guid":{"rendered":"http:\/\/www.cemyri.es\/?page_id=1341"},"modified":"2023-07-25T18:24:46","modified_gmt":"2023-07-25T18:24:46","slug":"juan-sebastian-fernandez-prados","status":"publish","type":"page","link":"https:\/\/cemyri.es\/es\/investigadores-adscritos-titulares\/juan-sebastian-fernandez-prados\/","title":{"rendered":"Juan Sebasti\u00e1n Fern\u00e1ndez Prados"},"content":{"rendered":"<p><strong>Departamento:<\/strong> Geograf\u00eda, Historia y Humanidades<\/p>\n<p><strong>\u00c1rea:<\/strong> Sociolog\u00eda<\/p>\n<p><strong>Universidad:<\/strong> Almer\u00eda<\/p>\n<p><strong>L\u00edneas de Investigaci\u00f3n:<\/strong> Exclusi\u00f3n social, racismo, m\u00e9todos de investigaci\u00f3n<\/p>\n<p><strong>Grupo de Investigaci\u00f3n:<\/strong> <a href=\"http:\/\/cvirtual.ual.es\/webual\/jsp\/investigacion\/nuevo\/pInicio.jsp?id_grupo=SEJ419\">SEJ419<\/a><a href=\"http:\/\/www.lasc.es\/\" target=\"_blank\" rel=\"noopener\"><br \/>\n<\/a><\/p>\n<p><strong>Status:<\/strong> Investigador Adscrito<\/p>\n<p><strong>Correo Electr\u00f3nico:<\/strong>\u00a0<a href=\"mailto:jsprados@ual.es\">jsprados@ual.es<\/a><\/p>\n<p><strong>Tel\u00e9fono:<\/strong>\u00a0950 015 221<\/p>\n<p><strong>Direcci\u00f3n de contacto:<\/strong>\u00a0Edificio Departamental de Humanidades y Ciencias de la Educaci\u00f3n II (Edif. C)\u00a0Planta\u00a02, Despacho\u00a068<\/p>\n<p><a href=\"http:\/\/www.researchgate.net\/profile\/Juan_Fernandez-Prados\/\">Curr\u00edculum<\/a><\/p>\n","protected":false},"excerpt":{"rendered":"<p>Departamento: Geograf\u00eda, Historia y Humanidades \u00c1rea: Sociolog\u00eda Universidad: Almer\u00eda L\u00edneas de Investigaci\u00f3n: Exclusi\u00f3n social, racismo, m\u00e9todos de investigaci\u00f3n Grupo de Investigaci\u00f3n: SEJ419 Status: Investigador Adscrito Correo Electr\u00f3nico:\u00a0jsprados@ual.es Tel\u00e9fono:\u00a0950 015 221 Direcci\u00f3n de contacto:\u00a0Edificio Departamental de Humanidades y Ciencias de la Educaci\u00f3n II (Edif. C)\u00a0Planta\u00a02, Despacho\u00a068 Curr\u00edculum<\/p>\n","protected":false},"author":2,"featured_media":25341,"parent":33,"menu_order":0,"comment_status":"closed","ping_status":"closed","template":"","meta":{"footnotes":""},"class_list":["post-1341","page","type-page","status-publish","has-post-thumbnail","hentry"],"_links":{"self":[{"href":"https:\/\/cemyri.es\/es\/wp-json\/wp\/v2\/pages\/1341","targetHints":{"allow":["GET"]}}],"collection":[{"href":"https:\/\/cemyri.es\/es\/wp-json\/wp\/v2\/pages"}],"about":[{"href":"https:\/\/cemyri.es\/es\/wp-json\/wp\/v2\/types\/page"}],"author":[{"embeddable":true,"href":"https:\/\/cemyri.es\/es\/wp-json\/wp\/v2\/users\/2"}],"replies":[{"embeddable":true,"href":"https:\/\/cemyri.es\/es\/wp-json\/wp\/v2\/comments?post=1341"}],"version-history":[{"count":3,"href":"https:\/\/cemyri.es\/es\/wp-json\/wp\/v2\/pages\/1341\/revisions"}],"predecessor-version":[{"id":27810,"href":"https:\/\/cemyri.es\/es\/wp-json\/wp\/v2\/pages\/1341\/revisions\/27810"}],"up":[{"embeddable":true,"href":"https:\/\/cemyri.es\/es\/wp-json\/wp\/v2\/pages\/33"}],"wp:featuredmedia":[{"embeddable":true,"href":"https:\/\/cemyri.es\/es\/wp-json\/wp\/v2\/media\/25341"}],"wp:attachment":[{"href":"https:\/\/cemyri.es\/es\/wp-json\/wp\/v2\/media?parent=1341"}],"curies":[{"name":"wp","href":"https:\/\/api.w.org\/{rel}","templated":true}]}}