{"id":1349,"date":"2013-11-05T11:47:53","date_gmt":"2013-11-05T09:47:53","guid":{"rendered":"http:\/\/www.cemyri.es\/?page_id=1349"},"modified":"2016-07-06T06:45:49","modified_gmt":"2016-07-06T06:45:49","slug":"encarnacion-garcia-ruiz","status":"publish","type":"page","link":"https:\/\/cemyri.es\/es\/doctores-colaboradores\/encarnacion-garcia-ruiz\/","title":{"rendered":"Encarnaci\u00f3n Garc\u00eda Ruiz"},"content":{"rendered":"<p><strong>Departamento:<\/strong> Derecho<\/p>\n<p><strong>\u00c1rea:<\/strong>\u00a0Derecho Mercantil<\/p>\n<p><strong>Universidad:<\/strong> Almer\u00eda<\/p>\n<p><strong>L\u00edneas de Investigaci\u00f3n:<\/strong> Derecho mercantil<\/p>\n<p><strong>Grupo de Investigaci\u00f3n: <\/strong><a href=\"http:\/\/cvirtual.ual.es\/webual\/jsp\/investigacion\/nuevo\/pInicio.jsp?id_grupo=SEJ200\">SEJ200<\/a><a href=\"http:\/\/www.lasc.es\/\" target=\"_blank\"><br \/>\n<\/a><\/p>\n<p><strong>Status:<\/strong> Investigadora adscrita<\/p>\n<p><strong>\u00a0Correo Electr\u00f3nico:<\/strong>\u00a0<a href=\"mailto:egruiz@ual.es\">egruiz@ual.es<\/a><\/p>\n<p><strong>Tel\u00e9fono:\u00a0<\/strong>950 015 455<\/p>\n<p><strong>Direcci\u00f3n de contacto:<\/strong>\u00a0Edificio Departamental de Ciencias Jur\u00eddicas (Edif. D),\u00a0Planta\u00a02, Despacho\u00a0190<\/p>\n<p><a href=\"http:\/\/dialnet.unirioja.es\/servlet\/autor?codigo=1082571\">Curr\u00edculum<\/a><\/p>\n","protected":false},"excerpt":{"rendered":"<p>Departamento: Derecho \u00c1rea:\u00a0Derecho Mercantil Universidad: Almer\u00eda L\u00edneas de Investigaci\u00f3n: Derecho mercantil Grupo de Investigaci\u00f3n: SEJ200 Status: Investigadora adscrita \u00a0Correo Electr\u00f3nico:\u00a0egruiz@ual.es Tel\u00e9fono:\u00a0950 015 455 Direcci\u00f3n de contacto:\u00a0Edificio Departamental de Ciencias Jur\u00eddicas (Edif. D),\u00a0Planta\u00a02, Despacho\u00a0190 Curr\u00edculum<\/p>\n","protected":false},"author":2,"featured_media":0,"parent":34,"menu_order":0,"comment_status":"closed","ping_status":"closed","template":"","meta":{"footnotes":""},"class_list":["post-1349","page","type-page","status-publish","hentry"],"_links":{"self":[{"href":"https:\/\/cemyri.es\/es\/wp-json\/wp\/v2\/pages\/1349","targetHints":{"allow":["GET"]}}],"collection":[{"href":"https:\/\/cemyri.es\/es\/wp-json\/wp\/v2\/pages"}],"about":[{"href":"https:\/\/cemyri.es\/es\/wp-json\/wp\/v2\/types\/page"}],"author":[{"embeddable":true,"href":"https:\/\/cemyri.es\/es\/wp-json\/wp\/v2\/users\/2"}],"replies":[{"embeddable":true,"href":"https:\/\/cemyri.es\/es\/wp-json\/wp\/v2\/comments?post=1349"}],"version-history":[{"count":1,"href":"https:\/\/cemyri.es\/es\/wp-json\/wp\/v2\/pages\/1349\/revisions"}],"predecessor-version":[{"id":25191,"href":"https:\/\/cemyri.es\/es\/wp-json\/wp\/v2\/pages\/1349\/revisions\/25191"}],"up":[{"embeddable":true,"href":"https:\/\/cemyri.es\/es\/wp-json\/wp\/v2\/pages\/34"}],"wp:attachment":[{"href":"https:\/\/cemyri.es\/es\/wp-json\/wp\/v2\/media?parent=1349"}],"curies":[{"name":"wp","href":"https:\/\/api.w.org\/{rel}","templated":true}]}}