{"id":1357,"date":"2013-11-05T12:12:39","date_gmt":"2013-11-05T10:12:39","guid":{"rendered":"http:\/\/www.cemyri.es\/?page_id=1357"},"modified":"2023-07-25T18:20:10","modified_gmt":"2023-07-25T18:20:10","slug":"maria-isabel-gutierrez-izquierdo","status":"publish","type":"page","link":"https:\/\/cemyri.es\/es\/doctores-colaboradores\/maria-isabel-gutierrez-izquierdo\/","title":{"rendered":"Mar\u00eda Isabel Guti\u00e9rrez Izquierdo"},"content":{"rendered":"<p><strong>Departamento:<\/strong> Enfermer\u00eda, fisioterapia y medicina<\/p>\n<p><strong>\u00c1rea:<\/strong> Enfermer\u00eda<\/p>\n<p><strong>Universidad:<\/strong> Almer\u00eda<\/p>\n<p><strong>L\u00edneas de Investigaci\u00f3n:<\/strong> Inmigraci\u00f3n y salud<\/p>\n<p><strong>Grupo de Investigaci\u00f3n:<\/strong> <a href=\"http:\/\/www.lasc.es\/\" target=\"_blank\" rel=\"noopener\">HUM-472<\/a><\/p>\n<p><strong>Status:<\/strong>\u00a0Doctor Colaborador<\/p>\n<p><strong>\u00a0Correo Electr\u00f3nico:<\/strong>\u00a0<a href=\"mailto:igizqui@ual.es\">igizqui@ual.es<\/a><\/p>\n<p><strong>Tel\u00e9fono:<\/strong>\u00a0950 214 578<\/p>\n<p><strong>Direcci\u00f3n de contacto:<\/strong>\u00a0Edificio de Ciencias de la Salud\u00a0Planta\u00a02, Despacho\u00a017<\/p>\n<p><strong><a href=\"http:\/\/orcid.org\/0000-0001-6947-0252\">Curr\u00edculum<\/a><\/strong><\/p>\n","protected":false},"excerpt":{"rendered":"<p>Departamento: Enfermer\u00eda, fisioterapia y medicina \u00c1rea: Enfermer\u00eda Universidad: Almer\u00eda L\u00edneas de Investigaci\u00f3n: Inmigraci\u00f3n y salud Grupo de Investigaci\u00f3n: HUM-472 Status:\u00a0Doctor Colaborador \u00a0Correo Electr\u00f3nico:\u00a0igizqui@ual.es Tel\u00e9fono:\u00a0950 214 578 Direcci\u00f3n de contacto:\u00a0Edificio de Ciencias de la Salud\u00a0Planta\u00a02, Despacho\u00a017 Curr\u00edculum<\/p>\n","protected":false},"author":2,"featured_media":25343,"parent":34,"menu_order":0,"comment_status":"closed","ping_status":"closed","template":"","meta":{"footnotes":""},"class_list":["post-1357","page","type-page","status-publish","has-post-thumbnail","hentry"],"_links":{"self":[{"href":"https:\/\/cemyri.es\/es\/wp-json\/wp\/v2\/pages\/1357","targetHints":{"allow":["GET"]}}],"collection":[{"href":"https:\/\/cemyri.es\/es\/wp-json\/wp\/v2\/pages"}],"about":[{"href":"https:\/\/cemyri.es\/es\/wp-json\/wp\/v2\/types\/page"}],"author":[{"embeddable":true,"href":"https:\/\/cemyri.es\/es\/wp-json\/wp\/v2\/users\/2"}],"replies":[{"embeddable":true,"href":"https:\/\/cemyri.es\/es\/wp-json\/wp\/v2\/comments?post=1357"}],"version-history":[{"count":6,"href":"https:\/\/cemyri.es\/es\/wp-json\/wp\/v2\/pages\/1357\/revisions"}],"predecessor-version":[{"id":27793,"href":"https:\/\/cemyri.es\/es\/wp-json\/wp\/v2\/pages\/1357\/revisions\/27793"}],"up":[{"embeddable":true,"href":"https:\/\/cemyri.es\/es\/wp-json\/wp\/v2\/pages\/34"}],"wp:featuredmedia":[{"embeddable":true,"href":"https:\/\/cemyri.es\/es\/wp-json\/wp\/v2\/media\/25343"}],"wp:attachment":[{"href":"https:\/\/cemyri.es\/es\/wp-json\/wp\/v2\/media?parent=1357"}],"curies":[{"name":"wp","href":"https:\/\/api.w.org\/{rel}","templated":true}]}}