{"id":1361,"date":"2013-11-05T12:29:36","date_gmt":"2013-11-05T10:29:36","guid":{"rendered":"http:\/\/www.cemyri.es\/?page_id=1361"},"modified":"2016-10-18T08:37:08","modified_gmt":"2016-10-18T08:37:08","slug":"gonzalo-vicente-herranz-de-rafael","status":"publish","type":"page","link":"https:\/\/cemyri.es\/es\/doctores-colaboradores\/gonzalo-vicente-herranz-de-rafael\/","title":{"rendered":"Gonzalo Vicente Herranz De Rafael"},"content":{"rendered":"<p><strong>Departamento:<\/strong>\u00a0Geograf\u00eda, Historia y Humanidades<\/p>\n<p><strong>\u00c1rea:<\/strong> Sociolog\u00eda<\/p>\n<p><strong>Universidad:<\/strong> Almer\u00eda<\/p>\n<p><strong>L\u00edneas de Investigaci\u00f3n:<\/strong> G\u00e9nero y racismo<\/p>\n<p><strong>Grupo de Investigaci\u00f3n:<\/strong> <a href=\"http:\/\/cvirtual.ual.es\/webual\/jsp\/investigacion\/nuevo\/pInicio.jsp?id_grupo=SEJ419\">SEJ419<\/a><a href=\"http:\/\/www.lasc.es\/\" target=\"_blank\"><br \/>\n<\/a><\/p>\n<p><strong>Status:<\/strong>\u00a0Doctor Colaborador<\/p>\n<p><strong>Correo Electr\u00f3nico:<\/strong>\u00a0<a href=\"mailto:gherranz@ual.es\">gherranz@ual.es<\/a><\/p>\n<p><strong>Tel\u00e9fono:<\/strong>\u00a0950 015 237<\/p>\n<p><strong>Direcci\u00f3n de contacto:<\/strong>\u00a0Edificio Departamental de Humanidades y Ciencias de la Educaci\u00f3n II (Edif. C),\u00a0Planta\u00a02, Despacho\u00a063<\/p>\n<p><a href=\"http:\/\/issuu.com\/cemyri\/docs\/cv_gonzalo_herranz_b79bb3856d87da\">Curr\u00edculum<\/a><\/p>\n","protected":false},"excerpt":{"rendered":"<p>Departamento:\u00a0Geograf\u00eda, Historia y Humanidades \u00c1rea: Sociolog\u00eda Universidad: Almer\u00eda L\u00edneas de Investigaci\u00f3n: G\u00e9nero y racismo Grupo de Investigaci\u00f3n: SEJ419 Status:\u00a0Doctor Colaborador Correo Electr\u00f3nico:\u00a0gherranz@ual.es Tel\u00e9fono:\u00a0950 015 237 Direcci\u00f3n de contacto:\u00a0Edificio Departamental de Humanidades y Ciencias de la Educaci\u00f3n II (Edif. C),\u00a0Planta\u00a02, Despacho\u00a063 Curr\u00edculum<\/p>\n","protected":false},"author":2,"featured_media":0,"parent":34,"menu_order":0,"comment_status":"closed","ping_status":"closed","template":"","meta":{"footnotes":""},"class_list":["post-1361","page","type-page","status-publish","hentry"],"_links":{"self":[{"href":"https:\/\/cemyri.es\/es\/wp-json\/wp\/v2\/pages\/1361","targetHints":{"allow":["GET"]}}],"collection":[{"href":"https:\/\/cemyri.es\/es\/wp-json\/wp\/v2\/pages"}],"about":[{"href":"https:\/\/cemyri.es\/es\/wp-json\/wp\/v2\/types\/page"}],"author":[{"embeddable":true,"href":"https:\/\/cemyri.es\/es\/wp-json\/wp\/v2\/users\/2"}],"replies":[{"embeddable":true,"href":"https:\/\/cemyri.es\/es\/wp-json\/wp\/v2\/comments?post=1361"}],"version-history":[{"count":2,"href":"https:\/\/cemyri.es\/es\/wp-json\/wp\/v2\/pages\/1361\/revisions"}],"predecessor-version":[{"id":25782,"href":"https:\/\/cemyri.es\/es\/wp-json\/wp\/v2\/pages\/1361\/revisions\/25782"}],"up":[{"embeddable":true,"href":"https:\/\/cemyri.es\/es\/wp-json\/wp\/v2\/pages\/34"}],"wp:attachment":[{"href":"https:\/\/cemyri.es\/es\/wp-json\/wp\/v2\/media?parent=1361"}],"curies":[{"name":"wp","href":"https:\/\/api.w.org\/{rel}","templated":true}]}}