{"id":1364,"date":"2013-11-05T12:39:47","date_gmt":"2013-11-05T10:39:47","guid":{"rendered":"http:\/\/www.cemyri.es\/?page_id=1364"},"modified":"2016-10-10T10:29:07","modified_gmt":"2016-10-10T10:29:07","slug":"manuel-jaen-garcia","status":"publish","type":"page","link":"https:\/\/cemyri.es\/es\/doctores-colaboradores\/manuel-jaen-garcia\/","title":{"rendered":"Manuel Ja\u00e9n Garc\u00eda"},"content":{"rendered":"<p><strong>Departamento:<\/strong>\u00a0Econom\u00eda y Empresa<\/p>\n<p><strong>\u00c1rea:<\/strong>\u00a0Econom\u00eda Aplicada<\/p>\n<p><strong>Universidad:<\/strong> Almer\u00eda<\/p>\n<p><strong>L\u00edneas de Investigaci\u00f3n:<\/strong>\u00a0Aspectos fiscales de la inmigraci\u00f3n, vivienda y empresas p\u00fablicas<\/p>\n<p><strong>Grupo de Investigaci\u00f3n:<\/strong> <a href=\"http:\/\/cvirtual.ual.es\/webual\/jsp\/investigacion\/nuevo\/pInicio.jsp?id_grupo=SEJ434\">SEJ434<\/a><a href=\"http:\/\/www.lasc.es\/\" target=\"_blank\"><br \/>\n<\/a><\/p>\n<p><strong>Status:<\/strong>\u00a0Investigador adscrito<\/p>\n<p><strong>\u00a0Correo Electr\u00f3nico:<\/strong>\u00a0mjaen@ual.es<\/p>\n<p><strong>Tel\u00e9fono:<\/strong>\u00a0950 015 197<\/p>\n<p><strong>Direcci\u00f3n de contacto:\u00a0<\/strong>Edificio Departamental de Ciencias Econ\u00f3micas y Empresariales (Edif. B),\u00a0Planta\u00a01, Despacho\u00a022<\/p>\n<p><a href=\"http:\/\/dialnet.unirioja.es\/servlet\/autor?codigo=91618\">Curr\u00edculum<\/a><\/p>\n","protected":false},"excerpt":{"rendered":"<p>Departamento:\u00a0Econom\u00eda y Empresa \u00c1rea:\u00a0Econom\u00eda Aplicada Universidad: Almer\u00eda L\u00edneas de Investigaci\u00f3n:\u00a0Aspectos fiscales de la inmigraci\u00f3n, vivienda y empresas p\u00fablicas Grupo de Investigaci\u00f3n: SEJ434 Status:\u00a0Investigador adscrito \u00a0Correo Electr\u00f3nico:\u00a0mjaen@ual.es Tel\u00e9fono:\u00a0950 015 197 Direcci\u00f3n de contacto:\u00a0Edificio Departamental de Ciencias Econ\u00f3micas y Empresariales (Edif. B),\u00a0Planta\u00a01, Despacho\u00a022 Curr\u00edculum<\/p>\n","protected":false},"author":2,"featured_media":0,"parent":34,"menu_order":0,"comment_status":"closed","ping_status":"closed","template":"","meta":{"footnotes":""},"class_list":["post-1364","page","type-page","status-publish","hentry"],"_links":{"self":[{"href":"https:\/\/cemyri.es\/es\/wp-json\/wp\/v2\/pages\/1364","targetHints":{"allow":["GET"]}}],"collection":[{"href":"https:\/\/cemyri.es\/es\/wp-json\/wp\/v2\/pages"}],"about":[{"href":"https:\/\/cemyri.es\/es\/wp-json\/wp\/v2\/types\/page"}],"author":[{"embeddable":true,"href":"https:\/\/cemyri.es\/es\/wp-json\/wp\/v2\/users\/2"}],"replies":[{"embeddable":true,"href":"https:\/\/cemyri.es\/es\/wp-json\/wp\/v2\/comments?post=1364"}],"version-history":[{"count":1,"href":"https:\/\/cemyri.es\/es\/wp-json\/wp\/v2\/pages\/1364\/revisions"}],"predecessor-version":[{"id":25224,"href":"https:\/\/cemyri.es\/es\/wp-json\/wp\/v2\/pages\/1364\/revisions\/25224"}],"up":[{"embeddable":true,"href":"https:\/\/cemyri.es\/es\/wp-json\/wp\/v2\/pages\/34"}],"wp:attachment":[{"href":"https:\/\/cemyri.es\/es\/wp-json\/wp\/v2\/media?parent=1364"}],"curies":[{"name":"wp","href":"https:\/\/api.w.org\/{rel}","templated":true}]}}