{"id":1368,"date":"2013-11-05T15:10:57","date_gmt":"2013-11-05T13:10:57","guid":{"rendered":"http:\/\/www.cemyri.es\/?page_id=1368"},"modified":"2023-07-25T18:20:48","modified_gmt":"2023-07-25T18:20:48","slug":"yolanda-basilisa-jover-silvestre","status":"publish","type":"page","link":"https:\/\/cemyri.es\/es\/doctores-colaboradores\/yolanda-basilisa-jover-silvestre\/","title":{"rendered":"Yolanda Basilisa Jover Silvestre"},"content":{"rendered":"<p><strong>Departamento:<\/strong> Filolog\u00eda<\/p>\n<p><strong>Facultad:<\/strong> Filolog\u00eda francesa<\/p>\n<p><strong>Universidad:<\/strong> Almer\u00eda<\/p>\n<p><strong>L\u00edneas de Investigaci\u00f3n:<\/strong>\u00a0Literatura femenina en el Magreb<\/p>\n<p><strong>Grupo de Investigaci\u00f3n:<\/strong> <a href=\"http:\/\/www.lasc.es\/\" target=\"_blank\" rel=\"noopener\">HUM-472<\/a><\/p>\n<p><strong>Status:<\/strong> Investigadora adscrita<\/p>\n<p><strong>\u00a0Correo Electr\u00f3nico:<\/strong>\u00a0<a href=\"mailto:yjover@ual.es\">yjover@ual.es<\/a><\/p>\n<p><strong>Tel\u00e9fono:<\/strong>\u00a0950 015 589<\/p>\n<p><strong>Direcci\u00f3n de contacto:<\/strong>\u00a0Edificio Departamental de Humanidades y Ciencias de la Educaci\u00f3n II (Edif. C),\u00a0Planta\u00a02, Despacho\u00a069<\/p>\n<p><a href=\"http:\/\/issuu.com\/cemyri\/docs\/cv_yolanda_jover_c3c2809cfe37d7\">Curr\u00edculum<\/a><\/p>\n","protected":false},"excerpt":{"rendered":"<p>Departamento: Filolog\u00eda Facultad: Filolog\u00eda francesa Universidad: Almer\u00eda L\u00edneas de Investigaci\u00f3n:\u00a0Literatura femenina en el Magreb Grupo de Investigaci\u00f3n: HUM-472 Status: Investigadora adscrita \u00a0Correo Electr\u00f3nico:\u00a0yjover@ual.es Tel\u00e9fono:\u00a0950 015 589 Direcci\u00f3n de contacto:\u00a0Edificio Departamental de Humanidades y Ciencias de la Educaci\u00f3n II (Edif. C),\u00a0Planta\u00a02, Despacho\u00a069 Curr\u00edculum<\/p>\n","protected":false},"author":2,"featured_media":25344,"parent":34,"menu_order":0,"comment_status":"closed","ping_status":"closed","template":"","meta":{"footnotes":""},"class_list":["post-1368","page","type-page","status-publish","has-post-thumbnail","hentry"],"_links":{"self":[{"href":"https:\/\/cemyri.es\/es\/wp-json\/wp\/v2\/pages\/1368","targetHints":{"allow":["GET"]}}],"collection":[{"href":"https:\/\/cemyri.es\/es\/wp-json\/wp\/v2\/pages"}],"about":[{"href":"https:\/\/cemyri.es\/es\/wp-json\/wp\/v2\/types\/page"}],"author":[{"embeddable":true,"href":"https:\/\/cemyri.es\/es\/wp-json\/wp\/v2\/users\/2"}],"replies":[{"embeddable":true,"href":"https:\/\/cemyri.es\/es\/wp-json\/wp\/v2\/comments?post=1368"}],"version-history":[{"count":3,"href":"https:\/\/cemyri.es\/es\/wp-json\/wp\/v2\/pages\/1368\/revisions"}],"predecessor-version":[{"id":27795,"href":"https:\/\/cemyri.es\/es\/wp-json\/wp\/v2\/pages\/1368\/revisions\/27795"}],"up":[{"embeddable":true,"href":"https:\/\/cemyri.es\/es\/wp-json\/wp\/v2\/pages\/34"}],"wp:featuredmedia":[{"embeddable":true,"href":"https:\/\/cemyri.es\/es\/wp-json\/wp\/v2\/media\/25344"}],"wp:attachment":[{"href":"https:\/\/cemyri.es\/es\/wp-json\/wp\/v2\/media?parent=1368"}],"curies":[{"name":"wp","href":"https:\/\/api.w.org\/{rel}","templated":true}]}}