{"id":1372,"date":"2013-11-05T15:46:07","date_gmt":"2013-11-05T13:46:07","guid":{"rendered":"http:\/\/www.cemyri.es\/?page_id=1372"},"modified":"2023-07-25T18:20:52","modified_gmt":"2023-07-25T18:20:52","slug":"maria-victoria-mateo-garcia","status":"publish","type":"page","link":"https:\/\/cemyri.es\/es\/doctores-colaboradores\/maria-victoria-mateo-garcia\/","title":{"rendered":"Mar\u00eda Victoria Mateo Garc\u00eda"},"content":{"rendered":"<p><strong>Departamento:<\/strong> Filolog\u00eda<\/p>\n<p><strong>Facultad:<\/strong> Ling\u00fc\u00edstica general<\/p>\n<p><strong>Universidad:<\/strong> Almer\u00eda<\/p>\n<p><strong>L\u00edneas de Investigaci\u00f3n:<\/strong> Socioling\u00fc\u00edstica<\/p>\n<p><strong>Grupo de Investigaci\u00f3n:<\/strong> <a href=\"http:\/\/cvirtual.ual.es\/webual\/jsp\/investigacion\/nuevo\/pInicio.jsp?id_grupo=HUM194\">HUM194<\/a><a href=\"http:\/\/www.lasc.es\/\" target=\"_blank\" rel=\"noopener\"><br \/>\n<\/a><\/p>\n<p><strong>Status:<\/strong> Investigadora adscrita<\/p>\n<p><strong>\u00a0Correo Electr\u00f3nico:<\/strong>\u00a0<a href=\"mailto:mmateo@ual.es\">mmateo@ual.es<\/a><\/p>\n<p><strong>Tel\u00e9fono:<\/strong>\u00a0950 015 259<\/p>\n<p><strong>Direcci\u00f3n de contacto:<\/strong>\u00a0Edificio Departamental de Humanidades y Ciencias de la Educaci\u00f3n II (Edif. C),\u00a0Planta\u00a02, Despacho\u00a024<\/p>\n<p><a href=\"http:\/\/issuu.com\/cemyri\/docs\/cv_victoria_mateo_f5b65330a41d72\">Curr\u00edculum<\/a><\/p>\n","protected":false},"excerpt":{"rendered":"<p>Departamento: Filolog\u00eda Facultad: Ling\u00fc\u00edstica general Universidad: Almer\u00eda L\u00edneas de Investigaci\u00f3n: Socioling\u00fc\u00edstica Grupo de Investigaci\u00f3n: HUM194 Status: Investigadora adscrita \u00a0Correo Electr\u00f3nico:\u00a0mmateo@ual.es Tel\u00e9fono:\u00a0950 015 259 Direcci\u00f3n de contacto:\u00a0Edificio Departamental de Humanidades y Ciencias de la Educaci\u00f3n II (Edif. C),\u00a0Planta\u00a02, Despacho\u00a024 Curr\u00edculum<\/p>\n","protected":false},"author":2,"featured_media":25345,"parent":34,"menu_order":0,"comment_status":"closed","ping_status":"closed","template":"","meta":{"footnotes":""},"class_list":["post-1372","page","type-page","status-publish","has-post-thumbnail","hentry"],"_links":{"self":[{"href":"https:\/\/cemyri.es\/es\/wp-json\/wp\/v2\/pages\/1372","targetHints":{"allow":["GET"]}}],"collection":[{"href":"https:\/\/cemyri.es\/es\/wp-json\/wp\/v2\/pages"}],"about":[{"href":"https:\/\/cemyri.es\/es\/wp-json\/wp\/v2\/types\/page"}],"author":[{"embeddable":true,"href":"https:\/\/cemyri.es\/es\/wp-json\/wp\/v2\/users\/2"}],"replies":[{"embeddable":true,"href":"https:\/\/cemyri.es\/es\/wp-json\/wp\/v2\/comments?post=1372"}],"version-history":[{"count":4,"href":"https:\/\/cemyri.es\/es\/wp-json\/wp\/v2\/pages\/1372\/revisions"}],"predecessor-version":[{"id":27796,"href":"https:\/\/cemyri.es\/es\/wp-json\/wp\/v2\/pages\/1372\/revisions\/27796"}],"up":[{"embeddable":true,"href":"https:\/\/cemyri.es\/es\/wp-json\/wp\/v2\/pages\/34"}],"wp:featuredmedia":[{"embeddable":true,"href":"https:\/\/cemyri.es\/es\/wp-json\/wp\/v2\/media\/25345"}],"wp:attachment":[{"href":"https:\/\/cemyri.es\/es\/wp-json\/wp\/v2\/media?parent=1372"}],"curies":[{"name":"wp","href":"https:\/\/api.w.org\/{rel}","templated":true}]}}