{"id":1376,"date":"2013-11-05T19:06:56","date_gmt":"2013-11-05T17:06:56","guid":{"rendered":"http:\/\/www.cemyri.es\/?page_id=1376"},"modified":"2023-07-25T18:24:52","modified_gmt":"2023-07-25T18:24:52","slug":"maria-soledad-navas-luque","status":"publish","type":"page","link":"https:\/\/cemyri.es\/es\/investigadores-adscritos-titulares\/maria-soledad-navas-luque\/","title":{"rendered":"Mar\u00eda Soledad Navas Luque"},"content":{"rendered":"<p><strong>Departamento:<\/strong> Psicolog\u00eda<\/p>\n<p><strong>Facultad:<\/strong> Psicolog\u00eda Social<\/p>\n<p><strong>Universidad:<\/strong> Almer\u00eda<\/p>\n<p><strong>L\u00edneas de Investigaci\u00f3n:<\/strong> Relaciones integrupales, prejuicio y aculturaci\u00f3n<\/p>\n<p><strong>Grupo de Investigaci\u00f3n:<\/strong> <a href=\"http:\/\/cvirtual.ual.es\/webual\/jsp\/investigacion\/nuevo\/pInicio.jsp?id_grupo=HUM743\">HUM743<\/a><a href=\"http:\/\/www.lasc.es\/\" target=\"_blank\" rel=\"noopener\"><br \/>\n<\/a><\/p>\n<p><strong>Status:<\/strong> Investigadora adscrita<\/p>\n<p><strong>\u00a0Correo Electr\u00f3nico:<\/strong>\u00a0<a href=\"mailto:msnavas@ual.es\">msnavas@ual.es<\/a><\/p>\n<p><strong>Tel\u00e9fono:<\/strong>\u00a0950 015 015<\/p>\n<p><strong>Direcci\u00f3n de contacto:<\/strong>\u00a0Edificio Departamental de Humanidades y Ciencias de la Educaci\u00f3n II (Edif. C),\u00a0Planta\u00a02, Despacho\u00a0229<\/p>\n<p><strong><a href=\"https:\/\/www.researchgate.net\/profile\/Marisol_Navas\">Curr\u00edculum<\/a><\/strong><\/p>\n<p><a href=\"https:\/\/www.researchgate.net\/profile\/Marisol_Navas\"><strong>Research Gate<\/strong><\/a><\/p>\n","protected":false},"excerpt":{"rendered":"<p>Departamento: Psicolog\u00eda Facultad: Psicolog\u00eda Social Universidad: Almer\u00eda L\u00edneas de Investigaci\u00f3n: Relaciones integrupales, prejuicio y aculturaci\u00f3n Grupo de Investigaci\u00f3n: HUM743 Status: Investigadora adscrita \u00a0Correo Electr\u00f3nico:\u00a0msnavas@ual.es Tel\u00e9fono:\u00a0950 015 015 Direcci\u00f3n de contacto:\u00a0Edificio Departamental de Humanidades y Ciencias de la Educaci\u00f3n II (Edif. C),\u00a0Planta\u00a02, Despacho\u00a0229 Curr\u00edculum Research Gate<\/p>\n","protected":false},"author":2,"featured_media":25346,"parent":33,"menu_order":0,"comment_status":"closed","ping_status":"closed","template":"","meta":{"footnotes":""},"class_list":["post-1376","page","type-page","status-publish","has-post-thumbnail","hentry"],"_links":{"self":[{"href":"https:\/\/cemyri.es\/es\/wp-json\/wp\/v2\/pages\/1376","targetHints":{"allow":["GET"]}}],"collection":[{"href":"https:\/\/cemyri.es\/es\/wp-json\/wp\/v2\/pages"}],"about":[{"href":"https:\/\/cemyri.es\/es\/wp-json\/wp\/v2\/types\/page"}],"author":[{"embeddable":true,"href":"https:\/\/cemyri.es\/es\/wp-json\/wp\/v2\/users\/2"}],"replies":[{"embeddable":true,"href":"https:\/\/cemyri.es\/es\/wp-json\/wp\/v2\/comments?post=1376"}],"version-history":[{"count":7,"href":"https:\/\/cemyri.es\/es\/wp-json\/wp\/v2\/pages\/1376\/revisions"}],"predecessor-version":[{"id":27811,"href":"https:\/\/cemyri.es\/es\/wp-json\/wp\/v2\/pages\/1376\/revisions\/27811"}],"up":[{"embeddable":true,"href":"https:\/\/cemyri.es\/es\/wp-json\/wp\/v2\/pages\/33"}],"wp:featuredmedia":[{"embeddable":true,"href":"https:\/\/cemyri.es\/es\/wp-json\/wp\/v2\/media\/25346"}],"wp:attachment":[{"href":"https:\/\/cemyri.es\/es\/wp-json\/wp\/v2\/media?parent=1376"}],"curies":[{"name":"wp","href":"https:\/\/api.w.org\/{rel}","templated":true}]}}