{"id":1384,"date":"2013-11-05T19:28:04","date_gmt":"2013-11-05T17:28:04","guid":{"rendered":"http:\/\/www.cemyri.es\/?page_id=1384"},"modified":"2016-10-10T10:33:05","modified_gmt":"2016-10-10T10:33:05","slug":"nobel-augusto-perdu-honeyman","status":"publish","type":"page","link":"https:\/\/cemyri.es\/es\/doctores-colaboradores\/nobel-augusto-perdu-honeyman\/","title":{"rendered":"Nobel Augusto Perdu Honeyman"},"content":{"rendered":"<p><strong>Departamento:<\/strong> Filolog\u00eda<\/p>\n<p><strong>\u00c1rea:<\/strong> Filolog\u00eda inglesa<\/p>\n<p><strong>Universidad:<\/strong> Almer\u00eda<\/p>\n<p><strong>L\u00edneas de Investigaci\u00f3n:<\/strong> Traducci\u00f3n inglesa<\/p>\n<p><strong>Grupo de Investigaci\u00f3n:<\/strong> <a href=\"http:\/\/cvirtual.ual.es\/webual\/jsp\/investigacion\/nuevo\/pInicio.jsp?id_grupo=HUM194\">HUM194<\/a><a href=\"http:\/\/www.lasc.es\/\" target=\"_blank\"><br \/>\n<\/a><\/p>\n<p><strong>Status:<\/strong> Investigador adscrito<\/p>\n<p><strong>\u00a0Correo Electr\u00f3nico:<\/strong> <a href=\"mailto:nperdu@ual.es\">nperdu@ual.es<\/a><a href=\"mailto: eacien@ual.es\"><br \/>\n<\/a><\/p>\n<p><strong>Tel\u00e9fono:<\/strong>\u00a0950 214 282<\/p>\n<p><strong>Direcci\u00f3n de contacto:\u00a0<\/strong>Edificio Departamental de Humanidades y Ciencias de la Educaci\u00f3n II (Edif. C),\u00a0Planta\u00a02, Despacho\u00a074<\/p>\n<p><a href=\"http:\/\/www.ual.es\/~nperdu\">Curr\u00edculum<\/a><\/p>\n","protected":false},"excerpt":{"rendered":"<p>Departamento: Filolog\u00eda \u00c1rea: Filolog\u00eda inglesa Universidad: Almer\u00eda L\u00edneas de Investigaci\u00f3n: Traducci\u00f3n inglesa Grupo de Investigaci\u00f3n: HUM194 Status: Investigador adscrito \u00a0Correo Electr\u00f3nico: nperdu@ual.es Tel\u00e9fono:\u00a0950 214 282 Direcci\u00f3n de contacto:\u00a0Edificio Departamental de Humanidades y Ciencias de la Educaci\u00f3n II (Edif. C),\u00a0Planta\u00a02, Despacho\u00a074 Curr\u00edculum<\/p>\n","protected":false},"author":2,"featured_media":0,"parent":34,"menu_order":0,"comment_status":"closed","ping_status":"closed","template":"","meta":{"footnotes":""},"class_list":["post-1384","page","type-page","status-publish","hentry"],"_links":{"self":[{"href":"https:\/\/cemyri.es\/es\/wp-json\/wp\/v2\/pages\/1384","targetHints":{"allow":["GET"]}}],"collection":[{"href":"https:\/\/cemyri.es\/es\/wp-json\/wp\/v2\/pages"}],"about":[{"href":"https:\/\/cemyri.es\/es\/wp-json\/wp\/v2\/types\/page"}],"author":[{"embeddable":true,"href":"https:\/\/cemyri.es\/es\/wp-json\/wp\/v2\/users\/2"}],"replies":[{"embeddable":true,"href":"https:\/\/cemyri.es\/es\/wp-json\/wp\/v2\/comments?post=1384"}],"version-history":[{"count":1,"href":"https:\/\/cemyri.es\/es\/wp-json\/wp\/v2\/pages\/1384\/revisions"}],"predecessor-version":[{"id":25230,"href":"https:\/\/cemyri.es\/es\/wp-json\/wp\/v2\/pages\/1384\/revisions\/25230"}],"up":[{"embeddable":true,"href":"https:\/\/cemyri.es\/es\/wp-json\/wp\/v2\/pages\/34"}],"wp:attachment":[{"href":"https:\/\/cemyri.es\/es\/wp-json\/wp\/v2\/media?parent=1384"}],"curies":[{"name":"wp","href":"https:\/\/api.w.org\/{rel}","templated":true}]}}