{"id":1392,"date":"2013-11-06T15:09:00","date_gmt":"2013-11-06T13:09:00","guid":{"rendered":"http:\/\/www.cemyri.es\/?page_id=1392"},"modified":"2023-07-25T18:26:20","modified_gmt":"2023-07-25T18:26:20","slug":"1392-2","status":"publish","type":"page","link":"https:\/\/cemyri.es\/es\/investigadores-adscritos-titulares\/1392-2\/","title":{"rendered":"Pablo Pumares Fern\u00e1ndez"},"content":{"rendered":"<p><strong>Departamento:<\/strong>\u00a0Geograf\u00eda, Historia y Humanidades<\/p>\n<p><strong>Facultad:<\/strong>\u00a0Geograf\u00eda Humana<\/p>\n<p><strong>Universidad:<\/strong> Almer\u00eda<\/p>\n<p><strong>L\u00edneas de Investigaci\u00f3n:<\/strong>\u00a0Historia, Geograf\u00eda e Historia del Arte<\/p>\n<p><strong>Grupo de Investigaci\u00f3n:<\/strong>\u00a0<a href=\"http:\/\/cvirtual.ual.es\/webual\/jsp\/investigacion\/nuevo\/pInicio.jsp?id_grupo=HUM635\">HUM635<\/a><\/p>\n<p><strong>Status:<\/strong> Investigador Adscrito<\/p>\n<p><strong>Director<\/strong><\/p>\n<p><strong>\u00a0Correo Electr\u00f3nico:<\/strong>\u00a0<a href=\"mailto:ppumares@ual.es\">ppumares@ual.es<\/a><\/p>\n<p><strong>Tel\u00e9fono:\u00a0<\/strong>950 015 421<\/p>\n<p><strong>Direcci\u00f3n de contacto:<\/strong>\u00a0Edificio Departamental de Humanidades y Ciencias de la Educaci\u00f3n II (Edif. C),\u00a0Planta\u00a02, Despacho\u00a036<\/p>\n<p><strong><a href=\"https:\/\/www.researchgate.net\/profile\/Pablo_Pumares\">Curr\u00edculum<\/a><\/strong><\/p>\n","protected":false},"excerpt":{"rendered":"<p>Departamento:\u00a0Geograf\u00eda, Historia y Humanidades Facultad:\u00a0Geograf\u00eda Humana Universidad: Almer\u00eda L\u00edneas de Investigaci\u00f3n:\u00a0Historia, Geograf\u00eda e Historia del Arte Grupo de Investigaci\u00f3n:\u00a0HUM635 Status: Investigador Adscrito Director \u00a0Correo Electr\u00f3nico:\u00a0ppumares@ual.es Tel\u00e9fono:\u00a0950 015 421 Direcci\u00f3n de contacto:\u00a0Edificio Departamental de Humanidades y Ciencias de la Educaci\u00f3n II (Edif. C),\u00a0Planta\u00a02, Despacho\u00a036 Curr\u00edculum<\/p>\n","protected":false},"author":2,"featured_media":25349,"parent":33,"menu_order":0,"comment_status":"closed","ping_status":"closed","template":"","meta":{"footnotes":""},"class_list":["post-1392","page","type-page","status-publish","has-post-thumbnail","hentry"],"_links":{"self":[{"href":"https:\/\/cemyri.es\/es\/wp-json\/wp\/v2\/pages\/1392","targetHints":{"allow":["GET"]}}],"collection":[{"href":"https:\/\/cemyri.es\/es\/wp-json\/wp\/v2\/pages"}],"about":[{"href":"https:\/\/cemyri.es\/es\/wp-json\/wp\/v2\/types\/page"}],"author":[{"embeddable":true,"href":"https:\/\/cemyri.es\/es\/wp-json\/wp\/v2\/users\/2"}],"replies":[{"embeddable":true,"href":"https:\/\/cemyri.es\/es\/wp-json\/wp\/v2\/comments?post=1392"}],"version-history":[{"count":4,"href":"https:\/\/cemyri.es\/es\/wp-json\/wp\/v2\/pages\/1392\/revisions"}],"predecessor-version":[{"id":27814,"href":"https:\/\/cemyri.es\/es\/wp-json\/wp\/v2\/pages\/1392\/revisions\/27814"}],"up":[{"embeddable":true,"href":"https:\/\/cemyri.es\/es\/wp-json\/wp\/v2\/pages\/33"}],"wp:featuredmedia":[{"embeddable":true,"href":"https:\/\/cemyri.es\/es\/wp-json\/wp\/v2\/media\/25349"}],"wp:attachment":[{"href":"https:\/\/cemyri.es\/es\/wp-json\/wp\/v2\/media?parent=1392"}],"curies":[{"name":"wp","href":"https:\/\/api.w.org\/{rel}","templated":true}]}}