{"id":1397,"date":"2013-11-06T15:22:04","date_gmt":"2013-11-06T13:22:04","guid":{"rendered":"http:\/\/www.cemyri.es\/?page_id=1397"},"modified":"2016-07-06T07:32:47","modified_gmt":"2016-07-06T07:32:47","slug":"pilar-rodriguez-martinez","status":"publish","type":"page","link":"https:\/\/cemyri.es\/es\/investigadores-adscritos-titulares\/pilar-rodriguez-martinez\/","title":{"rendered":"Pilar Rodr\u00edguez Mart\u00ednez"},"content":{"rendered":"<p><strong>Departamento:<\/strong>\u00a0Geograf\u00eda, Historia y Humanidades<\/p>\n<p><strong>\u00c1reas:<\/strong>\u00a0Sociolog\u00eda<\/p>\n<p><strong>Universidad:<\/strong> Almer\u00eda<\/p>\n<p><strong>L\u00edneas de Investigaci\u00f3n:<\/strong>\u00a0Migraciones, G\u00e9nero y Racismo<\/p>\n<p><strong>Grupo de Investigaci\u00f3n:<\/strong> <a href=\"http:\/\/cvirtual.ual.es\/webual\/jsp\/investigacion\/nuevo\/pInicio.jsp?id_grupo=SEJ419\">SEJ419<\/a><a href=\"http:\/\/www.lasc.es\/\" target=\"_blank\"><br \/>\n<\/a><\/p>\n<p><strong>Status:<\/strong> Investigador adscrito<\/p>\n<p><strong>\u00a0Correo Electr\u00f3nico:<\/strong>\u00a0<a href=\"mailto:pilarr@ual.es\">pilarr@ual.es<\/a><\/p>\n<p><strong>Tel\u00e9fono:<\/strong>\u00a0950 015 254<\/p>\n<p><strong>Direcci\u00f3n de contacto:<\/strong>\u00a0Edificio Departamental de Humanidades y Ciencias de la Educaci\u00f3n II (Edif. C),\u00a0Planta\u00a01, Despacho\u00a0302<\/p>\n<p><a href=\"http:\/\/issuu.com\/cemyri\/docs\/vita_2009_pilar_rodrguez\">Curr\u00edculum<\/a><\/p>\n<p>Publicaciones:<\/p>\n<p>1999, <a href=\"http:\/\/issuu.com\/cemyri\/docs\/articulo_sobre_comparacion_espaa_y_peru\">Peruanas y espa\u00f1olas. Una mirada comparativa sobre la ciudadan\u00eda<\/a><\/p>\n<p>2002, <a href=\"http:\/\/issuu.com\/cemyri\/docs\/articulo_en_portularia\">Intervenci\u00f3n social con mujeres inmigrantes: el caso de las mujeres marroqu\u00edes que trabajan en la industria del sexo en Almer\u00eda<\/a><\/p>\n<p>2003, <a href=\"http:\/\/issuu.com\/cemyri\/docs\/articulo_inversiones_en_el_extranjero\">Flujos migratorios e inversi\u00f3n directa en el extranjero: Espa\u00f1a en el proceso de globalizaci\u00f3n2004, Later reflections on critical theory<\/a><\/p>\n<p>2004, <a href=\"http:\/\/issuu.com\/cemyri\/docs\/articulo_awal\">Orden de sexo y g\u00e9nero de coerci\u00f3n versus consentimiento: \u00bfM\u00e1s igualdad real entre hombres y mujeres?<\/a><\/p>\n<p>2005, <a href=\"http:\/\/issuu.com\/cemyri\/docs\/articulo_identificaciones_de_sexo-gnero\">Identificaciones de sexo-g\u00e9nero de mujeres migrantes marroqu\u00edes y brit\u00e1nicas en Almer\u00eda<\/a><\/p>\n<p>2008, <a href=\"http:\/\/issuu.com\/cemyri\/docs\/texto_linea_de_investigacin_feminismos_perifericos\">Feninismos perif\u00e9ricos<\/a><\/p>\n<p>2008, <a href=\"http:\/\/issuu.com\/cemyri\/docs\/articulo_en_praxis_sociologica\">La teor\u00eda fundamentada: un plan metodol\u00f3gico para respetar la naturaleza del mundo emp\u00edrico<\/a><\/p>\n","protected":false},"excerpt":{"rendered":"<p>Departamento:\u00a0Geograf\u00eda, Historia y Humanidades \u00c1reas:\u00a0Sociolog\u00eda Universidad: Almer\u00eda L\u00edneas de Investigaci\u00f3n:\u00a0Migraciones, G\u00e9nero y Racismo Grupo de Investigaci\u00f3n: SEJ419 Status: Investigador adscrito \u00a0Correo Electr\u00f3nico:\u00a0pilarr@ual.es Tel\u00e9fono:\u00a0950 015 254 Direcci\u00f3n de contacto:\u00a0Edificio Departamental de Humanidades y Ciencias de la Educaci\u00f3n II (Edif. C),\u00a0Planta\u00a01, Despacho\u00a0302 Curr\u00edculum Publicaciones: 1999, Peruanas y espa\u00f1olas. Una mirada comparativa sobre la ciudadan\u00eda 2002, Intervenci\u00f3n social&#8230;<\/p>\n","protected":false},"author":2,"featured_media":0,"parent":33,"menu_order":0,"comment_status":"closed","ping_status":"closed","template":"","meta":{"footnotes":""},"class_list":["post-1397","page","type-page","status-publish","hentry"],"_links":{"self":[{"href":"https:\/\/cemyri.es\/es\/wp-json\/wp\/v2\/pages\/1397","targetHints":{"allow":["GET"]}}],"collection":[{"href":"https:\/\/cemyri.es\/es\/wp-json\/wp\/v2\/pages"}],"about":[{"href":"https:\/\/cemyri.es\/es\/wp-json\/wp\/v2\/types\/page"}],"author":[{"embeddable":true,"href":"https:\/\/cemyri.es\/es\/wp-json\/wp\/v2\/users\/2"}],"replies":[{"embeddable":true,"href":"https:\/\/cemyri.es\/es\/wp-json\/wp\/v2\/comments?post=1397"}],"version-history":[{"count":1,"href":"https:\/\/cemyri.es\/es\/wp-json\/wp\/v2\/pages\/1397\/revisions"}],"predecessor-version":[{"id":25241,"href":"https:\/\/cemyri.es\/es\/wp-json\/wp\/v2\/pages\/1397\/revisions\/25241"}],"up":[{"embeddable":true,"href":"https:\/\/cemyri.es\/es\/wp-json\/wp\/v2\/pages\/33"}],"wp:attachment":[{"href":"https:\/\/cemyri.es\/es\/wp-json\/wp\/v2\/media?parent=1397"}],"curies":[{"name":"wp","href":"https:\/\/api.w.org\/{rel}","templated":true}]}}