{"id":1400,"date":"2013-11-06T15:28:38","date_gmt":"2013-11-06T13:28:38","guid":{"rendered":"http:\/\/www.cemyri.es\/?page_id=1400"},"modified":"2023-07-25T18:27:14","modified_gmt":"2023-07-25T18:27:14","slug":"antonio-j-rojas-tejada","status":"publish","type":"page","link":"https:\/\/cemyri.es\/es\/investigadores-adscritos-titulares\/antonio-j-rojas-tejada\/","title":{"rendered":"Antonio J. Rojas Tejada"},"content":{"rendered":"<p><strong>Departamento:<\/strong>\u00a0Metodolog\u00eda de las Ciencias del Comportamiento<\/p>\n<p><strong>Facultad:<\/strong>\u00a0Humanidades y Psicolog\u00eda<\/p>\n<p><strong>Universidad:<\/strong> Almer\u00eda<\/p>\n<p><strong>L\u00edneas de Investigaci\u00f3n:<\/strong>\u00a0Estudios psicosociales y metodol\u00f3gicos<\/p>\n<p><strong>Grupo de Investigaci\u00f3n:<\/strong> <a href=\"http:\/\/cvirtual.ual.es\/webual\/jsp\/investigacion\/nuevo\/pInicio.jsp?id_grupo=HUM743\">HUM743<\/a><a href=\"http:\/\/www.lasc.es\/\" target=\"_blank\" rel=\"noopener\"><br \/>\n<\/a><\/p>\n<p><strong>Status:<\/strong> Investigador adscrito<\/p>\n<p><strong>\u00a0Correo Electr\u00f3nico:<\/strong>\u00a0<a href=\"mailto:arojas@ual.es\">arojas@ual.es<\/a><\/p>\n<p><strong>Tel\u00e9fono:<\/strong>\u00a0950 015 538<\/p>\n<p><strong>Direcci\u00f3n de contacto:\u00a0<\/strong>Edificio Departamental de Humanidades y Ciencias de la Educaci\u00f3n II (Edif. C),\u00a0Planta\u00a02, Despacho\u00a0270<\/p>\n<p><strong><a href=\"https:\/\/www.researchgate.net\/profile\/Antonio_Rojas-Tejada\">Curriculum<\/a><\/strong><\/p>\n","protected":false},"excerpt":{"rendered":"<p>Departamento:\u00a0Metodolog\u00eda de las Ciencias del Comportamiento Facultad:\u00a0Humanidades y Psicolog\u00eda Universidad: Almer\u00eda L\u00edneas de Investigaci\u00f3n:\u00a0Estudios psicosociales y metodol\u00f3gicos Grupo de Investigaci\u00f3n: HUM743 Status: Investigador adscrito \u00a0Correo Electr\u00f3nico:\u00a0arojas@ual.es Tel\u00e9fono:\u00a0950 015 538 Direcci\u00f3n de contacto:\u00a0Edificio Departamental de Humanidades y Ciencias de la Educaci\u00f3n II (Edif. C),\u00a0Planta\u00a02, Despacho\u00a0270 Curriculum<\/p>\n","protected":false},"author":2,"featured_media":25350,"parent":33,"menu_order":0,"comment_status":"closed","ping_status":"closed","template":"","meta":{"footnotes":""},"class_list":["post-1400","page","type-page","status-publish","has-post-thumbnail","hentry"],"_links":{"self":[{"href":"https:\/\/cemyri.es\/es\/wp-json\/wp\/v2\/pages\/1400","targetHints":{"allow":["GET"]}}],"collection":[{"href":"https:\/\/cemyri.es\/es\/wp-json\/wp\/v2\/pages"}],"about":[{"href":"https:\/\/cemyri.es\/es\/wp-json\/wp\/v2\/types\/page"}],"author":[{"embeddable":true,"href":"https:\/\/cemyri.es\/es\/wp-json\/wp\/v2\/users\/2"}],"replies":[{"embeddable":true,"href":"https:\/\/cemyri.es\/es\/wp-json\/wp\/v2\/comments?post=1400"}],"version-history":[{"count":5,"href":"https:\/\/cemyri.es\/es\/wp-json\/wp\/v2\/pages\/1400\/revisions"}],"predecessor-version":[{"id":27817,"href":"https:\/\/cemyri.es\/es\/wp-json\/wp\/v2\/pages\/1400\/revisions\/27817"}],"up":[{"embeddable":true,"href":"https:\/\/cemyri.es\/es\/wp-json\/wp\/v2\/pages\/33"}],"wp:featuredmedia":[{"embeddable":true,"href":"https:\/\/cemyri.es\/es\/wp-json\/wp\/v2\/media\/25350"}],"wp:attachment":[{"href":"https:\/\/cemyri.es\/es\/wp-json\/wp\/v2\/media?parent=1400"}],"curies":[{"name":"wp","href":"https:\/\/api.w.org\/{rel}","templated":true}]}}