{"id":1413,"date":"2013-11-06T19:26:01","date_gmt":"2013-11-06T17:26:01","guid":{"rendered":"http:\/\/www.cemyri.es\/?page_id=1413"},"modified":"2016-10-10T10:37:53","modified_gmt":"2016-10-10T10:37:53","slug":"rosa-maria-zapata-boluda","status":"publish","type":"page","link":"https:\/\/cemyri.es\/es\/doctores-colaboradores\/rosa-maria-zapata-boluda\/","title":{"rendered":"Rosa Mar\u00eda Zapata Boluda"},"content":{"rendered":"<p><strong>Departamento:<\/strong>\u00a0Enfermer\u00eda, Fisioterapia y Medicina<\/p>\n<p><strong>Facultad:<\/strong> Enfermer\u00eda<\/p>\n<p><strong>Universidad:<\/strong> Almer\u00eda<\/p>\n<p><strong>L\u00edneas de Investigaci\u00f3n:<\/strong>\u00a0Migraciones, salud y educaci\u00f3n<\/p>\n<p><strong>Grupo de Investigaci\u00f3n:<\/strong> <a href=\"http:\/\/cvirtual.ual.es\/webual\/jsp\/investigacion\/nuevo\/pInicio.jsp?id_grupo=HUM665\">HUM665<\/a><a href=\"http:\/\/www.lasc.es\/\" target=\"_blank\"><br \/>\n<\/a><\/p>\n<p><strong>Status:<\/strong> Investigadora adscrita<\/p>\n<p><strong>Correo Electr\u00f3nico:<\/strong> <a href=\"mailto:rzapata@ual.es\">rzapata@ual.es<\/a>\u00a0<a href=\"mailto: eacien@ual.es\"><br \/>\n<\/a><\/p>\n<p><strong>Tel\u00e9fono:<\/strong>\u00a0950 214 591<\/p>\n<p><strong>Direcci\u00f3n de contacto:<\/strong>\u00a0Edificio de Ciencias de la Salud,\u00a0Planta\u00a01, Despacho\u00a019<\/p>\n<p><a href=\"http:\/\/cms.ual.es\/UAL\/universidad\/departamentos\/enfime\/personas\/persona\/index.htm?idTurcana=6426&amp;id=505550515048515378\">Curr\u00edculum<\/a><\/p>\n","protected":false},"excerpt":{"rendered":"<p>Departamento:\u00a0Enfermer\u00eda, Fisioterapia y Medicina Facultad: Enfermer\u00eda Universidad: Almer\u00eda L\u00edneas de Investigaci\u00f3n:\u00a0Migraciones, salud y educaci\u00f3n Grupo de Investigaci\u00f3n: HUM665 Status: Investigadora adscrita Correo Electr\u00f3nico: rzapata@ual.es\u00a0 Tel\u00e9fono:\u00a0950 214 591 Direcci\u00f3n de contacto:\u00a0Edificio de Ciencias de la Salud,\u00a0Planta\u00a01, Despacho\u00a019 Curr\u00edculum<\/p>\n","protected":false},"author":2,"featured_media":0,"parent":34,"menu_order":0,"comment_status":"closed","ping_status":"closed","template":"","meta":{"footnotes":""},"class_list":["post-1413","page","type-page","status-publish","hentry"],"_links":{"self":[{"href":"https:\/\/cemyri.es\/es\/wp-json\/wp\/v2\/pages\/1413","targetHints":{"allow":["GET"]}}],"collection":[{"href":"https:\/\/cemyri.es\/es\/wp-json\/wp\/v2\/pages"}],"about":[{"href":"https:\/\/cemyri.es\/es\/wp-json\/wp\/v2\/types\/page"}],"author":[{"embeddable":true,"href":"https:\/\/cemyri.es\/es\/wp-json\/wp\/v2\/users\/2"}],"replies":[{"embeddable":true,"href":"https:\/\/cemyri.es\/es\/wp-json\/wp\/v2\/comments?post=1413"}],"version-history":[{"count":1,"href":"https:\/\/cemyri.es\/es\/wp-json\/wp\/v2\/pages\/1413\/revisions"}],"predecessor-version":[{"id":25244,"href":"https:\/\/cemyri.es\/es\/wp-json\/wp\/v2\/pages\/1413\/revisions\/25244"}],"up":[{"embeddable":true,"href":"https:\/\/cemyri.es\/es\/wp-json\/wp\/v2\/pages\/34"}],"wp:attachment":[{"href":"https:\/\/cemyri.es\/es\/wp-json\/wp\/v2\/media?parent=1413"}],"curies":[{"name":"wp","href":"https:\/\/api.w.org\/{rel}","templated":true}]}}