{"id":1421,"date":"2013-11-08T12:37:19","date_gmt":"2013-11-08T10:37:19","guid":{"rendered":"http:\/\/www.cemyri.es\/?page_id=1421"},"modified":"2023-07-25T18:19:11","modified_gmt":"2023-07-25T18:19:11","slug":"isabel-maria-diaz-diaz","status":"publish","type":"page","link":"https:\/\/cemyri.es\/es\/doctores-colaboradores\/isabel-maria-diaz-diaz\/","title":{"rendered":"Isabel Mar\u00eda D\u00edaz D\u00edaz"},"content":{"rendered":"<p><strong>Universidad:<\/strong> Almer\u00eda<\/p>\n<p><strong>L\u00edneas de Investigaci\u00f3n:<\/strong> El arte en las migraciones<\/p>\n<p><strong>Grupo de Investigaci\u00f3n:<\/strong> <a href=\"http:\/\/www.cemyri.es\/\">CEMyRI<\/a><\/p>\n<p><strong>Status:<\/strong>\u00a0Doctora investigadora colaboradora<\/p>\n<p><strong>\u00a0Correo Electr\u00f3nico:<\/strong>\u00a029isabeldiaz@gmail.com<\/p>\n<p><strong>Tel\u00e9fono:<\/strong>\u00a0636 788 944<\/p>\n<p><strong>Direcci\u00f3n de contacto:<\/strong> CEMyRI, Edificio de Servicios T\u00e9cnicos, Seg. Planta, Desp. 02.12.0, Universidad de Almer\u00eda<\/p>\n<p><a href=\"http:\/\/issuu.com\/cemyri\/docs\/cv_isabel_diaz_pdf\">Curr\u00edculum<\/a><\/p>\n","protected":false},"excerpt":{"rendered":"<p>Universidad: Almer\u00eda L\u00edneas de Investigaci\u00f3n: El arte en las migraciones Grupo de Investigaci\u00f3n: CEMyRI Status:\u00a0Doctora investigadora colaboradora \u00a0Correo Electr\u00f3nico:\u00a029isabeldiaz@gmail.com Tel\u00e9fono:\u00a0636 788 944 Direcci\u00f3n de contacto: CEMyRI, Edificio de Servicios T\u00e9cnicos, Seg. Planta, Desp. 02.12.0, Universidad de Almer\u00eda Curr\u00edculum<\/p>\n","protected":false},"author":2,"featured_media":25351,"parent":34,"menu_order":0,"comment_status":"closed","ping_status":"closed","template":"","meta":{"footnotes":""},"class_list":["post-1421","page","type-page","status-publish","has-post-thumbnail","hentry"],"_links":{"self":[{"href":"https:\/\/cemyri.es\/es\/wp-json\/wp\/v2\/pages\/1421","targetHints":{"allow":["GET"]}}],"collection":[{"href":"https:\/\/cemyri.es\/es\/wp-json\/wp\/v2\/pages"}],"about":[{"href":"https:\/\/cemyri.es\/es\/wp-json\/wp\/v2\/types\/page"}],"author":[{"embeddable":true,"href":"https:\/\/cemyri.es\/es\/wp-json\/wp\/v2\/users\/2"}],"replies":[{"embeddable":true,"href":"https:\/\/cemyri.es\/es\/wp-json\/wp\/v2\/comments?post=1421"}],"version-history":[{"count":4,"href":"https:\/\/cemyri.es\/es\/wp-json\/wp\/v2\/pages\/1421\/revisions"}],"predecessor-version":[{"id":27789,"href":"https:\/\/cemyri.es\/es\/wp-json\/wp\/v2\/pages\/1421\/revisions\/27789"}],"up":[{"embeddable":true,"href":"https:\/\/cemyri.es\/es\/wp-json\/wp\/v2\/pages\/34"}],"wp:featuredmedia":[{"embeddable":true,"href":"https:\/\/cemyri.es\/es\/wp-json\/wp\/v2\/media\/25351"}],"wp:attachment":[{"href":"https:\/\/cemyri.es\/es\/wp-json\/wp\/v2\/media?parent=1421"}],"curies":[{"name":"wp","href":"https:\/\/api.w.org\/{rel}","templated":true}]}}