{"id":1425,"date":"2013-11-08T12:51:06","date_gmt":"2013-11-08T10:51:06","guid":{"rendered":"http:\/\/www.cemyri.es\/?page_id=1425"},"modified":"2023-07-25T18:19:24","modified_gmt":"2023-07-25T18:19:24","slug":"concepcion-fernandez-soto","status":"publish","type":"page","link":"https:\/\/cemyri.es\/es\/doctores-colaboradores\/concepcion-fernandez-soto\/","title":{"rendered":"Concepci\u00f3n Fern\u00e1ndez Soto"},"content":{"rendered":"<p><strong>Universidad:<\/strong> Almer\u00eda<\/p>\n<p><strong>L\u00edneas de Investigaci\u00f3n:<\/strong> Cine, literatura e inmigraci\u00f3n<\/p>\n<p><strong>Grupo de Investigaci\u00f3n:<\/strong> <a href=\"http:\/\/www.lasc.es\/\" target=\"_blank\" rel=\"noopener\">HUM-472<\/a><\/p>\n<p><strong>Status:<\/strong>\u00a0Doctora investigadora colaboradora<\/p>\n<p><strong>\u00a0Correo Electr\u00f3nico:<\/strong>\u00a0conchafdezsoto@gmail.com<\/p>\n<p><strong>Tel\u00e9fono:<\/strong>\u00a0680 449 753<\/p>\n<p><strong>Direcci\u00f3n de contacto:<\/strong> CEMyRI, Edificio de Servicios T\u00e9cnicos, Seg. Planta, Desp. 02.12.0, Universidad de Almer\u00eda<\/p>\n<p><a href=\"http:\/\/issuu.com\/cemyri\/docs\/cv_concepcion_fernandez_af1af2ac2b426f\">Curr\u00edculum<\/a><\/p>\n","protected":false},"excerpt":{"rendered":"<p>Universidad: Almer\u00eda L\u00edneas de Investigaci\u00f3n: Cine, literatura e inmigraci\u00f3n Grupo de Investigaci\u00f3n: HUM-472 Status:\u00a0Doctora investigadora colaboradora \u00a0Correo Electr\u00f3nico:\u00a0conchafdezsoto@gmail.com Tel\u00e9fono:\u00a0680 449 753 Direcci\u00f3n de contacto: CEMyRI, Edificio de Servicios T\u00e9cnicos, Seg. Planta, Desp. 02.12.0, Universidad de Almer\u00eda Curr\u00edculum<\/p>\n","protected":false},"author":2,"featured_media":25352,"parent":34,"menu_order":0,"comment_status":"closed","ping_status":"closed","template":"","meta":{"footnotes":""},"class_list":["post-1425","page","type-page","status-publish","has-post-thumbnail","hentry"],"_links":{"self":[{"href":"https:\/\/cemyri.es\/es\/wp-json\/wp\/v2\/pages\/1425","targetHints":{"allow":["GET"]}}],"collection":[{"href":"https:\/\/cemyri.es\/es\/wp-json\/wp\/v2\/pages"}],"about":[{"href":"https:\/\/cemyri.es\/es\/wp-json\/wp\/v2\/types\/page"}],"author":[{"embeddable":true,"href":"https:\/\/cemyri.es\/es\/wp-json\/wp\/v2\/users\/2"}],"replies":[{"embeddable":true,"href":"https:\/\/cemyri.es\/es\/wp-json\/wp\/v2\/comments?post=1425"}],"version-history":[{"count":3,"href":"https:\/\/cemyri.es\/es\/wp-json\/wp\/v2\/pages\/1425\/revisions"}],"predecessor-version":[{"id":27791,"href":"https:\/\/cemyri.es\/es\/wp-json\/wp\/v2\/pages\/1425\/revisions\/27791"}],"up":[{"embeddable":true,"href":"https:\/\/cemyri.es\/es\/wp-json\/wp\/v2\/pages\/34"}],"wp:featuredmedia":[{"embeddable":true,"href":"https:\/\/cemyri.es\/es\/wp-json\/wp\/v2\/media\/25352"}],"wp:attachment":[{"href":"https:\/\/cemyri.es\/es\/wp-json\/wp\/v2\/media?parent=1425"}],"curies":[{"name":"wp","href":"https:\/\/api.w.org\/{rel}","templated":true}]}}