{"id":1434,"date":"2013-11-08T13:53:14","date_gmt":"2013-11-08T11:53:14","guid":{"rendered":"http:\/\/www.cemyri.es\/?page_id=1434"},"modified":"2023-07-25T18:20:56","modified_gmt":"2023-07-25T18:20:56","slug":"josefa-munoz-paris","status":"publish","type":"page","link":"https:\/\/cemyri.es\/es\/doctores-colaboradores\/josefa-munoz-paris\/","title":{"rendered":"Josefa Mu\u00f1oz Par\u00eds"},"content":{"rendered":"<p><strong>Departamento:<\/strong>\u00a0Enfermer\u00eda, Fisioterapia y Medicina<\/p>\n<p><strong>\u00c1rea:<\/strong> Enfermer\u00eda<\/p>\n<p><strong>Universidad:<\/strong> Almer\u00eda<\/p>\n<p><strong>L\u00edneas de Investigaci\u00f3n:<\/strong>\u00a0Educaci\u00f3n para la salud<\/p>\n<p><strong>Grupo de Investigaci\u00f3n:<\/strong> <a href=\"http:\/\/cvirtual.ual.es\/webual\/jsp\/investigacion\/nuevo\/pInicio.jsp?id_grupo=HUM746\">HUM746<\/a><a href=\"http:\/\/www.lasc.es\/\" target=\"_blank\" rel=\"noopener\"><br \/>\n<\/a><\/p>\n<p><strong>Status:<\/strong> Doctora investigadora colaboradora<\/p>\n<p><strong>\u00a0Correo Electr\u00f3nico:<\/strong>\u00a0<a href=\"mailto:mjparis@ual.es\">mjparis@ual.es<\/a><\/p>\n<p><strong>Tel\u00e9fono:<\/strong>\u00a0950 214 595<\/p>\n<p><strong>Direcci\u00f3n de contacto:<\/strong>\u00a0Edificio de Ciencias de la Salud,\u00a0Planta\u00a02, Despacho\u00a011<\/p>\n<p><a href=\"http:\/\/cms.ual.es\/UAL\/universidad\/departamentos\/enfime\/personas\/persona\/index.htm?idTurcana=6426&amp;id=485050495151504980\">Curr\u00edculum<\/a><\/p>\n","protected":false},"excerpt":{"rendered":"<p>Departamento:\u00a0Enfermer\u00eda, Fisioterapia y Medicina \u00c1rea: Enfermer\u00eda Universidad: Almer\u00eda L\u00edneas de Investigaci\u00f3n:\u00a0Educaci\u00f3n para la salud Grupo de Investigaci\u00f3n: HUM746 Status: Doctora investigadora colaboradora \u00a0Correo Electr\u00f3nico:\u00a0mjparis@ual.es Tel\u00e9fono:\u00a0950 214 595 Direcci\u00f3n de contacto:\u00a0Edificio de Ciencias de la Salud,\u00a0Planta\u00a02, Despacho\u00a011 Curr\u00edculum<\/p>\n","protected":false},"author":2,"featured_media":25354,"parent":34,"menu_order":0,"comment_status":"closed","ping_status":"closed","template":"","meta":{"footnotes":""},"class_list":["post-1434","page","type-page","status-publish","has-post-thumbnail","hentry"],"_links":{"self":[{"href":"https:\/\/cemyri.es\/es\/wp-json\/wp\/v2\/pages\/1434","targetHints":{"allow":["GET"]}}],"collection":[{"href":"https:\/\/cemyri.es\/es\/wp-json\/wp\/v2\/pages"}],"about":[{"href":"https:\/\/cemyri.es\/es\/wp-json\/wp\/v2\/types\/page"}],"author":[{"embeddable":true,"href":"https:\/\/cemyri.es\/es\/wp-json\/wp\/v2\/users\/2"}],"replies":[{"embeddable":true,"href":"https:\/\/cemyri.es\/es\/wp-json\/wp\/v2\/comments?post=1434"}],"version-history":[{"count":3,"href":"https:\/\/cemyri.es\/es\/wp-json\/wp\/v2\/pages\/1434\/revisions"}],"predecessor-version":[{"id":27797,"href":"https:\/\/cemyri.es\/es\/wp-json\/wp\/v2\/pages\/1434\/revisions\/27797"}],"up":[{"embeddable":true,"href":"https:\/\/cemyri.es\/es\/wp-json\/wp\/v2\/pages\/34"}],"wp:featuredmedia":[{"embeddable":true,"href":"https:\/\/cemyri.es\/es\/wp-json\/wp\/v2\/media\/25354"}],"wp:attachment":[{"href":"https:\/\/cemyri.es\/es\/wp-json\/wp\/v2\/media?parent=1434"}],"curies":[{"name":"wp","href":"https:\/\/api.w.org\/{rel}","templated":true}]}}