{"id":1440,"date":"2013-11-12T12:24:12","date_gmt":"2013-11-12T10:24:12","guid":{"rendered":"http:\/\/www.cemyri.es\/?page_id=1440"},"modified":"2023-07-25T18:21:00","modified_gmt":"2023-07-25T18:21:00","slug":"maria-isabel-oliver-reche","status":"publish","type":"page","link":"https:\/\/cemyri.es\/es\/doctores-colaboradores\/maria-isabel-oliver-reche\/","title":{"rendered":"Mar\u00eda Isabel Oliver Reche"},"content":{"rendered":"<p><strong>Departamento:<\/strong> Antropolog\u00eda Social y Cultural<\/p>\n<p><strong>Facultad:<\/strong> Antropolog\u00eda<\/p>\n<p><strong>Universidad:<\/strong> UNED<\/p>\n<p><strong>L\u00edneas de Investigaci\u00f3n:<\/strong> Salud e inmigraci\u00f3n. G\u00e9nero y salud reproductiva.<\/p>\n<p><strong>Grupo de Investigaci\u00f3n:<\/strong> <a href=\"http:\/\/www.lasc.es\/\" target=\"_blank\" rel=\"noopener\">HUM-472<\/a><\/p>\n<p><strong>Status:<\/strong> Personal colaborador<\/p>\n<p><strong>Correo Electr\u00f3nico:<\/strong>\u00a0chirivela@gmail.com<\/p>\n<p><strong>Tel\u00e9fono:<\/strong>\u00a0646 710 454<\/p>\n<p><strong>Direcci\u00f3n de contacto:<\/strong> CEMyRI, Edificio de Servicios T\u00e9cnicos, Seg. Planta, Desp. 02.12.0, Universidad de Almer\u00eda<\/p>\n<p><a href=\"http:\/\/www.lasc.es\/investigamaribeloliver.htm\">Curr\u00edculum<\/a><\/p>\n","protected":false},"excerpt":{"rendered":"<p>Departamento: Antropolog\u00eda Social y Cultural Facultad: Antropolog\u00eda Universidad: UNED L\u00edneas de Investigaci\u00f3n: Salud e inmigraci\u00f3n. G\u00e9nero y salud reproductiva. Grupo de Investigaci\u00f3n: HUM-472 Status: Personal colaborador Correo Electr\u00f3nico:\u00a0chirivela@gmail.com Tel\u00e9fono:\u00a0646 710 454 Direcci\u00f3n de contacto: CEMyRI, Edificio de Servicios T\u00e9cnicos, Seg. Planta, Desp. 02.12.0, Universidad de Almer\u00eda Curr\u00edculum<\/p>\n","protected":false},"author":2,"featured_media":25355,"parent":34,"menu_order":0,"comment_status":"closed","ping_status":"closed","template":"","meta":{"footnotes":""},"class_list":["post-1440","page","type-page","status-publish","has-post-thumbnail","hentry"],"_links":{"self":[{"href":"https:\/\/cemyri.es\/es\/wp-json\/wp\/v2\/pages\/1440","targetHints":{"allow":["GET"]}}],"collection":[{"href":"https:\/\/cemyri.es\/es\/wp-json\/wp\/v2\/pages"}],"about":[{"href":"https:\/\/cemyri.es\/es\/wp-json\/wp\/v2\/types\/page"}],"author":[{"embeddable":true,"href":"https:\/\/cemyri.es\/es\/wp-json\/wp\/v2\/users\/2"}],"replies":[{"embeddable":true,"href":"https:\/\/cemyri.es\/es\/wp-json\/wp\/v2\/comments?post=1440"}],"version-history":[{"count":3,"href":"https:\/\/cemyri.es\/es\/wp-json\/wp\/v2\/pages\/1440\/revisions"}],"predecessor-version":[{"id":27798,"href":"https:\/\/cemyri.es\/es\/wp-json\/wp\/v2\/pages\/1440\/revisions\/27798"}],"up":[{"embeddable":true,"href":"https:\/\/cemyri.es\/es\/wp-json\/wp\/v2\/pages\/34"}],"wp:featuredmedia":[{"embeddable":true,"href":"https:\/\/cemyri.es\/es\/wp-json\/wp\/v2\/media\/25355"}],"wp:attachment":[{"href":"https:\/\/cemyri.es\/es\/wp-json\/wp\/v2\/media?parent=1440"}],"curies":[{"name":"wp","href":"https:\/\/api.w.org\/{rel}","templated":true}]}}