{"id":1449,"date":"2013-11-12T13:35:15","date_gmt":"2013-11-12T11:35:15","guid":{"rendered":"http:\/\/www.cemyri.es\/?page_id=1449"},"modified":"2016-10-10T09:51:55","modified_gmt":"2016-10-10T09:51:55","slug":"laura-piedra-munoz","status":"publish","type":"page","link":"https:\/\/cemyri.es\/es\/investigadores-adscritos-titulares\/laura-piedra-munoz\/","title":{"rendered":"Laura Piedra Mu\u00f1oz"},"content":{"rendered":"<p><strong>Departamento:<\/strong>\u00a0Econom\u00eda y Empresa<\/p>\n<p><strong>\u00c1rea:<\/strong> Econom\u00eda Aplicada<\/p>\n<p><strong>Universidad:<\/strong> Almer\u00eda<\/p>\n<p><strong>L\u00edneas de Investigaci\u00f3n:<\/strong>\u00a0Econom\u00eda del Sector P\u00fablico, Gasto p\u00fablico, Redistribuci\u00f3n de la renta, Econom\u00eda de la vivienda, Econom\u00eda de la inmigraci\u00f3n.<\/p>\n<p><strong>Grupo de Investigaci\u00f3n:<\/strong> <a href=\"http:\/\/cvirtual.ual.es\/webual\/jsp\/investigacion\/nuevo\/pInicio.jsp?id_grupo=SEJ434\">SEJ434<\/a><a href=\"http:\/\/www.lasc.es\/\" target=\"_blank\"><br \/>\n<\/a><\/p>\n<p><strong>Status:<\/strong> Doctora investigadora colaboradora<\/p>\n<p><strong>Correo Electr\u00f3nico:<\/strong>\u00a0lapiedra@ual.es<\/p>\n<p><strong>Tel\u00e9fono:<\/strong>\u00a0950 015 860<\/p>\n<p><strong>Direcci\u00f3n de contacto:<\/strong>\u00a0Edificio Departamental de Ciencias Econ\u00f3micas y Empresariales (Edif. B),\u00a0Planta\u00a01, Despacho\u00a0131<\/p>\n<p><a href=\"http:\/\/issuu.com\/cemyri\/docs\/laura-piedra-cv\">Curr\u00edculum<\/a><\/p>\n","protected":false},"excerpt":{"rendered":"<p>Departamento:\u00a0Econom\u00eda y Empresa \u00c1rea: Econom\u00eda Aplicada Universidad: Almer\u00eda L\u00edneas de Investigaci\u00f3n:\u00a0Econom\u00eda del Sector P\u00fablico, Gasto p\u00fablico, Redistribuci\u00f3n de la renta, Econom\u00eda de la vivienda, Econom\u00eda de la inmigraci\u00f3n. Grupo de Investigaci\u00f3n: SEJ434 Status: Doctora investigadora colaboradora Correo Electr\u00f3nico:\u00a0lapiedra@ual.es Tel\u00e9fono:\u00a0950 015 860 Direcci\u00f3n de contacto:\u00a0Edificio Departamental de Ciencias Econ\u00f3micas y Empresariales (Edif. B),\u00a0Planta\u00a01, Despacho\u00a0131 Curr\u00edculum<\/p>\n","protected":false},"author":2,"featured_media":0,"parent":33,"menu_order":0,"comment_status":"closed","ping_status":"closed","template":"","meta":{"footnotes":""},"class_list":["post-1449","page","type-page","status-publish","hentry"],"_links":{"self":[{"href":"https:\/\/cemyri.es\/es\/wp-json\/wp\/v2\/pages\/1449","targetHints":{"allow":["GET"]}}],"collection":[{"href":"https:\/\/cemyri.es\/es\/wp-json\/wp\/v2\/pages"}],"about":[{"href":"https:\/\/cemyri.es\/es\/wp-json\/wp\/v2\/types\/page"}],"author":[{"embeddable":true,"href":"https:\/\/cemyri.es\/es\/wp-json\/wp\/v2\/users\/2"}],"replies":[{"embeddable":true,"href":"https:\/\/cemyri.es\/es\/wp-json\/wp\/v2\/comments?post=1449"}],"version-history":[{"count":1,"href":"https:\/\/cemyri.es\/es\/wp-json\/wp\/v2\/pages\/1449\/revisions"}],"predecessor-version":[{"id":25201,"href":"https:\/\/cemyri.es\/es\/wp-json\/wp\/v2\/pages\/1449\/revisions\/25201"}],"up":[{"embeddable":true,"href":"https:\/\/cemyri.es\/es\/wp-json\/wp\/v2\/pages\/33"}],"wp:attachment":[{"href":"https:\/\/cemyri.es\/es\/wp-json\/wp\/v2\/media?parent=1449"}],"curies":[{"name":"wp","href":"https:\/\/api.w.org\/{rel}","templated":true}]}}