{"id":1452,"date":"2013-11-12T13:41:40","date_gmt":"2013-11-12T11:41:40","guid":{"rendered":"http:\/\/www.cemyri.es\/?page_id=1452"},"modified":"2023-07-25T18:26:16","modified_gmt":"2023-07-25T18:26:16","slug":"fernando-plaza-del-pino","status":"publish","type":"page","link":"https:\/\/cemyri.es\/es\/investigadores-adscritos-titulares\/fernando-plaza-del-pino\/","title":{"rendered":"Fernando Plaza del Pino"},"content":{"rendered":"<p><strong>Departamento:<\/strong>\u00a0Enfermer\u00eda, Fisioterapia y Medicina<\/p>\n<p><strong>\u00c1rea:<\/strong> Efermer\u00eda<\/p>\n<p><strong>Universidad:<\/strong> Almer\u00eda<\/p>\n<p><strong>L\u00edneas de Investigaci\u00f3n:<\/strong>\u00a0Migraciones, salud y educaci\u00f3n intercultural<\/p>\n<p><strong>Grupo de Investigaci\u00f3n:<\/strong> <a href=\"http:\/\/cvirtual.ual.es\/webual\/jsp\/investigacion\/nuevo\/pInicio.jsp?id_grupo=HUM665\">HUM665<\/a><a href=\"http:\/\/www.lasc.es\/\" target=\"_blank\" rel=\"noopener\"><br \/>\n<\/a><\/p>\n<p><strong>Status:<\/strong> Doctor investigador colaborador<\/p>\n<p><strong>Correo Electr\u00f3nico:<\/strong>\u00a0<a href=\"mailto:ferplaza@ual.es\">ferplaza@ual.es<\/a><\/p>\n<p><strong>Tel\u00e9fono:<\/strong>\u00a0950 214 586<\/p>\n<p><strong>Direcci\u00f3n de contacto:<\/strong>\u00a0Edificio de Ciencias de la Salud,\u00a0Planta\u00a02, Despacho\u00a025<\/p>\n<p><a href=\"http:\/\/issuu.com\/cemyri\/docs\/cv_fernando_plaza_abreviado\">Curriculum<\/a><\/p>\n","protected":false},"excerpt":{"rendered":"<p>Departamento:\u00a0Enfermer\u00eda, Fisioterapia y Medicina \u00c1rea: Efermer\u00eda Universidad: Almer\u00eda L\u00edneas de Investigaci\u00f3n:\u00a0Migraciones, salud y educaci\u00f3n intercultural Grupo de Investigaci\u00f3n: HUM665 Status: Doctor investigador colaborador Correo Electr\u00f3nico:\u00a0ferplaza@ual.es Tel\u00e9fono:\u00a0950 214 586 Direcci\u00f3n de contacto:\u00a0Edificio de Ciencias de la Salud,\u00a0Planta\u00a02, Despacho\u00a025 Curriculum<\/p>\n","protected":false},"author":2,"featured_media":25357,"parent":33,"menu_order":0,"comment_status":"closed","ping_status":"closed","template":"","meta":{"footnotes":""},"class_list":["post-1452","page","type-page","status-publish","has-post-thumbnail","hentry"],"_links":{"self":[{"href":"https:\/\/cemyri.es\/es\/wp-json\/wp\/v2\/pages\/1452","targetHints":{"allow":["GET"]}}],"collection":[{"href":"https:\/\/cemyri.es\/es\/wp-json\/wp\/v2\/pages"}],"about":[{"href":"https:\/\/cemyri.es\/es\/wp-json\/wp\/v2\/types\/page"}],"author":[{"embeddable":true,"href":"https:\/\/cemyri.es\/es\/wp-json\/wp\/v2\/users\/2"}],"replies":[{"embeddable":true,"href":"https:\/\/cemyri.es\/es\/wp-json\/wp\/v2\/comments?post=1452"}],"version-history":[{"count":4,"href":"https:\/\/cemyri.es\/es\/wp-json\/wp\/v2\/pages\/1452\/revisions"}],"predecessor-version":[{"id":27813,"href":"https:\/\/cemyri.es\/es\/wp-json\/wp\/v2\/pages\/1452\/revisions\/27813"}],"up":[{"embeddable":true,"href":"https:\/\/cemyri.es\/es\/wp-json\/wp\/v2\/pages\/33"}],"wp:featuredmedia":[{"embeddable":true,"href":"https:\/\/cemyri.es\/es\/wp-json\/wp\/v2\/media\/25357"}],"wp:attachment":[{"href":"https:\/\/cemyri.es\/es\/wp-json\/wp\/v2\/media?parent=1452"}],"curies":[{"name":"wp","href":"https:\/\/api.w.org\/{rel}","templated":true}]}}