{"id":1458,"date":"2013-11-12T13:53:21","date_gmt":"2013-11-12T11:53:21","guid":{"rendered":"http:\/\/www.cemyri.es\/?page_id=1458"},"modified":"2016-10-10T10:34:11","modified_gmt":"2016-10-10T10:34:11","slug":"maria-del-carmen-quiles-cabrera","status":"publish","type":"page","link":"https:\/\/cemyri.es\/es\/doctores-colaboradores\/maria-del-carmen-quiles-cabrera\/","title":{"rendered":"Mar\u00eda del Carmen Quiles Cabrera"},"content":{"rendered":"<p><strong>Departamento:<\/strong>\u00a0Educaci\u00f3n<\/p>\n<p><strong>\u00c1rea:<\/strong>\u00a0Did\u00e1ctica de la Lengua y la Literatura<\/p>\n<p><strong>Universidad:<\/strong> Almer\u00eda<\/p>\n<p><strong>L\u00edneas de Investigaci\u00f3n:<\/strong>\u00a0Ense\u00f1anza de la lengua y la literatura<\/p>\n<p><strong>Grupo de Investigaci\u00f3n:<\/strong> <a href=\"http:\/\/cvirtual.ual.es\/webual\/jsp\/investigacion\/nuevo\/pInicio.jsp?id_grupo=HUM944\">HUM944<\/a><a href=\"http:\/\/www.lasc.es\/\" target=\"_blank\"><br \/>\n<\/a><\/p>\n<p><strong>Status:<\/strong> Investigadora adscrita<\/p>\n<p><strong>Correo Electr\u00f3nico:<\/strong>\u00a0qcabrera@ual.es<\/p>\n<p><strong>Tel\u00e9fono:<\/strong>\u00a0950 015 956<\/p>\n<p><strong>Direcci\u00f3n de contacto:<\/strong>\u00a0Edificio Central,\u00a0Planta\u00a0BAJA, Despacho\u00a089<\/p>\n<p><a href=\"http:\/\/cms.ual.es\/UAL\/universidad\/departamentos\/educacion\/areas\/persona\/index.htm?id=525353565448535368&amp;idEjercicio=555\">Curr\u00edculum<\/a><\/p>\n","protected":false},"excerpt":{"rendered":"<p>Departamento:\u00a0Educaci\u00f3n \u00c1rea:\u00a0Did\u00e1ctica de la Lengua y la Literatura Universidad: Almer\u00eda L\u00edneas de Investigaci\u00f3n:\u00a0Ense\u00f1anza de la lengua y la literatura Grupo de Investigaci\u00f3n: HUM944 Status: Investigadora adscrita Correo Electr\u00f3nico:\u00a0qcabrera@ual.es Tel\u00e9fono:\u00a0950 015 956 Direcci\u00f3n de contacto:\u00a0Edificio Central,\u00a0Planta\u00a0BAJA, Despacho\u00a089 Curr\u00edculum<\/p>\n","protected":false},"author":2,"featured_media":0,"parent":34,"menu_order":0,"comment_status":"closed","ping_status":"closed","template":"","meta":{"footnotes":""},"class_list":["post-1458","page","type-page","status-publish","hentry"],"_links":{"self":[{"href":"https:\/\/cemyri.es\/es\/wp-json\/wp\/v2\/pages\/1458","targetHints":{"allow":["GET"]}}],"collection":[{"href":"https:\/\/cemyri.es\/es\/wp-json\/wp\/v2\/pages"}],"about":[{"href":"https:\/\/cemyri.es\/es\/wp-json\/wp\/v2\/types\/page"}],"author":[{"embeddable":true,"href":"https:\/\/cemyri.es\/es\/wp-json\/wp\/v2\/users\/2"}],"replies":[{"embeddable":true,"href":"https:\/\/cemyri.es\/es\/wp-json\/wp\/v2\/comments?post=1458"}],"version-history":[{"count":1,"href":"https:\/\/cemyri.es\/es\/wp-json\/wp\/v2\/pages\/1458\/revisions"}],"predecessor-version":[{"id":25239,"href":"https:\/\/cemyri.es\/es\/wp-json\/wp\/v2\/pages\/1458\/revisions\/25239"}],"up":[{"embeddable":true,"href":"https:\/\/cemyri.es\/es\/wp-json\/wp\/v2\/pages\/34"}],"wp:attachment":[{"href":"https:\/\/cemyri.es\/es\/wp-json\/wp\/v2\/media?parent=1458"}],"curies":[{"name":"wp","href":"https:\/\/api.w.org\/{rel}","templated":true}]}}