{"id":1467,"date":"2013-11-12T15:08:37","date_gmt":"2013-11-12T13:08:37","guid":{"rendered":"http:\/\/www.cemyri.es\/?page_id=1467"},"modified":"2023-07-25T18:21:34","modified_gmt":"2023-07-25T18:21:34","slug":"joaquin-salas-coronas","status":"publish","type":"page","link":"https:\/\/cemyri.es\/es\/doctores-colaboradores\/joaquin-salas-coronas\/","title":{"rendered":"Joaqu\u00edn Salas Coronas"},"content":{"rendered":"<p><strong>Departamento:<\/strong>\u00a0Medicina Tropical<\/p>\n<p><strong>Centro:<\/strong>\u00a0Agencia P\u00fablica Empresarial Sanitaria Hospital de Poniente<\/p>\n<p><strong>L\u00edneas de Investigaci\u00f3n:<\/strong> Enfermedades importadas. Salud e inmigraci\u00f3n.<\/p>\n<p><strong>Grupo de Investigaci\u00f3n:<\/strong>\u00a0<a href=\"http:\/\/www.juntadeandalucia.es\/ep-hospitalponientealmeriaUNIP\/Diapositiva0.bmp\">CTS-582<\/a><a href=\"http:\/\/www.lasc.es\/\" target=\"_blank\" rel=\"noopener\"><br \/>\n<\/a><\/p>\n<p><strong>Status:<\/strong> Doctor investigador colaborador<\/p>\n<p><strong>\u00a0Correo Electr\u00f3nico:<\/strong>\u00a0joaquin.salas@ephpo.es<\/p>\n<p><strong>Direcci\u00f3n de contacto:<\/strong> CEMyRI, Edificio de Servicios T\u00e9cnicos, Seg. Planta, Desp. 02.12.0, Universidad de Almer\u00eda<\/p>\n<p><strong><a href=\"https:\/\/www.researchgate.net\/profile\/Joaquin_Salas-Coronas\">Curr\u00edculum<\/a><\/strong><\/p>\n","protected":false},"excerpt":{"rendered":"<p>Departamento:\u00a0Medicina Tropical Centro:\u00a0Agencia P\u00fablica Empresarial Sanitaria Hospital de Poniente L\u00edneas de Investigaci\u00f3n: Enfermedades importadas. Salud e inmigraci\u00f3n. Grupo de Investigaci\u00f3n:\u00a0CTS-582 Status: Doctor investigador colaborador \u00a0Correo Electr\u00f3nico:\u00a0joaquin.salas@ephpo.es Direcci\u00f3n de contacto: CEMyRI, Edificio de Servicios T\u00e9cnicos, Seg. Planta, Desp. 02.12.0, Universidad de Almer\u00eda Curr\u00edculum<\/p>\n","protected":false},"author":2,"featured_media":25359,"parent":34,"menu_order":0,"comment_status":"closed","ping_status":"closed","template":"","meta":{"footnotes":""},"class_list":["post-1467","page","type-page","status-publish","has-post-thumbnail","hentry"],"_links":{"self":[{"href":"https:\/\/cemyri.es\/es\/wp-json\/wp\/v2\/pages\/1467","targetHints":{"allow":["GET"]}}],"collection":[{"href":"https:\/\/cemyri.es\/es\/wp-json\/wp\/v2\/pages"}],"about":[{"href":"https:\/\/cemyri.es\/es\/wp-json\/wp\/v2\/types\/page"}],"author":[{"embeddable":true,"href":"https:\/\/cemyri.es\/es\/wp-json\/wp\/v2\/users\/2"}],"replies":[{"embeddable":true,"href":"https:\/\/cemyri.es\/es\/wp-json\/wp\/v2\/comments?post=1467"}],"version-history":[{"count":6,"href":"https:\/\/cemyri.es\/es\/wp-json\/wp\/v2\/pages\/1467\/revisions"}],"predecessor-version":[{"id":27799,"href":"https:\/\/cemyri.es\/es\/wp-json\/wp\/v2\/pages\/1467\/revisions\/27799"}],"up":[{"embeddable":true,"href":"https:\/\/cemyri.es\/es\/wp-json\/wp\/v2\/pages\/34"}],"wp:featuredmedia":[{"embeddable":true,"href":"https:\/\/cemyri.es\/es\/wp-json\/wp\/v2\/media\/25359"}],"wp:attachment":[{"href":"https:\/\/cemyri.es\/es\/wp-json\/wp\/v2\/media?parent=1467"}],"curies":[{"name":"wp","href":"https:\/\/api.w.org\/{rel}","templated":true}]}}