{"id":1476,"date":"2013-11-12T15:54:35","date_gmt":"2013-11-12T13:54:35","guid":{"rendered":"http:\/\/www.cemyri.es\/?page_id=1476"},"modified":"2023-07-25T18:22:07","modified_gmt":"2023-07-25T18:22:07","slug":"ester-trigo-ibanez","status":"publish","type":"page","link":"https:\/\/cemyri.es\/es\/doctores-colaboradores\/ester-trigo-ibanez\/","title":{"rendered":"Ester Trigo Ib\u00e1\u00f1ez"},"content":{"rendered":"<p><strong>Departamento:<\/strong> Did\u00e1ctica de la Lengua y Literatura<\/p>\n<p><strong>\u00c1rea:<\/strong> Lengua Espa\u00f1ola<\/p>\n<p><strong>Universidad:<\/strong> Universidad de C\u00e1diz<\/p>\n<p><strong>L\u00edneas de Investigaci\u00f3n:<\/strong>\u00a0Socioling\u00fc\u00edstica, disponibilidad l\u00e9xica.<\/p>\n<p><strong>Grupo de Investigaci\u00f3n:<\/strong>\u00a0<a href=\"http:\/\/cvirtual.ual.es\/webual\/jsp\/investigacion\/nuevo\/pInicio.jsp?id_grupo=HUM194&amp;idioma=es\">HUM-194<\/a><a href=\"http:\/\/www.lasc.es\/\" target=\"_blank\" rel=\"noopener\"><br \/>\n<\/a><\/p>\n<p><strong>Status:<\/strong> Doctora investigadora colaboradora<\/p>\n<p><strong>Correo Electr\u00f3nico:<\/strong> ester.trigo@uca.es<a href=\"mailto: eacien@ual.es\"><br \/>\n<\/a><\/p>\n<p><strong>Tel\u00e9fono:<\/strong>\u00a0956 016 245<\/p>\n<p><strong>Direcci\u00f3n de contacto:<\/strong>\u00a0Facultad de Ciencias de la Educaci\u00f3n,\u00a0Campus Universitario R\u00edo San Pedro,\u00a011519 &#8211; Puerto Real (C\u00e1diz),\u00a0Despacho 50, 1\u00aa planta<\/p>\n<p><a href=\"http:\/\/orcid.org\/0000-0003-3035-4398\" target=\"_blank\" rel=\"noopener\">Curr\u00edculum<\/a><\/p>\n","protected":false},"excerpt":{"rendered":"<p>Departamento: Did\u00e1ctica de la Lengua y Literatura \u00c1rea: Lengua Espa\u00f1ola Universidad: Universidad de C\u00e1diz L\u00edneas de Investigaci\u00f3n:\u00a0Socioling\u00fc\u00edstica, disponibilidad l\u00e9xica. Grupo de Investigaci\u00f3n:\u00a0HUM-194 Status: Doctora investigadora colaboradora Correo Electr\u00f3nico: ester.trigo@uca.es Tel\u00e9fono:\u00a0956 016 245 Direcci\u00f3n de contacto:\u00a0Facultad de Ciencias de la Educaci\u00f3n,\u00a0Campus Universitario R\u00edo San Pedro,\u00a011519 &#8211; Puerto Real (C\u00e1diz),\u00a0Despacho 50, 1\u00aa planta Curr\u00edculum<\/p>\n","protected":false},"author":2,"featured_media":25361,"parent":34,"menu_order":0,"comment_status":"closed","ping_status":"closed","template":"","meta":{"footnotes":""},"class_list":["post-1476","page","type-page","status-publish","has-post-thumbnail","hentry"],"_links":{"self":[{"href":"https:\/\/cemyri.es\/es\/wp-json\/wp\/v2\/pages\/1476","targetHints":{"allow":["GET"]}}],"collection":[{"href":"https:\/\/cemyri.es\/es\/wp-json\/wp\/v2\/pages"}],"about":[{"href":"https:\/\/cemyri.es\/es\/wp-json\/wp\/v2\/types\/page"}],"author":[{"embeddable":true,"href":"https:\/\/cemyri.es\/es\/wp-json\/wp\/v2\/users\/2"}],"replies":[{"embeddable":true,"href":"https:\/\/cemyri.es\/es\/wp-json\/wp\/v2\/comments?post=1476"}],"version-history":[{"count":5,"href":"https:\/\/cemyri.es\/es\/wp-json\/wp\/v2\/pages\/1476\/revisions"}],"predecessor-version":[{"id":27800,"href":"https:\/\/cemyri.es\/es\/wp-json\/wp\/v2\/pages\/1476\/revisions\/27800"}],"up":[{"embeddable":true,"href":"https:\/\/cemyri.es\/es\/wp-json\/wp\/v2\/pages\/34"}],"wp:featuredmedia":[{"embeddable":true,"href":"https:\/\/cemyri.es\/es\/wp-json\/wp\/v2\/media\/25361"}],"wp:attachment":[{"href":"https:\/\/cemyri.es\/es\/wp-json\/wp\/v2\/media?parent=1476"}],"curies":[{"name":"wp","href":"https:\/\/api.w.org\/{rel}","templated":true}]}}