{"id":1491,"date":"2013-11-14T15:27:53","date_gmt":"2013-11-14T13:27:53","guid":{"rendered":"http:\/\/www.cemyri.es\/?page_id=1491"},"modified":"2016-07-05T11:18:47","modified_gmt":"2016-07-05T11:18:47","slug":"nadia-azougagh-bousnina","status":"publish","type":"page","link":"https:\/\/cemyri.es\/es\/colaboradores\/nadia-azougagh-bousnina\/","title":{"rendered":"Nadia Azougagh Bousnina"},"content":{"rendered":"<p><strong>Grado:<\/strong> Magisterio en Educaci\u00f3n Infantil (Universidad de Almer\u00eda)<\/p>\n<p><strong>M\u00e1ster: <\/strong>Estudios e Intervenci\u00f3n Social en Inmigraci\u00f3n, Desarrollo y Grupos Vulnerables<\/p>\n<p><strong>L\u00edneas de Investigaci\u00f3n:<\/strong>\u00a0Infancia y menores.<\/p>\n<p><strong>Grupo de Investigaci\u00f3n:<\/strong> <a href=\"http:\/\/www.cemyri.es\/\">CEMyRI<\/a><\/p>\n<p><strong>Status:<\/strong> Personal colaborador<\/p>\n<p><strong>\u00a0Correo Electr\u00f3nico:<\/strong> mundodenadia@hotmail.com<a href=\"mailto: eacien@ual.es\"><br \/>\n<\/a><\/p>\n<p><strong>Tel\u00e9fono:<\/strong>\u00a0630 254 113<\/p>\n<p><strong>Direcci\u00f3n de contacto:<\/strong> CEMyRI, Edificio de Servicios T\u00e9cnicos, Seg. Planta, Desp. 02.12.0, Universidad de Almer\u00eda<\/p>\n<p><a href=\"http:\/\/issuu.com\/cemyri\/docs\/cv_nadia_azougagh\">Curr\u00edculum<\/a><\/p>\n","protected":false},"excerpt":{"rendered":"<p>Grado: Magisterio en Educaci\u00f3n Infantil (Universidad de Almer\u00eda) M\u00e1ster: Estudios e Intervenci\u00f3n Social en Inmigraci\u00f3n, Desarrollo y Grupos Vulnerables L\u00edneas de Investigaci\u00f3n:\u00a0Infancia y menores. Grupo de Investigaci\u00f3n: CEMyRI Status: Personal colaborador \u00a0Correo Electr\u00f3nico: mundodenadia@hotmail.com Tel\u00e9fono:\u00a0630 254 113 Direcci\u00f3n de contacto: CEMyRI, Edificio de Servicios T\u00e9cnicos, Seg. Planta, Desp. 02.12.0, Universidad de Almer\u00eda Curr\u00edculum<\/p>\n","protected":false},"author":2,"featured_media":0,"parent":35,"menu_order":0,"comment_status":"closed","ping_status":"closed","template":"","meta":{"footnotes":""},"class_list":["post-1491","page","type-page","status-publish","hentry"],"_links":{"self":[{"href":"https:\/\/cemyri.es\/es\/wp-json\/wp\/v2\/pages\/1491","targetHints":{"allow":["GET"]}}],"collection":[{"href":"https:\/\/cemyri.es\/es\/wp-json\/wp\/v2\/pages"}],"about":[{"href":"https:\/\/cemyri.es\/es\/wp-json\/wp\/v2\/types\/page"}],"author":[{"embeddable":true,"href":"https:\/\/cemyri.es\/es\/wp-json\/wp\/v2\/users\/2"}],"replies":[{"embeddable":true,"href":"https:\/\/cemyri.es\/es\/wp-json\/wp\/v2\/comments?post=1491"}],"version-history":[{"count":1,"href":"https:\/\/cemyri.es\/es\/wp-json\/wp\/v2\/pages\/1491\/revisions"}],"predecessor-version":[{"id":25076,"href":"https:\/\/cemyri.es\/es\/wp-json\/wp\/v2\/pages\/1491\/revisions\/25076"}],"up":[{"embeddable":true,"href":"https:\/\/cemyri.es\/es\/wp-json\/wp\/v2\/pages\/35"}],"wp:attachment":[{"href":"https:\/\/cemyri.es\/es\/wp-json\/wp\/v2\/media?parent=1491"}],"curies":[{"name":"wp","href":"https:\/\/api.w.org\/{rel}","templated":true}]}}