{"id":1498,"date":"2013-11-14T15:54:22","date_gmt":"2013-11-14T13:54:22","guid":{"rendered":"http:\/\/www.cemyri.es\/?page_id=1498"},"modified":"2021-01-07T09:59:15","modified_gmt":"2021-01-07T09:59:15","slug":"juan-jose-bazan-sanchez","status":"publish","type":"page","link":"https:\/\/cemyri.es\/es\/colaboradores\/juan-jose-bazan-sanchez\/","title":{"rendered":"Juan Jos\u00e9 Baz\u00e1n S\u00e1nchez"},"content":{"rendered":"<p><strong>Grado:<\/strong>\u00a0Magisterio en Educaci\u00f3n F\u00edsica (Universidad de Almer\u00eda)<\/p>\n<p><strong>M\u00e1ster:<\/strong>\u00a0Pol\u00edticas y pr\u00e1cticas de innovaci\u00f3n educativa para la sociedad del conocimiento (Universidad de Almer\u00eda)<\/p>\n<p><strong>L\u00edneas de Investigaci\u00f3n:<\/strong> Infancia y menores.<\/p>\n<p><strong>Grupo de Investigaci\u00f3n:<\/strong>\u00a0<a href=\"http:\/\/www.cemyri.es\">CEMyRI<\/a><a href=\"http:\/\/www.lasc.es\/\" target=\"_blank\" rel=\"noopener noreferrer\"><br \/>\n<\/a><\/p>\n<p><strong>Status:<\/strong> Personal colaborador<\/p>\n<p><strong>\u00a0Correo Electr\u00f3nico:<\/strong> &#8211;<\/p>\n<p><strong>Tel\u00e9fono:<\/strong> &#8211;<\/p>\n<p><strong>Direcci\u00f3n de contacto:<\/strong> CEMyRI, CITE V, despacho 1.14. Universidad de Almer\u00eda<\/p>\n","protected":false},"excerpt":{"rendered":"<p>Grado:\u00a0Magisterio en Educaci\u00f3n F\u00edsica (Universidad de Almer\u00eda) M\u00e1ster:\u00a0Pol\u00edticas y pr\u00e1cticas de innovaci\u00f3n educativa para la sociedad del conocimiento (Universidad de Almer\u00eda) L\u00edneas de Investigaci\u00f3n: Infancia y menores. Grupo de Investigaci\u00f3n:\u00a0CEMyRI Status: Personal colaborador \u00a0Correo Electr\u00f3nico: &#8211; Tel\u00e9fono: &#8211; Direcci\u00f3n de contacto: CEMyRI, CITE V, despacho 1.14. Universidad de Almer\u00eda<\/p>\n","protected":false},"author":2,"featured_media":0,"parent":35,"menu_order":0,"comment_status":"closed","ping_status":"closed","template":"","meta":{"footnotes":""},"class_list":["post-1498","page","type-page","status-publish","hentry"],"_links":{"self":[{"href":"https:\/\/cemyri.es\/es\/wp-json\/wp\/v2\/pages\/1498","targetHints":{"allow":["GET"]}}],"collection":[{"href":"https:\/\/cemyri.es\/es\/wp-json\/wp\/v2\/pages"}],"about":[{"href":"https:\/\/cemyri.es\/es\/wp-json\/wp\/v2\/types\/page"}],"author":[{"embeddable":true,"href":"https:\/\/cemyri.es\/es\/wp-json\/wp\/v2\/users\/2"}],"replies":[{"embeddable":true,"href":"https:\/\/cemyri.es\/es\/wp-json\/wp\/v2\/comments?post=1498"}],"version-history":[{"count":2,"href":"https:\/\/cemyri.es\/es\/wp-json\/wp\/v2\/pages\/1498\/revisions"}],"predecessor-version":[{"id":27013,"href":"https:\/\/cemyri.es\/es\/wp-json\/wp\/v2\/pages\/1498\/revisions\/27013"}],"up":[{"embeddable":true,"href":"https:\/\/cemyri.es\/es\/wp-json\/wp\/v2\/pages\/35"}],"wp:attachment":[{"href":"https:\/\/cemyri.es\/es\/wp-json\/wp\/v2\/media?parent=1498"}],"curies":[{"name":"wp","href":"https:\/\/api.w.org\/{rel}","templated":true}]}}