{"id":1501,"date":"2013-11-15T12:45:21","date_gmt":"2013-11-15T10:45:21","guid":{"rendered":"http:\/\/www.cemyri.es\/?page_id=1501"},"modified":"2025-05-13T16:09:43","modified_gmt":"2025-05-13T16:09:43","slug":"teresa-belmonte-garcia","status":"publish","type":"page","link":"https:\/\/cemyri.es\/es\/investigadores-adscritos-titulares\/teresa-belmonte-garcia\/","title":{"rendered":"Teresa Belmonte Garc\u00eda"},"content":{"rendered":"<p><strong>Departamento:<\/strong>\u00a0Enfermer\u00eda, fisioterapia y medicina<\/p>\n<p><strong>\u00c1rea:<\/strong> Enfermer\u00eda<\/p>\n<p><strong>Universidad:<\/strong> Almer\u00eda<\/p>\n<p><strong>L\u00edneas de Investigaci\u00f3n:<\/strong>\u00a0Salud e inmigraci\u00f3n<\/p>\n<p><strong>Grupo de Investigaci\u00f3n:<\/strong> <a href=\"http:\/\/www.lasc.es\/\" target=\"_blank\" rel=\"noopener\">HUM-472<\/a><\/p>\n<p><strong>Status:<\/strong> Personal colaborador<\/p>\n<p><strong>\u00a0Correo Electr\u00f3nico:<\/strong>\u00a0tbgarcia@ual.es<\/p>\n<p><strong>Tel\u00e9fono:<\/strong>\u00a0950 015 944<\/p>\n<p><strong>Direcci\u00f3n de contacto:<\/strong>\u00a0Edificio de Ciencias de la Salud,\u00a0Planta\u00a02, Despacho\u00a012<\/p>\n<p><a href=\"http:\/\/issuu.com\/cemyri\/docs\/cv_teresa_belmonte\">Curr\u00edculum<\/a><\/p>\n","protected":false},"excerpt":{"rendered":"<p>Departamento:\u00a0Enfermer\u00eda, fisioterapia y medicina \u00c1rea: Enfermer\u00eda Universidad: Almer\u00eda L\u00edneas de Investigaci\u00f3n:\u00a0Salud e inmigraci\u00f3n Grupo de Investigaci\u00f3n: HUM-472 Status: Personal colaborador \u00a0Correo Electr\u00f3nico:\u00a0tbgarcia@ual.es Tel\u00e9fono:\u00a0950 015 944 Direcci\u00f3n de contacto:\u00a0Edificio de Ciencias de la Salud,\u00a0Planta\u00a02, Despacho\u00a012 Curr\u00edculum<\/p>\n","protected":false},"author":2,"featured_media":25363,"parent":33,"menu_order":0,"comment_status":"closed","ping_status":"closed","template":"","meta":{"footnotes":""},"class_list":["post-1501","page","type-page","status-publish","has-post-thumbnail","hentry"],"_links":{"self":[{"href":"https:\/\/cemyri.es\/es\/wp-json\/wp\/v2\/pages\/1501","targetHints":{"allow":["GET"]}}],"collection":[{"href":"https:\/\/cemyri.es\/es\/wp-json\/wp\/v2\/pages"}],"about":[{"href":"https:\/\/cemyri.es\/es\/wp-json\/wp\/v2\/types\/page"}],"author":[{"embeddable":true,"href":"https:\/\/cemyri.es\/es\/wp-json\/wp\/v2\/users\/2"}],"replies":[{"embeddable":true,"href":"https:\/\/cemyri.es\/es\/wp-json\/wp\/v2\/comments?post=1501"}],"version-history":[{"count":6,"href":"https:\/\/cemyri.es\/es\/wp-json\/wp\/v2\/pages\/1501\/revisions"}],"predecessor-version":[{"id":27776,"href":"https:\/\/cemyri.es\/es\/wp-json\/wp\/v2\/pages\/1501\/revisions\/27776"}],"up":[{"embeddable":true,"href":"https:\/\/cemyri.es\/es\/wp-json\/wp\/v2\/pages\/33"}],"wp:featuredmedia":[{"embeddable":true,"href":"https:\/\/cemyri.es\/es\/wp-json\/wp\/v2\/media\/25363"}],"wp:attachment":[{"href":"https:\/\/cemyri.es\/es\/wp-json\/wp\/v2\/media?parent=1501"}],"curies":[{"name":"wp","href":"https:\/\/api.w.org\/{rel}","templated":true}]}}