{"id":1505,"date":"2013-11-15T13:08:33","date_gmt":"2013-11-15T11:08:33","guid":{"rendered":"http:\/\/www.cemyri.es\/?page_id=1505"},"modified":"2023-07-25T18:11:35","modified_gmt":"2023-07-25T18:11:35","slug":"yolanda-cara-fernandez","status":"publish","type":"page","link":"https:\/\/cemyri.es\/es\/colaboradores\/yolanda-cara-fernandez\/","title":{"rendered":"Yolanda Cara Fern\u00e1ndez"},"content":{"rendered":"<p><strong>Grado:<\/strong>\u00a0Ciencias Pol\u00edticas y Sociolog\u00eda. Especialidad Sociolog\u00eda (Universidad de Granada)<\/p>\n<p><strong>M\u00e1ster:<\/strong>\u00a0Estudios Migratoria, Desarrollo e Intervenci\u00f3n Social (Universidad de Almer\u00eda)<\/p>\n<p><strong>Universidad:<\/strong> Almer\u00eda<\/p>\n<p><strong>L\u00edneas de Investigaci\u00f3n:<\/strong> Minor\u00edas \u00e9tnicas, grupos vulnerables, intervenci\u00f3n social y cooperaci\u00f3n internacional<\/p>\n<p><strong>Grupo de Investigaci\u00f3n:<\/strong> <a href=\"http:\/\/www.lasc.es\/\" target=\"_blank\" rel=\"noopener\">HUM-472<\/a><\/p>\n<p><strong>Status:<\/strong> Personal colaborador<\/p>\n<p><strong>T\u00e9cnico de proyectos<\/strong><\/p>\n<p><strong>\u00a0Correo Electr\u00f3nico:<\/strong>\u00a0yolandacara@gmail.com<\/p>\n<p><strong>Tel\u00e9fono:<\/strong>\u00a0659 230 550<\/p>\n<p><strong>Direcci\u00f3n de contacto:<\/strong> CEMyRI, Edificio de Servicios T\u00e9cnicos, Seg. Planta, Desp. 02.12.0, Universidad de Almer\u00eda<\/p>\n<p><strong><a href=\"http:\/\/issuu.com\/cemyri\/docs\/cv_yolanda_cara\">Curr\u00edculum<\/a><\/strong><\/p>\n","protected":false},"excerpt":{"rendered":"<p>Grado:\u00a0Ciencias Pol\u00edticas y Sociolog\u00eda. Especialidad Sociolog\u00eda (Universidad de Granada) M\u00e1ster:\u00a0Estudios Migratoria, Desarrollo e Intervenci\u00f3n Social (Universidad de Almer\u00eda) Universidad: Almer\u00eda L\u00edneas de Investigaci\u00f3n: Minor\u00edas \u00e9tnicas, grupos vulnerables, intervenci\u00f3n social y cooperaci\u00f3n internacional Grupo de Investigaci\u00f3n: HUM-472 Status: Personal colaborador T\u00e9cnico de proyectos \u00a0Correo Electr\u00f3nico:\u00a0yolandacara@gmail.com Tel\u00e9fono:\u00a0659 230 550 Direcci\u00f3n de contacto: CEMyRI, Edificio de Servicios T\u00e9cnicos,&#8230;<\/p>\n","protected":false},"author":2,"featured_media":25364,"parent":35,"menu_order":0,"comment_status":"closed","ping_status":"closed","template":"","meta":{"footnotes":""},"class_list":["post-1505","page","type-page","status-publish","has-post-thumbnail","hentry"],"_links":{"self":[{"href":"https:\/\/cemyri.es\/es\/wp-json\/wp\/v2\/pages\/1505","targetHints":{"allow":["GET"]}}],"collection":[{"href":"https:\/\/cemyri.es\/es\/wp-json\/wp\/v2\/pages"}],"about":[{"href":"https:\/\/cemyri.es\/es\/wp-json\/wp\/v2\/types\/page"}],"author":[{"embeddable":true,"href":"https:\/\/cemyri.es\/es\/wp-json\/wp\/v2\/users\/2"}],"replies":[{"embeddable":true,"href":"https:\/\/cemyri.es\/es\/wp-json\/wp\/v2\/comments?post=1505"}],"version-history":[{"count":4,"href":"https:\/\/cemyri.es\/es\/wp-json\/wp\/v2\/pages\/1505\/revisions"}],"predecessor-version":[{"id":27774,"href":"https:\/\/cemyri.es\/es\/wp-json\/wp\/v2\/pages\/1505\/revisions\/27774"}],"up":[{"embeddable":true,"href":"https:\/\/cemyri.es\/es\/wp-json\/wp\/v2\/pages\/35"}],"wp:featuredmedia":[{"embeddable":true,"href":"https:\/\/cemyri.es\/es\/wp-json\/wp\/v2\/media\/25364"}],"wp:attachment":[{"href":"https:\/\/cemyri.es\/es\/wp-json\/wp\/v2\/media?parent=1505"}],"curies":[{"name":"wp","href":"https:\/\/api.w.org\/{rel}","templated":true}]}}