{"id":1515,"date":"2013-11-15T14:03:21","date_gmt":"2013-11-15T12:03:21","guid":{"rendered":"http:\/\/www.cemyri.es\/?page_id=1515"},"modified":"2023-07-25T18:23:39","modified_gmt":"2023-07-25T18:23:39","slug":"cristina-cuenca-piqueras","status":"publish","type":"page","link":"https:\/\/cemyri.es\/es\/doctores-colaboradores\/cristina-cuenca-piqueras\/","title":{"rendered":"Cristina Cuenca Piqueras"},"content":{"rendered":"<p><strong>Grado:<\/strong> Derecho (Universidad de Murcia)<\/p>\n<p><strong>M\u00e1ster:\u00a0<\/strong>M\u00e1ster en estudios Migratorios, Desarrollo e intervenci\u00f3n social (Universidad de Almer\u00eda); M\u00e1ster en Sociolog\u00eda Aplicada (Universidad de Murcia)<\/p>\n<p><strong>L\u00edneas de Investigaci\u00f3n:<\/strong>\u00a0Acoso sexual en el trabajo, g\u00e9nero e inmigraci\u00f3n<\/p>\n<p><strong>Grupo de Investigaci\u00f3n:<\/strong> <a href=\"http:\/\/cvirtual.ual.es\/webual\/jsp\/investigacion\/nuevo\/pInicio.jsp?id_grupo=SEJ419\">SEJ419<\/a><a href=\"http:\/\/www.lasc.es\/\" target=\"_blank\" rel=\"noopener\"><br \/>\n<\/a><\/p>\n<p><strong>Status:<\/strong> Personal colaborador<\/p>\n<p><strong>\u00a0Correo Electr\u00f3nico:<\/strong>\u00a0cristinacp17@hotmail.com<\/p>\n<p><strong>Tel\u00e9fono:<\/strong>\u00a0653 411 009<\/p>\n<p><strong>Direcci\u00f3n de contacto:<\/strong> CEMyRI, Edificio de Servicios T\u00e9cnicos, Seg. Planta, Desp. 02.12.0, Universidad de Almer\u00eda<\/p>\n<p><strong><a href=\"https:\/\/cemyri.es\/es\/wp-content\/uploads\/2016\/07\/CVN-30-6-16.pdf\">Curr\u00edculum<\/a><\/strong><\/p>\n","protected":false},"excerpt":{"rendered":"<p>Grado: Derecho (Universidad de Murcia) M\u00e1ster:\u00a0M\u00e1ster en estudios Migratorios, Desarrollo e intervenci\u00f3n social (Universidad de Almer\u00eda); M\u00e1ster en Sociolog\u00eda Aplicada (Universidad de Murcia) L\u00edneas de Investigaci\u00f3n:\u00a0Acoso sexual en el trabajo, g\u00e9nero e inmigraci\u00f3n Grupo de Investigaci\u00f3n: SEJ419 Status: Personal colaborador \u00a0Correo Electr\u00f3nico:\u00a0cristinacp17@hotmail.com Tel\u00e9fono:\u00a0653 411 009 Direcci\u00f3n de contacto: CEMyRI, Edificio de Servicios T\u00e9cnicos, Seg. Planta,&#8230;<\/p>\n","protected":false},"author":2,"featured_media":25365,"parent":34,"menu_order":0,"comment_status":"closed","ping_status":"closed","template":"","meta":{"footnotes":""},"class_list":["post-1515","page","type-page","status-publish","has-post-thumbnail","hentry"],"_links":{"self":[{"href":"https:\/\/cemyri.es\/es\/wp-json\/wp\/v2\/pages\/1515","targetHints":{"allow":["GET"]}}],"collection":[{"href":"https:\/\/cemyri.es\/es\/wp-json\/wp\/v2\/pages"}],"about":[{"href":"https:\/\/cemyri.es\/es\/wp-json\/wp\/v2\/types\/page"}],"author":[{"embeddable":true,"href":"https:\/\/cemyri.es\/es\/wp-json\/wp\/v2\/users\/2"}],"replies":[{"embeddable":true,"href":"https:\/\/cemyri.es\/es\/wp-json\/wp\/v2\/comments?post=1515"}],"version-history":[{"count":4,"href":"https:\/\/cemyri.es\/es\/wp-json\/wp\/v2\/pages\/1515\/revisions"}],"predecessor-version":[{"id":27804,"href":"https:\/\/cemyri.es\/es\/wp-json\/wp\/v2\/pages\/1515\/revisions\/27804"}],"up":[{"embeddable":true,"href":"https:\/\/cemyri.es\/es\/wp-json\/wp\/v2\/pages\/34"}],"wp:featuredmedia":[{"embeddable":true,"href":"https:\/\/cemyri.es\/es\/wp-json\/wp\/v2\/media\/25365"}],"wp:attachment":[{"href":"https:\/\/cemyri.es\/es\/wp-json\/wp\/v2\/media?parent=1515"}],"curies":[{"name":"wp","href":"https:\/\/api.w.org\/{rel}","templated":true}]}}