{"id":1522,"date":"2013-11-15T15:39:25","date_gmt":"2013-11-15T13:39:25","guid":{"rendered":"http:\/\/www.cemyri.es\/?page_id=1522"},"modified":"2017-07-24T09:37:29","modified_gmt":"2017-07-24T09:37:29","slug":"victoria-figueredo-canosa","status":"publish","type":"page","link":"https:\/\/cemyri.es\/es\/doctores-colaboradores\/victoria-figueredo-canosa\/","title":{"rendered":"Victoria Figueredo Canosa"},"content":{"rendered":"<p><strong>Grado: <\/strong>Pedagog\u00eda (Universidad de Almer\u00eda)<\/p>\n<p><strong>M\u00e1ster:<\/strong>\u00a0M\u00e1ster Oficial en Estudios e Intervenci\u00f3n Social en Inmigraci\u00f3n, Desarrollo y Grupos Vulnerables (Universidad de Almer\u00eda)<\/p>\n<p><strong>Doctorado:\u00a0<\/strong>Doctorado en Estudios Migratorios, Desarrollo e Intervenci\u00f3n Social (Universidad de Almer\u00eda)<\/p>\n<p><strong>L\u00edneas de Investigaci\u00f3n:<\/strong> Educaci\u00f3n intercultural<\/p>\n<p><strong>Grupo de Investigaci\u00f3n:<\/strong> <a href=\"http:\/\/cvirtual.ual.es\/webual\/jsp\/investigacion\/nuevo\/pInicio.jsp?id_grupo=HUM782\">HUM782<\/a><a href=\"http:\/\/www.lasc.es\/\" target=\"_blank\"><br \/>\n<\/a><\/p>\n<p><strong>Status:<\/strong> Personal colaborador<\/p>\n<p><strong>Correo Electr\u00f3nico:<\/strong>\u00a0victoriafigueredoc@hotmail.com<\/p>\n<p><strong>Tel\u00e9fono:<\/strong>\u00a0950 015487<\/p>\n<p><strong>Direcci\u00f3n de contacto:<\/strong> CEMyRI, Edificio de Servicios T\u00e9cnicos, Seg. Planta, Desp. 02.12.0, Universidad de Almer\u00eda<\/p>\n<p><strong><a href=\"https:\/\/es.linkedin.com\/in\/victoria-figueredo-canosa-3484b35a\" target=\"_blank\">Curr\u00edculum<\/a><\/strong><\/p>\n","protected":false},"excerpt":{"rendered":"<p>Grado: Pedagog\u00eda (Universidad de Almer\u00eda) M\u00e1ster:\u00a0M\u00e1ster Oficial en Estudios e Intervenci\u00f3n Social en Inmigraci\u00f3n, Desarrollo y Grupos Vulnerables (Universidad de Almer\u00eda) Doctorado:\u00a0Doctorado en Estudios Migratorios, Desarrollo e Intervenci\u00f3n Social (Universidad de Almer\u00eda) L\u00edneas de Investigaci\u00f3n: Educaci\u00f3n intercultural Grupo de Investigaci\u00f3n: HUM782 Status: Personal colaborador Correo Electr\u00f3nico:\u00a0victoriafigueredoc@hotmail.com Tel\u00e9fono:\u00a0950 015487 Direcci\u00f3n de contacto: CEMyRI, Edificio de Servicios&#8230;<\/p>\n","protected":false},"author":2,"featured_media":0,"parent":34,"menu_order":0,"comment_status":"closed","ping_status":"closed","template":"","meta":{"footnotes":""},"class_list":["post-1522","page","type-page","status-publish","hentry"],"_links":{"self":[{"href":"https:\/\/cemyri.es\/es\/wp-json\/wp\/v2\/pages\/1522","targetHints":{"allow":["GET"]}}],"collection":[{"href":"https:\/\/cemyri.es\/es\/wp-json\/wp\/v2\/pages"}],"about":[{"href":"https:\/\/cemyri.es\/es\/wp-json\/wp\/v2\/types\/page"}],"author":[{"embeddable":true,"href":"https:\/\/cemyri.es\/es\/wp-json\/wp\/v2\/users\/2"}],"replies":[{"embeddable":true,"href":"https:\/\/cemyri.es\/es\/wp-json\/wp\/v2\/comments?post=1522"}],"version-history":[{"count":3,"href":"https:\/\/cemyri.es\/es\/wp-json\/wp\/v2\/pages\/1522\/revisions"}],"predecessor-version":[{"id":25605,"href":"https:\/\/cemyri.es\/es\/wp-json\/wp\/v2\/pages\/1522\/revisions\/25605"}],"up":[{"embeddable":true,"href":"https:\/\/cemyri.es\/es\/wp-json\/wp\/v2\/pages\/34"}],"wp:attachment":[{"href":"https:\/\/cemyri.es\/es\/wp-json\/wp\/v2\/media?parent=1522"}],"curies":[{"name":"wp","href":"https:\/\/api.w.org\/{rel}","templated":true}]}}