{"id":1534,"date":"2013-11-20T14:25:39","date_gmt":"2013-11-20T12:25:39","guid":{"rendered":"http:\/\/www.cemyri.es\/?page_id=1534"},"modified":"2023-07-25T18:10:29","modified_gmt":"2023-07-25T18:10:29","slug":"isabel-maria-garcia-jimenez","status":"publish","type":"page","link":"https:\/\/cemyri.es\/es\/colaboradores\/isabel-maria-garcia-jimenez\/","title":{"rendered":"Isabel Mar\u00eda Garc\u00eda Jim\u00e9nez"},"content":{"rendered":"<p><strong>Grado:<\/strong>\u00a0Administraci\u00f3n y Direcci\u00f3n de Empresas (Universidad de Almer\u00eda y Universidad de Napoles)<\/p>\n<p><strong>M\u00e1ster:<\/strong>\u00a0Estudios Migratorios, Desarrollo e Intervenci\u00f3n Social (Universidad de Granada y Universidad de Brighton)<\/p>\n<p><strong>L\u00edneas de Investigaci\u00f3n:<\/strong>\u00a0Neoinstitucionalismo econ\u00f3mico, desarrollo, cooperaci\u00f3n y g\u00e9nero<\/p>\n<p><strong>Grupo de Investigaci\u00f3n: <\/strong><a href=\"http:\/\/www.cemyri.es\/\">CEMyRI<\/a><\/p>\n<p><strong>Status:<\/strong> Personal colaborador<\/p>\n<p><strong>\u00a0Correo Electr\u00f3nico:<\/strong>\u00a0petaloisa@hotmail.com<\/p>\n<p><strong>Tel\u00e9fono:<\/strong>\u00a0635 878 146<\/p>\n<p><strong>Direcci\u00f3n de contacto:<\/strong> CEMyRI, Edificio de Servicios T\u00e9cnicos, Seg. Planta, Desp. 02.12.0, Universidad de Almer\u00eda<\/p>\n<p><a href=\"http:\/\/issuu.com\/cemyri\/docs\/cv_isabel_maria_garcia_jimenez\">Curr\u00edculum<\/a><\/p>\n","protected":false},"excerpt":{"rendered":"<p>Grado:\u00a0Administraci\u00f3n y Direcci\u00f3n de Empresas (Universidad de Almer\u00eda y Universidad de Napoles) M\u00e1ster:\u00a0Estudios Migratorios, Desarrollo e Intervenci\u00f3n Social (Universidad de Granada y Universidad de Brighton) L\u00edneas de Investigaci\u00f3n:\u00a0Neoinstitucionalismo econ\u00f3mico, desarrollo, cooperaci\u00f3n y g\u00e9nero Grupo de Investigaci\u00f3n: CEMyRI Status: Personal colaborador \u00a0Correo Electr\u00f3nico:\u00a0petaloisa@hotmail.com Tel\u00e9fono:\u00a0635 878 146 Direcci\u00f3n de contacto: CEMyRI, Edificio de Servicios T\u00e9cnicos, Seg. Planta,&#8230;<\/p>\n","protected":false},"author":2,"featured_media":25366,"parent":35,"menu_order":0,"comment_status":"closed","ping_status":"closed","template":"","meta":{"footnotes":""},"class_list":["post-1534","page","type-page","status-publish","has-post-thumbnail","hentry"],"_links":{"self":[{"href":"https:\/\/cemyri.es\/es\/wp-json\/wp\/v2\/pages\/1534","targetHints":{"allow":["GET"]}}],"collection":[{"href":"https:\/\/cemyri.es\/es\/wp-json\/wp\/v2\/pages"}],"about":[{"href":"https:\/\/cemyri.es\/es\/wp-json\/wp\/v2\/types\/page"}],"author":[{"embeddable":true,"href":"https:\/\/cemyri.es\/es\/wp-json\/wp\/v2\/users\/2"}],"replies":[{"embeddable":true,"href":"https:\/\/cemyri.es\/es\/wp-json\/wp\/v2\/comments?post=1534"}],"version-history":[{"count":3,"href":"https:\/\/cemyri.es\/es\/wp-json\/wp\/v2\/pages\/1534\/revisions"}],"predecessor-version":[{"id":27770,"href":"https:\/\/cemyri.es\/es\/wp-json\/wp\/v2\/pages\/1534\/revisions\/27770"}],"up":[{"embeddable":true,"href":"https:\/\/cemyri.es\/es\/wp-json\/wp\/v2\/pages\/35"}],"wp:featuredmedia":[{"embeddable":true,"href":"https:\/\/cemyri.es\/es\/wp-json\/wp\/v2\/media\/25366"}],"wp:attachment":[{"href":"https:\/\/cemyri.es\/es\/wp-json\/wp\/v2\/media?parent=1534"}],"curies":[{"name":"wp","href":"https:\/\/api.w.org\/{rel}","templated":true}]}}