{"id":1539,"date":"2013-11-20T14:36:41","date_gmt":"2013-11-20T12:36:41","guid":{"rendered":"http:\/\/www.cemyri.es\/?page_id=1539"},"modified":"2023-07-25T18:09:51","modified_gmt":"2023-07-25T18:09:51","slug":"victor-manuel-gonzalez-requena","status":"publish","type":"page","link":"https:\/\/cemyri.es\/es\/colaboradores\/victor-manuel-gonzalez-requena\/","title":{"rendered":"V\u00edctor Manuel Gonz\u00e1lez Requena"},"content":{"rendered":"<p><strong>Departamento:<\/strong>\u00a0Licenciado en Ciencias Pol\u00edticas y Sociolog\u00eda.\u00a0Especialidad Ciencias Pol\u00edticas (Universidad de Granada) y Diplomado en Trabajo Social (Universidad de Granada)<\/p>\n<p><strong>Posgrados:<\/strong>\u00a0Especialista Universitario en Educaci\u00f3n para la\u00a0Solidaridad y el Desarrollo (Universidad de Comillas), Especializaci\u00f3n en T\u00e9cnico en Planificaci\u00f3n de Proyectos de Desarrollo (Universitat Oberta de Catalunya) y Experto Universitario en Proyectos de Participaci\u00f3n en Educaci\u00f3n Social y Animaci\u00f3n Sociocultural (Universidad de Sevilla).<\/p>\n<p><strong>L\u00edneas de Investigaci\u00f3n:<\/strong>\u00a0Migraciones Internacionales y Derechos Humanos<\/p>\n<p><strong>Grupo de Investigaci\u00f3n: <\/strong><a href=\"http:\/\/www.cemyri.es\/\">CEMyRI<\/a><\/p>\n<p><strong>Status:<\/strong> Personal colaborador<\/p>\n<p><strong>\u00a0Correo Electr\u00f3nico:<\/strong>\u00a0victorgonzalezrequena@gmail.com<\/p>\n<p><strong>Tel\u00e9fono:<\/strong>\u00a00050 494 561 598 (Honduras)<\/p>\n<p><strong>Direcci\u00f3n de contacto:<\/strong> CEMyRI, Edificio de Servicios T\u00e9cnicos, Seg. Planta, Desp. 02.12.0, Universidad de Almer\u00eda<\/p>\n<p><a href=\"http:\/\/issuu.com\/cemyri\/docs\/cv_v__ctor_m._gonz__lez_requena\">Curr\u00edculum<\/a><\/p>\n","protected":false},"excerpt":{"rendered":"<p>Departamento:\u00a0Licenciado en Ciencias Pol\u00edticas y Sociolog\u00eda.\u00a0Especialidad Ciencias Pol\u00edticas (Universidad de Granada) y Diplomado en Trabajo Social (Universidad de Granada) Posgrados:\u00a0Especialista Universitario en Educaci\u00f3n para la\u00a0Solidaridad y el Desarrollo (Universidad de Comillas), Especializaci\u00f3n en T\u00e9cnico en Planificaci\u00f3n de Proyectos de Desarrollo (Universitat Oberta de Catalunya) y Experto Universitario en Proyectos de Participaci\u00f3n en Educaci\u00f3n Social y&#8230;<\/p>\n","protected":false},"author":2,"featured_media":25367,"parent":35,"menu_order":0,"comment_status":"closed","ping_status":"closed","template":"","meta":{"footnotes":""},"class_list":["post-1539","page","type-page","status-publish","has-post-thumbnail","hentry"],"_links":{"self":[{"href":"https:\/\/cemyri.es\/es\/wp-json\/wp\/v2\/pages\/1539","targetHints":{"allow":["GET"]}}],"collection":[{"href":"https:\/\/cemyri.es\/es\/wp-json\/wp\/v2\/pages"}],"about":[{"href":"https:\/\/cemyri.es\/es\/wp-json\/wp\/v2\/types\/page"}],"author":[{"embeddable":true,"href":"https:\/\/cemyri.es\/es\/wp-json\/wp\/v2\/users\/2"}],"replies":[{"embeddable":true,"href":"https:\/\/cemyri.es\/es\/wp-json\/wp\/v2\/comments?post=1539"}],"version-history":[{"count":4,"href":"https:\/\/cemyri.es\/es\/wp-json\/wp\/v2\/pages\/1539\/revisions"}],"predecessor-version":[{"id":27769,"href":"https:\/\/cemyri.es\/es\/wp-json\/wp\/v2\/pages\/1539\/revisions\/27769"}],"up":[{"embeddable":true,"href":"https:\/\/cemyri.es\/es\/wp-json\/wp\/v2\/pages\/35"}],"wp:featuredmedia":[{"embeddable":true,"href":"https:\/\/cemyri.es\/es\/wp-json\/wp\/v2\/media\/25367"}],"wp:attachment":[{"href":"https:\/\/cemyri.es\/es\/wp-json\/wp\/v2\/media?parent=1539"}],"curies":[{"name":"wp","href":"https:\/\/api.w.org\/{rel}","templated":true}]}}