{"id":1543,"date":"2013-11-20T15:00:12","date_gmt":"2013-11-20T13:00:12","guid":{"rendered":"http:\/\/www.cemyri.es\/?page_id=1543"},"modified":"2019-11-06T12:14:58","modified_gmt":"2019-11-06T12:14:58","slug":"aurora-conde-gonzalvez","status":"publish","type":"page","link":"https:\/\/cemyri.es\/es\/colaboradores\/aurora-conde-gonzalvez\/","title":{"rendered":"Aurora Conde Gonz\u00e1lvez"},"content":{"rendered":"<p><strong>Grados:<\/strong>\u00a0Licenciatura en\u00a0Derecho y Licenciatura en Direcci\u00f3n y Administraci\u00f3n de Empresas (Universidad Carlos III)<\/p>\n<p><b>M\u00e1sters:\u00a0<\/b>Magister en Pol\u00edticas y \u00c9ticas P\u00fablicas para la Democratizaci\u00f3n y el Desarrollo del Tercer Mundo (Universidad Complutense de Madrid) y\u00a0Estudios Avanzados en Derechos Humanos (Universidad Carlos III)<\/p>\n<p><strong>L\u00edneas de Investigaci\u00f3n:<\/strong>\u00a0Derechos Humanos, G\u00e9nero y Filosof\u00eda del Derecho<\/p>\n<p><strong>Grupo de Investigaci\u00f3n:<\/strong> <a href=\"http:\/\/www.uc3m.es\/Inicio\">Grupo de Estudios Feministas de la Universidad Carlos III Madrid<\/a><a href=\"http:\/\/www.lasc.es\/\" target=\"_blank\" rel=\"noopener noreferrer\"><br \/>\n<\/a><\/p>\n<p><strong>Status:<\/strong> Personal colaborador<\/p>\n<p><strong>Direcci\u00f3n de contacto:<\/strong> CEMyRI, Edificio de Servicios T\u00e9cnicos, Seg. Planta, Desp. 02.12.0, Universidad de Almer\u00eda<\/p>\n<p><strong>Curr\u00edculum<\/strong><\/p>\n","protected":false},"excerpt":{"rendered":"<p>Grados:\u00a0Licenciatura en\u00a0Derecho y Licenciatura en Direcci\u00f3n y Administraci\u00f3n de Empresas (Universidad Carlos III) M\u00e1sters:\u00a0Magister en Pol\u00edticas y \u00c9ticas P\u00fablicas para la Democratizaci\u00f3n y el Desarrollo del Tercer Mundo (Universidad Complutense de Madrid) y\u00a0Estudios Avanzados en Derechos Humanos (Universidad Carlos III) L\u00edneas de Investigaci\u00f3n:\u00a0Derechos Humanos, G\u00e9nero y Filosof\u00eda del Derecho Grupo de Investigaci\u00f3n: Grupo de Estudios&#8230;<\/p>\n","protected":false},"author":2,"featured_media":0,"parent":35,"menu_order":0,"comment_status":"closed","ping_status":"closed","template":"","meta":{"footnotes":""},"class_list":["post-1543","page","type-page","status-publish","hentry"],"_links":{"self":[{"href":"https:\/\/cemyri.es\/es\/wp-json\/wp\/v2\/pages\/1543","targetHints":{"allow":["GET"]}}],"collection":[{"href":"https:\/\/cemyri.es\/es\/wp-json\/wp\/v2\/pages"}],"about":[{"href":"https:\/\/cemyri.es\/es\/wp-json\/wp\/v2\/types\/page"}],"author":[{"embeddable":true,"href":"https:\/\/cemyri.es\/es\/wp-json\/wp\/v2\/users\/2"}],"replies":[{"embeddable":true,"href":"https:\/\/cemyri.es\/es\/wp-json\/wp\/v2\/comments?post=1543"}],"version-history":[{"count":4,"href":"https:\/\/cemyri.es\/es\/wp-json\/wp\/v2\/pages\/1543\/revisions"}],"predecessor-version":[{"id":26759,"href":"https:\/\/cemyri.es\/es\/wp-json\/wp\/v2\/pages\/1543\/revisions\/26759"}],"up":[{"embeddable":true,"href":"https:\/\/cemyri.es\/es\/wp-json\/wp\/v2\/pages\/35"}],"wp:attachment":[{"href":"https:\/\/cemyri.es\/es\/wp-json\/wp\/v2\/media?parent=1543"}],"curies":[{"name":"wp","href":"https:\/\/api.w.org\/{rel}","templated":true}]}}