{"id":1548,"date":"2013-11-20T15:25:01","date_gmt":"2013-11-20T13:25:01","guid":{"rendered":"http:\/\/www.cemyri.es\/?page_id=1548"},"modified":"2023-07-25T18:20:05","modified_gmt":"2023-07-25T18:20:05","slug":"soledad-gutierrez-pastor","status":"publish","type":"page","link":"https:\/\/cemyri.es\/es\/doctores-colaboradores\/soledad-gutierrez-pastor\/","title":{"rendered":"Soledad Guti\u00e9rrez Pastor"},"content":{"rendered":"<p><strong>Grado:<\/strong>\u00a0Licenciatura en Ciencias de la Informaci\u00f3n. Comunicaci\u00f3n Audiovisual (Universidad de M\u00e1laga)<\/p>\n<p><strong>Posgrado:\u00a0<\/strong>Magister Pol\u00edticas y \u00c9ticas P\u00fablicas para la Democratizaci\u00f3n y el Desarrollo del Tercer Mundo (Universidad Complutense de Madrid),\u00a0Doctorado en Estudios Migratorios, Desarrollo e Intervenci\u00f3n Social (Universidad de Almer\u00eda), M\u00e1ster Iberoamericano en Cooperaci\u00f3n Internacional y Desarrollo (Universidad de Cantabria), Programa de formaci\u00f3n de la I Edici\u00f3n de la Escuela Internacional de Cooperaci\u00f3n para el Desarrollo (Universidad Complutense de Madrid) y Master Oficial Interuniversitario en Estudios Migratorios, Desarrollo e Intervenci\u00f3n Social (Universidad de Almer\u00eda)<\/p>\n<p><strong>L\u00edneas de Investigaci\u00f3n:<\/strong>\u00a0Cooperaci\u00f3n y Desarrollo<\/p>\n<p><strong>Grupo de Investigaci\u00f3n:<\/strong> <a href=\"http:\/\/www.cemyri.es\">CEMyRI<\/a><\/p>\n<p><strong>Status:<\/strong>\u00a0Doctor colaborador<\/p>\n<p><strong>Correo electr\u00f3nico de contacto: <\/strong>eloss80@hotmail.com<\/p>\n<p><a href=\"https:\/\/www.linkedin.com\/in\/sole-guti%C3%A9rrez-93880b91\"><strong>Curr\u00edculum<\/strong><\/a><\/p>\n","protected":false},"excerpt":{"rendered":"<p>Grado:\u00a0Licenciatura en Ciencias de la Informaci\u00f3n. Comunicaci\u00f3n Audiovisual (Universidad de M\u00e1laga) Posgrado:\u00a0Magister Pol\u00edticas y \u00c9ticas P\u00fablicas para la Democratizaci\u00f3n y el Desarrollo del Tercer Mundo (Universidad Complutense de Madrid),\u00a0Doctorado en Estudios Migratorios, Desarrollo e Intervenci\u00f3n Social (Universidad de Almer\u00eda), M\u00e1ster Iberoamericano en Cooperaci\u00f3n Internacional y Desarrollo (Universidad de Cantabria), Programa de formaci\u00f3n de la I&#8230;<\/p>\n","protected":false},"author":2,"featured_media":25369,"parent":34,"menu_order":0,"comment_status":"closed","ping_status":"closed","template":"","meta":{"footnotes":""},"class_list":["post-1548","page","type-page","status-publish","has-post-thumbnail","hentry"],"_links":{"self":[{"href":"https:\/\/cemyri.es\/es\/wp-json\/wp\/v2\/pages\/1548","targetHints":{"allow":["GET"]}}],"collection":[{"href":"https:\/\/cemyri.es\/es\/wp-json\/wp\/v2\/pages"}],"about":[{"href":"https:\/\/cemyri.es\/es\/wp-json\/wp\/v2\/types\/page"}],"author":[{"embeddable":true,"href":"https:\/\/cemyri.es\/es\/wp-json\/wp\/v2\/users\/2"}],"replies":[{"embeddable":true,"href":"https:\/\/cemyri.es\/es\/wp-json\/wp\/v2\/comments?post=1548"}],"version-history":[{"count":7,"href":"https:\/\/cemyri.es\/es\/wp-json\/wp\/v2\/pages\/1548\/revisions"}],"predecessor-version":[{"id":27792,"href":"https:\/\/cemyri.es\/es\/wp-json\/wp\/v2\/pages\/1548\/revisions\/27792"}],"up":[{"embeddable":true,"href":"https:\/\/cemyri.es\/es\/wp-json\/wp\/v2\/pages\/34"}],"wp:featuredmedia":[{"embeddable":true,"href":"https:\/\/cemyri.es\/es\/wp-json\/wp\/v2\/media\/25369"}],"wp:attachment":[{"href":"https:\/\/cemyri.es\/es\/wp-json\/wp\/v2\/media?parent=1548"}],"curies":[{"name":"wp","href":"https:\/\/api.w.org\/{rel}","templated":true}]}}