{"id":1552,"date":"2013-11-20T15:42:05","date_gmt":"2013-11-20T13:42:05","guid":{"rendered":"http:\/\/www.cemyri.es\/?page_id=1552"},"modified":"2023-07-25T18:09:38","modified_gmt":"2023-07-25T18:09:38","slug":"maria-de-las-mercedes-hidalgo-collazos","status":"publish","type":"page","link":"https:\/\/cemyri.es\/es\/colaboradores\/maria-de-las-mercedes-hidalgo-collazos\/","title":{"rendered":"Mar\u00eda de las Mercedes Hidalgo Collazos"},"content":{"rendered":"<p><strong>Grado:<\/strong> Enfermer\u00eda (Universidad de Almer\u00eda)<\/p>\n<p><strong>Posgrados:<\/strong>\u00a0Post-grado Universitario de Investigaci\u00f3n en Salud Mental: Neurotoxicolog\u00eda y\u00a0Farmacolog\u00eda y Experto Universitario en Enfermedades Neurodegenerativas: Alzheimer y otras\u00a0demencias (Universidad de Almer\u00eda).<\/p>\n<p><strong>L\u00edneas de Investigaci\u00f3n:<\/strong> Salud e inmigraci\u00f3n.<\/p>\n<p><strong>Grupo de Investigaci\u00f3n:<\/strong>\u00a0<a href=\"http:\/\/www.cemyri.es\">CEMyRI<\/a><a href=\"http:\/\/www.lasc.es\/\" target=\"_blank\" rel=\"noopener\"><br \/>\n<\/a><\/p>\n<p><strong>Status:<\/strong> Personal colaborador<\/p>\n<p><strong>Direcci\u00f3n de contacto:<\/strong> CEMyRI, Edificio de Servicios T\u00e9cnicos, Seg. Planta, Desp. 02.12.0, Universidad de Almer\u00eda<\/p>\n<p><strong>Curr\u00edculum<\/strong><\/p>\n","protected":false},"excerpt":{"rendered":"<p>Grado: Enfermer\u00eda (Universidad de Almer\u00eda) Posgrados:\u00a0Post-grado Universitario de Investigaci\u00f3n en Salud Mental: Neurotoxicolog\u00eda y\u00a0Farmacolog\u00eda y Experto Universitario en Enfermedades Neurodegenerativas: Alzheimer y otras\u00a0demencias (Universidad de Almer\u00eda). L\u00edneas de Investigaci\u00f3n: Salud e inmigraci\u00f3n. Grupo de Investigaci\u00f3n:\u00a0CEMyRI Status: Personal colaborador Direcci\u00f3n de contacto: CEMyRI, Edificio de Servicios T\u00e9cnicos, Seg. Planta, Desp. 02.12.0, Universidad de Almer\u00eda Curr\u00edculum<\/p>\n","protected":false},"author":2,"featured_media":25370,"parent":35,"menu_order":0,"comment_status":"closed","ping_status":"closed","template":"","meta":{"footnotes":""},"class_list":["post-1552","page","type-page","status-publish","has-post-thumbnail","hentry"],"_links":{"self":[{"href":"https:\/\/cemyri.es\/es\/wp-json\/wp\/v2\/pages\/1552","targetHints":{"allow":["GET"]}}],"collection":[{"href":"https:\/\/cemyri.es\/es\/wp-json\/wp\/v2\/pages"}],"about":[{"href":"https:\/\/cemyri.es\/es\/wp-json\/wp\/v2\/types\/page"}],"author":[{"embeddable":true,"href":"https:\/\/cemyri.es\/es\/wp-json\/wp\/v2\/users\/2"}],"replies":[{"embeddable":true,"href":"https:\/\/cemyri.es\/es\/wp-json\/wp\/v2\/comments?post=1552"}],"version-history":[{"count":7,"href":"https:\/\/cemyri.es\/es\/wp-json\/wp\/v2\/pages\/1552\/revisions"}],"predecessor-version":[{"id":27767,"href":"https:\/\/cemyri.es\/es\/wp-json\/wp\/v2\/pages\/1552\/revisions\/27767"}],"up":[{"embeddable":true,"href":"https:\/\/cemyri.es\/es\/wp-json\/wp\/v2\/pages\/35"}],"wp:featuredmedia":[{"embeddable":true,"href":"https:\/\/cemyri.es\/es\/wp-json\/wp\/v2\/media\/25370"}],"wp:attachment":[{"href":"https:\/\/cemyri.es\/es\/wp-json\/wp\/v2\/media?parent=1552"}],"curies":[{"name":"wp","href":"https:\/\/api.w.org\/{rel}","templated":true}]}}