{"id":1570,"date":"2013-11-22T12:06:48","date_gmt":"2013-11-22T10:06:48","guid":{"rendered":"http:\/\/www.cemyri.es\/?page_id=1570"},"modified":"2023-07-25T18:13:38","modified_gmt":"2023-07-25T18:13:38","slug":"david-lorenz","status":"publish","type":"page","link":"https:\/\/cemyri.es\/es\/colaboradores\/david-lorenz\/","title":{"rendered":"David Lorenz"},"content":{"rendered":"<p><strong>Grado:<\/strong>\u00a0Ciencias de la Cultura y la Econom\u00eda Internacional (Universidad de Passau, Alemania).<\/p>\n<p><strong>Doctorado:<\/strong>\u00a0Estudios Migratorios, Desarrollo e Intervenci\u00f3n Social (Universidad de Almer\u00eda).<\/p>\n<p><strong>L\u00edneas de Investigaci\u00f3n:<\/strong>\u00a0Aprendizaje cooperativo.<\/p>\n<p><strong>Grupo de Investigaci\u00f3n:<\/strong>\u00a0<a href=\"http:\/\/www.cemyri.es\">CEMyRI<\/a><\/p>\n<p><strong>Status:<\/strong> Personal colaborador<\/p>\n<p><strong>\u00a0Correo Electr\u00f3nico:<\/strong>\u00a0david-lorenz@gmx.de<\/p>\n<p><strong>Tel\u00e9fono:<\/strong>\u00a0655 542 478<\/p>\n<p><strong>Direcci\u00f3n de contacto:<\/strong> CEMyRI, Edificio de Servicios T\u00e9cnicos, Seg. Planta, Desp. 02.12.0, Universidad de Almer\u00eda<\/p>\n<p><a href=\"http:\/\/issuu.com\/cemyri\/docs\/cv_david_lorenz\">Curr\u00edculum<\/a><\/p>\n","protected":false},"excerpt":{"rendered":"<p>Grado:\u00a0Ciencias de la Cultura y la Econom\u00eda Internacional (Universidad de Passau, Alemania). Doctorado:\u00a0Estudios Migratorios, Desarrollo e Intervenci\u00f3n Social (Universidad de Almer\u00eda). L\u00edneas de Investigaci\u00f3n:\u00a0Aprendizaje cooperativo. Grupo de Investigaci\u00f3n:\u00a0CEMyRI Status: Personal colaborador \u00a0Correo Electr\u00f3nico:\u00a0david-lorenz@gmx.de Tel\u00e9fono:\u00a0655 542 478 Direcci\u00f3n de contacto: CEMyRI, Edificio de Servicios T\u00e9cnicos, Seg. Planta, Desp. 02.12.0, Universidad de Almer\u00eda Curr\u00edculum<\/p>\n","protected":false},"author":2,"featured_media":25371,"parent":35,"menu_order":0,"comment_status":"closed","ping_status":"closed","template":"","meta":{"footnotes":""},"class_list":["post-1570","page","type-page","status-publish","has-post-thumbnail","hentry"],"_links":{"self":[{"href":"https:\/\/cemyri.es\/es\/wp-json\/wp\/v2\/pages\/1570","targetHints":{"allow":["GET"]}}],"collection":[{"href":"https:\/\/cemyri.es\/es\/wp-json\/wp\/v2\/pages"}],"about":[{"href":"https:\/\/cemyri.es\/es\/wp-json\/wp\/v2\/types\/page"}],"author":[{"embeddable":true,"href":"https:\/\/cemyri.es\/es\/wp-json\/wp\/v2\/users\/2"}],"replies":[{"embeddable":true,"href":"https:\/\/cemyri.es\/es\/wp-json\/wp\/v2\/comments?post=1570"}],"version-history":[{"count":5,"href":"https:\/\/cemyri.es\/es\/wp-json\/wp\/v2\/pages\/1570\/revisions"}],"predecessor-version":[{"id":27778,"href":"https:\/\/cemyri.es\/es\/wp-json\/wp\/v2\/pages\/1570\/revisions\/27778"}],"up":[{"embeddable":true,"href":"https:\/\/cemyri.es\/es\/wp-json\/wp\/v2\/pages\/35"}],"wp:featuredmedia":[{"embeddable":true,"href":"https:\/\/cemyri.es\/es\/wp-json\/wp\/v2\/media\/25371"}],"wp:attachment":[{"href":"https:\/\/cemyri.es\/es\/wp-json\/wp\/v2\/media?parent=1570"}],"curies":[{"name":"wp","href":"https:\/\/api.w.org\/{rel}","templated":true}]}}