{"id":1574,"date":"2013-11-22T12:28:29","date_gmt":"2013-11-22T10:28:29","guid":{"rendered":"http:\/\/www.cemyri.es\/?page_id=1574"},"modified":"2023-07-25T18:13:44","modified_gmt":"2023-07-25T18:13:44","slug":"elena-marin-casinello","status":"publish","type":"page","link":"https:\/\/cemyri.es\/es\/colaboradores\/elena-marin-casinello\/","title":{"rendered":"Elena Mar\u00edn Casinello"},"content":{"rendered":"<p><strong>Departamento:<\/strong> Sociolog\u00eda (Universidad de Granada).<\/p>\n<p><strong>M\u00e1ster: <\/strong>Estudios Migratorios, Desarrollo e Intervenci\u00f3n Social (Universidad de Almer\u00eda).<\/p>\n<p><strong>L\u00edneas de Investigaci\u00f3n:<\/strong>\u00a0Inmigraci\u00f3n, mercado de trabajo, movilidad laboral<\/p>\n<p><strong>Grupo de Investigaci\u00f3n:<\/strong>\u00a0<a href=\"http:\/\/cvirtual.ual.es\/webual\/jsp\/investigacion\/nuevo\/pInicio.jsp?id_grupo=HUM635&amp;idioma=es\">HUM-635<\/a><a href=\"http:\/\/www.lasc.es\/\" target=\"_blank\" rel=\"noopener\"><br \/>\n<\/a><\/p>\n<p><strong>Status:<\/strong> Personal colaborador<\/p>\n<p><strong>\u00a0Correo Electr\u00f3nico:<\/strong> emarinc@ual.es<a href=\"mailto: eacien@ual.es\"><br \/>\n<\/a><\/p>\n<p><strong>Tel\u00e9fono:<\/strong>\u00a0687 212 568<\/p>\n<p><strong>Direcci\u00f3n de contacto:<\/strong> CEMyRI, Edificio de Servicios T\u00e9cnicos, Seg. Planta, Desp. 02.12.0, Universidad de Almer\u00eda<\/p>\n<p><a href=\"http:\/\/issuu.com\/cemyri\/docs\/cv_elena_casinello\">Curr\u00edculum<\/a><\/p>\n","protected":false},"excerpt":{"rendered":"<p>Departamento: Sociolog\u00eda (Universidad de Granada). M\u00e1ster: Estudios Migratorios, Desarrollo e Intervenci\u00f3n Social (Universidad de Almer\u00eda). L\u00edneas de Investigaci\u00f3n:\u00a0Inmigraci\u00f3n, mercado de trabajo, movilidad laboral Grupo de Investigaci\u00f3n:\u00a0HUM-635 Status: Personal colaborador \u00a0Correo Electr\u00f3nico: emarinc@ual.es Tel\u00e9fono:\u00a0687 212 568 Direcci\u00f3n de contacto: CEMyRI, Edificio de Servicios T\u00e9cnicos, Seg. Planta, Desp. 02.12.0, Universidad de Almer\u00eda Curr\u00edculum<\/p>\n","protected":false},"author":2,"featured_media":25372,"parent":35,"menu_order":0,"comment_status":"closed","ping_status":"closed","template":"","meta":{"footnotes":""},"class_list":["post-1574","page","type-page","status-publish","has-post-thumbnail","hentry"],"_links":{"self":[{"href":"https:\/\/cemyri.es\/es\/wp-json\/wp\/v2\/pages\/1574","targetHints":{"allow":["GET"]}}],"collection":[{"href":"https:\/\/cemyri.es\/es\/wp-json\/wp\/v2\/pages"}],"about":[{"href":"https:\/\/cemyri.es\/es\/wp-json\/wp\/v2\/types\/page"}],"author":[{"embeddable":true,"href":"https:\/\/cemyri.es\/es\/wp-json\/wp\/v2\/users\/2"}],"replies":[{"embeddable":true,"href":"https:\/\/cemyri.es\/es\/wp-json\/wp\/v2\/comments?post=1574"}],"version-history":[{"count":4,"href":"https:\/\/cemyri.es\/es\/wp-json\/wp\/v2\/pages\/1574\/revisions"}],"predecessor-version":[{"id":27779,"href":"https:\/\/cemyri.es\/es\/wp-json\/wp\/v2\/pages\/1574\/revisions\/27779"}],"up":[{"embeddable":true,"href":"https:\/\/cemyri.es\/es\/wp-json\/wp\/v2\/pages\/35"}],"wp:featuredmedia":[{"embeddable":true,"href":"https:\/\/cemyri.es\/es\/wp-json\/wp\/v2\/media\/25372"}],"wp:attachment":[{"href":"https:\/\/cemyri.es\/es\/wp-json\/wp\/v2\/media?parent=1574"}],"curies":[{"name":"wp","href":"https:\/\/api.w.org\/{rel}","templated":true}]}}