{"id":1589,"date":"2013-11-22T13:30:18","date_gmt":"2013-11-22T11:30:18","guid":{"rendered":"http:\/\/www.cemyri.es\/?page_id=1589"},"modified":"2023-07-25T18:09:02","modified_gmt":"2023-07-25T18:09:02","slug":"maria-jose-munoz-vilches","status":"publish","type":"page","link":"https:\/\/cemyri.es\/es\/colaboradores\/maria-jose-munoz-vilches\/","title":{"rendered":"Mar\u00eda Jos\u00e9 Mu\u00f1oz Vilches"},"content":{"rendered":"<p><strong>Grado:<\/strong> Medicina y Cirug\u00eda (Universidad de Sevilla)<\/p>\n<p><strong>MIR:\u00a0<\/strong>Obtenci\u00f3n plaza MIR en pediatr\u00eda y sus \u00e1reas espec\u00edficas en el a\u00f1o 2003,\u00a0Formaci\u00f3n MIR en el Hospital Universitario Virgen del Roc\u00edo de Sevilla, en el per\u00edodo comprendido entre 16 de junio de 2003 y 16 de junio de 2007.<\/p>\n<p><strong>L\u00edneas de Investigaci\u00f3n:<\/strong>\u00a0Enfermedades Tropicales<\/p>\n<p><strong>Grupo de Investigaci\u00f3n:<\/strong>\u00a0<a href=\"http:\/\/www.juntadeandalucia.es\/ep-hospitalponientealmeriaUNIP\/Diapositiva0.bmp\">CTS-582<\/a><a href=\"http:\/\/www.lasc.es\/\" target=\"_blank\" rel=\"noopener\"><br \/>\n<\/a><\/p>\n<p><strong>Status:<\/strong> Personal colaborador<\/p>\n<p><strong>\u00a0<\/strong><strong>Direcci\u00f3n de contacto:<\/strong> CEMyRI, Edificio de Servicios T\u00e9cnicos, Seg. Planta, Desp. 02.12.0, Universidad de Almer\u00eda<\/p>\n<p><a href=\"http:\/\/issuu.com\/cemyri\/docs\/cv_maria_jose_munoz_vilches\" target=\"_blank\" rel=\"noopener\">Curr\u00edculum<\/a><\/p>\n<p>Publicaciones:<\/p>\n<p>2013,\u00a0<a href=\"http:\/\/issuu.com\/cemyri\/docs\/encuestas_chagas_rev_esp_sald_publ_\">Conocimiento de la enfermedad de Chagas por parte de los profesionales sanitarios en tres hospitales de la provincia de Almer\u00eda<\/a><\/p>\n","protected":false},"excerpt":{"rendered":"<p>Grado: Medicina y Cirug\u00eda (Universidad de Sevilla) MIR:\u00a0Obtenci\u00f3n plaza MIR en pediatr\u00eda y sus \u00e1reas espec\u00edficas en el a\u00f1o 2003,\u00a0Formaci\u00f3n MIR en el Hospital Universitario Virgen del Roc\u00edo de Sevilla, en el per\u00edodo comprendido entre 16 de junio de 2003 y 16 de junio de 2007. L\u00edneas de Investigaci\u00f3n:\u00a0Enfermedades Tropicales Grupo de Investigaci\u00f3n:\u00a0CTS-582 Status: Personal&#8230;<\/p>\n","protected":false},"author":2,"featured_media":25374,"parent":35,"menu_order":0,"comment_status":"closed","ping_status":"closed","template":"","meta":{"footnotes":""},"class_list":["post-1589","page","type-page","status-publish","has-post-thumbnail","hentry"],"_links":{"self":[{"href":"https:\/\/cemyri.es\/es\/wp-json\/wp\/v2\/pages\/1589","targetHints":{"allow":["GET"]}}],"collection":[{"href":"https:\/\/cemyri.es\/es\/wp-json\/wp\/v2\/pages"}],"about":[{"href":"https:\/\/cemyri.es\/es\/wp-json\/wp\/v2\/types\/page"}],"author":[{"embeddable":true,"href":"https:\/\/cemyri.es\/es\/wp-json\/wp\/v2\/users\/2"}],"replies":[{"embeddable":true,"href":"https:\/\/cemyri.es\/es\/wp-json\/wp\/v2\/comments?post=1589"}],"version-history":[{"count":3,"href":"https:\/\/cemyri.es\/es\/wp-json\/wp\/v2\/pages\/1589\/revisions"}],"predecessor-version":[{"id":27766,"href":"https:\/\/cemyri.es\/es\/wp-json\/wp\/v2\/pages\/1589\/revisions\/27766"}],"up":[{"embeddable":true,"href":"https:\/\/cemyri.es\/es\/wp-json\/wp\/v2\/pages\/35"}],"wp:featuredmedia":[{"embeddable":true,"href":"https:\/\/cemyri.es\/es\/wp-json\/wp\/v2\/media\/25374"}],"wp:attachment":[{"href":"https:\/\/cemyri.es\/es\/wp-json\/wp\/v2\/media?parent=1589"}],"curies":[{"name":"wp","href":"https:\/\/api.w.org\/{rel}","templated":true}]}}