{"id":1594,"date":"2013-11-22T13:41:58","date_gmt":"2013-11-22T11:41:58","guid":{"rendered":"http:\/\/www.cemyri.es\/?page_id=1594"},"modified":"2023-07-25T18:08:07","modified_gmt":"2023-07-25T18:08:07","slug":"victor-navarro-garcia","status":"publish","type":"page","link":"https:\/\/cemyri.es\/es\/colaboradores\/victor-navarro-garcia\/","title":{"rendered":"V\u00edctor Navarro Garc\u00eda"},"content":{"rendered":"<p><strong>Grado:<\/strong> Periodismo<\/p>\n<p><strong>M\u00e1sters:<\/strong>\u00a0M\u00e1ster Europeo de Mediaci\u00f3n Intermediterranea (Universitat Aut\u00f2noma de Barcelona,\u00a0Universit\u00e0 Ca\u2019 Foscari de Venezia y\u00a0Universit\u00e9 Paul Val\u00e9ry Montpellier III) y\u00a0M\u00e1ster Marketing Digital y eCommerce:\u00a0Comunicaci\u00f3n y Community Manager. FAEM (C\u00e1mara de Comercio de Almer\u00eda).<\/p>\n<p><strong>L\u00edneas de Investigaci\u00f3n:<\/strong>\u00a0Comunicaci\u00f3n para el Desarrollo<\/p>\n<p><strong>Grupo de Investigaci\u00f3n:<\/strong> <a href=\"http:\/\/www.cemyri.es\">CEMyRI<\/a><\/p>\n<p><strong>Status:<\/strong> Personal colaborador<\/p>\n<p><strong>Correo Electr\u00f3nico:<\/strong>\u00a0victor.nagar@gmail.com<\/p>\n<p><strong>Tel\u00e9fono:<\/strong>\u00a0637 249 771<\/p>\n<p><strong>Direcci\u00f3n de contacto:<\/strong> CEMyRI, Edificio de Servicios T\u00e9cnicos, Seg. Planta, Desp. 02.12.0, Universidad de Almer\u00eda<\/p>\n<p><a href=\"http:\/\/issuu.com\/cemyri\/docs\/cv_victor_navarro\">Curr\u00edculum<\/a><\/p>\n","protected":false},"excerpt":{"rendered":"<p>Grado: Periodismo M\u00e1sters:\u00a0M\u00e1ster Europeo de Mediaci\u00f3n Intermediterranea (Universitat Aut\u00f2noma de Barcelona,\u00a0Universit\u00e0 Ca\u2019 Foscari de Venezia y\u00a0Universit\u00e9 Paul Val\u00e9ry Montpellier III) y\u00a0M\u00e1ster Marketing Digital y eCommerce:\u00a0Comunicaci\u00f3n y Community Manager. FAEM (C\u00e1mara de Comercio de Almer\u00eda). L\u00edneas de Investigaci\u00f3n:\u00a0Comunicaci\u00f3n para el Desarrollo Grupo de Investigaci\u00f3n: CEMyRI Status: Personal colaborador Correo Electr\u00f3nico:\u00a0victor.nagar@gmail.com Tel\u00e9fono:\u00a0637 249 771 Direcci\u00f3n de contacto:&#8230;<\/p>\n","protected":false},"author":2,"featured_media":25375,"parent":35,"menu_order":0,"comment_status":"closed","ping_status":"closed","template":"","meta":{"footnotes":""},"class_list":["post-1594","page","type-page","status-publish","has-post-thumbnail","hentry"],"_links":{"self":[{"href":"https:\/\/cemyri.es\/es\/wp-json\/wp\/v2\/pages\/1594","targetHints":{"allow":["GET"]}}],"collection":[{"href":"https:\/\/cemyri.es\/es\/wp-json\/wp\/v2\/pages"}],"about":[{"href":"https:\/\/cemyri.es\/es\/wp-json\/wp\/v2\/types\/page"}],"author":[{"embeddable":true,"href":"https:\/\/cemyri.es\/es\/wp-json\/wp\/v2\/users\/2"}],"replies":[{"embeddable":true,"href":"https:\/\/cemyri.es\/es\/wp-json\/wp\/v2\/comments?post=1594"}],"version-history":[{"count":3,"href":"https:\/\/cemyri.es\/es\/wp-json\/wp\/v2\/pages\/1594\/revisions"}],"predecessor-version":[{"id":27765,"href":"https:\/\/cemyri.es\/es\/wp-json\/wp\/v2\/pages\/1594\/revisions\/27765"}],"up":[{"embeddable":true,"href":"https:\/\/cemyri.es\/es\/wp-json\/wp\/v2\/pages\/35"}],"wp:featuredmedia":[{"embeddable":true,"href":"https:\/\/cemyri.es\/es\/wp-json\/wp\/v2\/media\/25375"}],"wp:attachment":[{"href":"https:\/\/cemyri.es\/es\/wp-json\/wp\/v2\/media?parent=1594"}],"curies":[{"name":"wp","href":"https:\/\/api.w.org\/{rel}","templated":true}]}}