{"id":1600,"date":"2013-11-22T14:04:32","date_gmt":"2013-11-22T12:04:32","guid":{"rendered":"http:\/\/www.cemyri.es\/?page_id=1600"},"modified":"2023-07-25T18:07:52","modified_gmt":"2023-07-25T18:07:52","slug":"eduardo-j-padial-sachez","status":"publish","type":"page","link":"https:\/\/cemyri.es\/es\/colaboradores\/eduardo-j-padial-sachez\/","title":{"rendered":"Eduardo J. Padial S\u00e1nchez"},"content":{"rendered":"<p><strong>Grado:<\/strong>\u00a0Filolog\u00eda \u00c1rabe y Ciencias del Islam (Universidad Isl\u00e1mica Internacional\u00a0Ibn Rush, C\u00f3rdoba-T\u00fanez).<\/p>\n<p><strong>L\u00edneas de Investigaci\u00f3n:<\/strong>\u00a0Inmigraci\u00f3n, interculturalidad, mediaci\u00f3n intercultural.<\/p>\n<p><strong>Grupo de Investigaci\u00f3n:<\/strong>\u00a0<a href=\"http:\/\/www.cemyri.es\">CEMyRI<\/a><a href=\"http:\/\/www.lasc.es\/\" target=\"_blank\" rel=\"noopener\"><br \/>\n<\/a><\/p>\n<p><strong>Status:<\/strong> Personal colaborador<\/p>\n<p><strong>\u00a0Correo Electr\u00f3nico:<\/strong> duharis6@gmail.com<a href=\"mailto: eacien@ual.es\"><br \/>\n<\/a><\/p>\n<p><strong>Tel\u00e9fono:<\/strong>\u00a0607 388 265<\/p>\n<p><strong>Direcci\u00f3n de contacto:<\/strong> CEMyRI, Edificio de Servicios T\u00e9cnicos, Seg. Planta, Desp. 02.12.0, Universidad de Almer\u00eda<\/p>\n<p><a href=\"http:\/\/issuu.com\/cemyri\/docs\/cv_eduardo_padial\" target=\"_blank\" rel=\"noopener\">Curr\u00edculum<\/a><\/p>\n","protected":false},"excerpt":{"rendered":"<p>Grado:\u00a0Filolog\u00eda \u00c1rabe y Ciencias del Islam (Universidad Isl\u00e1mica Internacional\u00a0Ibn Rush, C\u00f3rdoba-T\u00fanez). L\u00edneas de Investigaci\u00f3n:\u00a0Inmigraci\u00f3n, interculturalidad, mediaci\u00f3n intercultural. Grupo de Investigaci\u00f3n:\u00a0CEMyRI Status: Personal colaborador \u00a0Correo Electr\u00f3nico: duharis6@gmail.com Tel\u00e9fono:\u00a0607 388 265 Direcci\u00f3n de contacto: CEMyRI, Edificio de Servicios T\u00e9cnicos, Seg. Planta, Desp. 02.12.0, Universidad de Almer\u00eda Curr\u00edculum<\/p>\n","protected":false},"author":2,"featured_media":25376,"parent":35,"menu_order":0,"comment_status":"closed","ping_status":"closed","template":"","meta":{"footnotes":""},"class_list":["post-1600","page","type-page","status-publish","has-post-thumbnail","hentry"],"_links":{"self":[{"href":"https:\/\/cemyri.es\/es\/wp-json\/wp\/v2\/pages\/1600","targetHints":{"allow":["GET"]}}],"collection":[{"href":"https:\/\/cemyri.es\/es\/wp-json\/wp\/v2\/pages"}],"about":[{"href":"https:\/\/cemyri.es\/es\/wp-json\/wp\/v2\/types\/page"}],"author":[{"embeddable":true,"href":"https:\/\/cemyri.es\/es\/wp-json\/wp\/v2\/users\/2"}],"replies":[{"embeddable":true,"href":"https:\/\/cemyri.es\/es\/wp-json\/wp\/v2\/comments?post=1600"}],"version-history":[{"count":3,"href":"https:\/\/cemyri.es\/es\/wp-json\/wp\/v2\/pages\/1600\/revisions"}],"predecessor-version":[{"id":27763,"href":"https:\/\/cemyri.es\/es\/wp-json\/wp\/v2\/pages\/1600\/revisions\/27763"}],"up":[{"embeddable":true,"href":"https:\/\/cemyri.es\/es\/wp-json\/wp\/v2\/pages\/35"}],"wp:featuredmedia":[{"embeddable":true,"href":"https:\/\/cemyri.es\/es\/wp-json\/wp\/v2\/media\/25376"}],"wp:attachment":[{"href":"https:\/\/cemyri.es\/es\/wp-json\/wp\/v2\/media?parent=1600"}],"curies":[{"name":"wp","href":"https:\/\/api.w.org\/{rel}","templated":true}]}}