{"id":1607,"date":"2013-11-22T14:36:06","date_gmt":"2013-11-22T12:36:06","guid":{"rendered":"http:\/\/www.cemyri.es\/?page_id=1607"},"modified":"2023-07-25T18:07:02","modified_gmt":"2023-07-25T18:07:02","slug":"diana-riano-acevedo","status":"publish","type":"page","link":"https:\/\/cemyri.es\/es\/colaboradores\/diana-riano-acevedo\/","title":{"rendered":"Diana Ria\u00f1o Acevedo"},"content":{"rendered":"<p><strong>Grado:\u00a0<\/strong>Comunicaci\u00f3n Social y Periodismo (Universidad Jorge Tadeo Lozano, Bogot\u00e1,\u00a0Colombia).<br \/>\n<strong>Posgrados:\u00a0<\/strong>M\u00e1ster Universitario en Antropolog\u00eda: Gesti\u00f3n de la Diversidad Cultural, el Patrimonio y el Desarrollo y M\u00e1ster oficial en Estudios e Intervenci\u00f3n Social en Inmigraci\u00f3n, Desarrollo y Grupos\u00a0Vulnerables<\/p>\n<p><strong>L\u00edneas de Investigaci\u00f3n:<\/strong>\u00a0Cooperaci\u00f3n y Desarrollo<\/p>\n<p><strong>Grupo de Investigaci\u00f3n:-<\/strong><\/p>\n<p><strong>Status:<\/strong> Personal colaborador<\/p>\n<p><strong>\u00a0Correo Electr\u00f3nico:<\/strong>\u00a0dianapatricia@yahoo.com<\/p>\n<p><strong>Tel\u00e9fono:<\/strong>\u00a0697 381 272<\/p>\n<p><strong>Direcci\u00f3n de contacto:<\/strong> CEMyRI, Edificio de Servicios T\u00e9cnicos, Seg. Planta, Desp. 02.12.0, Universidad de Almer\u00eda<\/p>\n<p><strong><a href=\"https:\/\/cemyri.es\/es\/wp-content\/uploads\/2013\/11\/Curr\u00edculum.pdf\">Curr\u00edculum<\/a><\/strong><\/p>\n","protected":false},"excerpt":{"rendered":"<p>Grado:\u00a0Comunicaci\u00f3n Social y Periodismo (Universidad Jorge Tadeo Lozano, Bogot\u00e1,\u00a0Colombia). Posgrados:\u00a0M\u00e1ster Universitario en Antropolog\u00eda: Gesti\u00f3n de la Diversidad Cultural, el Patrimonio y el Desarrollo y M\u00e1ster oficial en Estudios e Intervenci\u00f3n Social en Inmigraci\u00f3n, Desarrollo y Grupos\u00a0Vulnerables L\u00edneas de Investigaci\u00f3n:\u00a0Cooperaci\u00f3n y Desarrollo Grupo de Investigaci\u00f3n:- Status: Personal colaborador \u00a0Correo Electr\u00f3nico:\u00a0dianapatricia@yahoo.com Tel\u00e9fono:\u00a0697 381 272 Direcci\u00f3n de contacto:&#8230;<\/p>\n","protected":false},"author":2,"featured_media":25377,"parent":35,"menu_order":0,"comment_status":"closed","ping_status":"closed","template":"","meta":{"footnotes":""},"class_list":["post-1607","page","type-page","status-publish","has-post-thumbnail","hentry"],"_links":{"self":[{"href":"https:\/\/cemyri.es\/es\/wp-json\/wp\/v2\/pages\/1607","targetHints":{"allow":["GET"]}}],"collection":[{"href":"https:\/\/cemyri.es\/es\/wp-json\/wp\/v2\/pages"}],"about":[{"href":"https:\/\/cemyri.es\/es\/wp-json\/wp\/v2\/types\/page"}],"author":[{"embeddable":true,"href":"https:\/\/cemyri.es\/es\/wp-json\/wp\/v2\/users\/2"}],"replies":[{"embeddable":true,"href":"https:\/\/cemyri.es\/es\/wp-json\/wp\/v2\/comments?post=1607"}],"version-history":[{"count":4,"href":"https:\/\/cemyri.es\/es\/wp-json\/wp\/v2\/pages\/1607\/revisions"}],"predecessor-version":[{"id":27761,"href":"https:\/\/cemyri.es\/es\/wp-json\/wp\/v2\/pages\/1607\/revisions\/27761"}],"up":[{"embeddable":true,"href":"https:\/\/cemyri.es\/es\/wp-json\/wp\/v2\/pages\/35"}],"wp:featuredmedia":[{"embeddable":true,"href":"https:\/\/cemyri.es\/es\/wp-json\/wp\/v2\/media\/25377"}],"wp:attachment":[{"href":"https:\/\/cemyri.es\/es\/wp-json\/wp\/v2\/media?parent=1607"}],"curies":[{"name":"wp","href":"https:\/\/api.w.org\/{rel}","templated":true}]}}