{"id":1614,"date":"2013-11-22T14:42:49","date_gmt":"2013-11-22T12:42:49","guid":{"rendered":"http:\/\/www.cemyri.es\/?page_id=1614"},"modified":"2020-05-27T08:20:22","modified_gmt":"2020-05-27T08:20:22","slug":"cristina-roldan-maleno","status":"publish","type":"page","link":"https:\/\/cemyri.es\/es\/colaboradores\/cristina-roldan-maleno\/","title":{"rendered":"Cristina Rold\u00e1n Maleno"},"content":{"rendered":"<p><strong>Grado:<\/strong> Trabajo Social (Universidad de Granada).<\/p>\n<p><strong>M\u00e1ster:<\/strong> Estudios Migratorios, Desarrollo e Intervenci\u00f3n Social (Universidad de Almer\u00eda).<\/p>\n<p><strong>L\u00edneas de Investigaci\u00f3n:<\/strong> G\u00e9nero y educaci\u00f3n intercultural.<\/p>\n<p><strong>Grupo de Investigaci\u00f3n:<\/strong>\u00a0<a href=\"http:\/\/www.cemyri.es\">CEMyRI<\/a><a href=\"http:\/\/www.lasc.es\/\" target=\"_blank\" rel=\"noopener noreferrer\"><br \/>\n<\/a><\/p>\n<p><strong>Status:<\/strong> Personal colaborador<\/p>\n<p><strong>\u00a0Correo Electr\u00f3nico:<\/strong> roldanmaleno@ual.es<\/p>\n<p><strong>Direcci\u00f3n de contacto:<\/strong> CEMyRI, Edificio de Servicios T\u00e9cnicos, Seg. Planta, Desp. 02.12.0, Universidad de Almer\u00eda<\/p>\n","protected":false},"excerpt":{"rendered":"<p>Grado: Trabajo Social (Universidad de Granada). M\u00e1ster: Estudios Migratorios, Desarrollo e Intervenci\u00f3n Social (Universidad de Almer\u00eda). L\u00edneas de Investigaci\u00f3n: G\u00e9nero y educaci\u00f3n intercultural. Grupo de Investigaci\u00f3n:\u00a0CEMyRI Status: Personal colaborador \u00a0Correo Electr\u00f3nico: roldanmaleno@ual.es Direcci\u00f3n de contacto: CEMyRI, Edificio de Servicios T\u00e9cnicos, Seg. Planta, Desp. 02.12.0, Universidad de Almer\u00eda<\/p>\n","protected":false},"author":2,"featured_media":0,"parent":35,"menu_order":0,"comment_status":"closed","ping_status":"closed","template":"","meta":{"footnotes":""},"class_list":["post-1614","page","type-page","status-publish","hentry"],"_links":{"self":[{"href":"https:\/\/cemyri.es\/es\/wp-json\/wp\/v2\/pages\/1614","targetHints":{"allow":["GET"]}}],"collection":[{"href":"https:\/\/cemyri.es\/es\/wp-json\/wp\/v2\/pages"}],"about":[{"href":"https:\/\/cemyri.es\/es\/wp-json\/wp\/v2\/types\/page"}],"author":[{"embeddable":true,"href":"https:\/\/cemyri.es\/es\/wp-json\/wp\/v2\/users\/2"}],"replies":[{"embeddable":true,"href":"https:\/\/cemyri.es\/es\/wp-json\/wp\/v2\/comments?post=1614"}],"version-history":[{"count":2,"href":"https:\/\/cemyri.es\/es\/wp-json\/wp\/v2\/pages\/1614\/revisions"}],"predecessor-version":[{"id":26923,"href":"https:\/\/cemyri.es\/es\/wp-json\/wp\/v2\/pages\/1614\/revisions\/26923"}],"up":[{"embeddable":true,"href":"https:\/\/cemyri.es\/es\/wp-json\/wp\/v2\/pages\/35"}],"wp:attachment":[{"href":"https:\/\/cemyri.es\/es\/wp-json\/wp\/v2\/media?parent=1614"}],"curies":[{"name":"wp","href":"https:\/\/api.w.org\/{rel}","templated":true}]}}