{"id":1617,"date":"2013-11-22T15:00:12","date_gmt":"2013-11-22T13:00:12","guid":{"rendered":"http:\/\/www.cemyri.es\/?page_id=1617"},"modified":"2023-07-25T18:15:46","modified_gmt":"2023-07-25T18:15:46","slug":"carmen-belen-ruiz-martinez","status":"publish","type":"page","link":"https:\/\/cemyri.es\/es\/colaboradores\/carmen-belen-ruiz-martinez\/","title":{"rendered":"Carmen Bel\u00e9n Ruiz Mart\u00ednez"},"content":{"rendered":"<p><strong>Grados:\u00a0<\/strong>Ciencias del Trabajo y\u00a0Gesti\u00f3n y Administraci\u00f3n P\u00fablica (Universidad de Almer\u00eda).<\/p>\n<p><strong>M\u00e1ster:<\/strong> Estudios Migratorios, Desarrollo e Intervenci\u00f3n Social (Universidad de Almer\u00eda).<\/p>\n<p><strong>L\u00edneas de Investigaci\u00f3n:<\/strong>\u00a0\u00c1frica Subsahariana.<\/p>\n<p><strong>Grupo de Investigaci\u00f3n:<\/strong>\u00a0<a href=\"http:\/\/www.cemyri.es\">CEMyRI<\/a><a href=\"http:\/\/www.lasc.es\/\" target=\"_blank\" rel=\"noopener\"><br \/>\n<\/a><\/p>\n<p><strong>Status:<\/strong> Personal colaborador<\/p>\n<p><strong>Correo Electr\u00f3nico:<\/strong>\u00a0cbelenmartinez@gmail.com<\/p>\n<p><strong>Tel\u00e9fono:\u00a0<\/strong>620 357 130<\/p>\n<p><strong>Direcci\u00f3n de contacto:<\/strong> CEMyRI, Edificio de Servicios T\u00e9cnicos, Seg. Planta, Desp. 02.12.0, Universidad de Almer\u00eda<\/p>\n<p><a href=\"http:\/\/issuu.com\/cemyri\/docs\/cv_carmen_belen_ruiz\">Curr\u00edculum<\/a><\/p>\n","protected":false},"excerpt":{"rendered":"<p>Grados:\u00a0Ciencias del Trabajo y\u00a0Gesti\u00f3n y Administraci\u00f3n P\u00fablica (Universidad de Almer\u00eda). M\u00e1ster: Estudios Migratorios, Desarrollo e Intervenci\u00f3n Social (Universidad de Almer\u00eda). L\u00edneas de Investigaci\u00f3n:\u00a0\u00c1frica Subsahariana. Grupo de Investigaci\u00f3n:\u00a0CEMyRI Status: Personal colaborador Correo Electr\u00f3nico:\u00a0cbelenmartinez@gmail.com Tel\u00e9fono:\u00a0620 357 130 Direcci\u00f3n de contacto: CEMyRI, Edificio de Servicios T\u00e9cnicos, Seg. Planta, Desp. 02.12.0, Universidad de Almer\u00eda Curr\u00edculum<\/p>\n","protected":false},"author":2,"featured_media":25378,"parent":35,"menu_order":0,"comment_status":"closed","ping_status":"closed","template":"","meta":{"footnotes":""},"class_list":["post-1617","page","type-page","status-publish","has-post-thumbnail","hentry"],"_links":{"self":[{"href":"https:\/\/cemyri.es\/es\/wp-json\/wp\/v2\/pages\/1617","targetHints":{"allow":["GET"]}}],"collection":[{"href":"https:\/\/cemyri.es\/es\/wp-json\/wp\/v2\/pages"}],"about":[{"href":"https:\/\/cemyri.es\/es\/wp-json\/wp\/v2\/types\/page"}],"author":[{"embeddable":true,"href":"https:\/\/cemyri.es\/es\/wp-json\/wp\/v2\/users\/2"}],"replies":[{"embeddable":true,"href":"https:\/\/cemyri.es\/es\/wp-json\/wp\/v2\/comments?post=1617"}],"version-history":[{"count":3,"href":"https:\/\/cemyri.es\/es\/wp-json\/wp\/v2\/pages\/1617\/revisions"}],"predecessor-version":[{"id":27783,"href":"https:\/\/cemyri.es\/es\/wp-json\/wp\/v2\/pages\/1617\/revisions\/27783"}],"up":[{"embeddable":true,"href":"https:\/\/cemyri.es\/es\/wp-json\/wp\/v2\/pages\/35"}],"wp:featuredmedia":[{"embeddable":true,"href":"https:\/\/cemyri.es\/es\/wp-json\/wp\/v2\/media\/25378"}],"wp:attachment":[{"href":"https:\/\/cemyri.es\/es\/wp-json\/wp\/v2\/media?parent=1617"}],"curies":[{"name":"wp","href":"https:\/\/api.w.org\/{rel}","templated":true}]}}