{"id":1627,"date":"2013-11-22T15:09:00","date_gmt":"2013-11-22T13:09:00","guid":{"rendered":"http:\/\/www.cemyri.es\/?page_id=1627"},"modified":"2023-07-25T18:06:34","modified_gmt":"2023-07-25T18:06:34","slug":"carmen-maria-sanchez-carrion","status":"publish","type":"page","link":"https:\/\/cemyri.es\/es\/colaboradores\/carmen-maria-sanchez-carrion\/","title":{"rendered":"Carmen Mar\u00eda S\u00e1nchez Carri\u00f3n"},"content":{"rendered":"<p><strong>Grado:<\/strong>\u00a0Psicolog\u00eda (Universidad de Almer\u00eda).<br \/>\n<strong>Posgrado:\u00a0<\/strong>Titulo Propio de Grado Superior en Sexolog\u00eda (Universidad de Almer\u00eda).<\/p>\n<p><strong>L\u00edneas de Investigaci\u00f3n:<\/strong>\u00a0Drogodependencias y sexualidad.<\/p>\n<p><strong>Grupo de Investigaci\u00f3n:<\/strong>\u00a0<a href=\"http:\/\/www.cemyri.es\">CEMyRI<\/a><a href=\"http:\/\/www.lasc.es\/\" target=\"_blank\" rel=\"noopener\"><br \/>\n<\/a><\/p>\n<p><strong>Status:<\/strong> Personal colaborador<\/p>\n<p><strong>\u00a0Correo Electr\u00f3nico:<\/strong>\u00a0samilakala7@hotmail.com<\/p>\n<p><strong>Tel\u00e9fono:<\/strong>\u00a0627 477 130<\/p>\n<p><strong>Direcci\u00f3n de contacto:<\/strong> CEMyRI, Edificio de Servicios T\u00e9cnicos, Seg. Planta, Desp. 02.12.0, Universidad de Almer\u00eda<\/p>\n<p><a href=\"http:\/\/issuu.com\/cemyri\/docs\/cv_carmen_sanchez\">Curr\u00edculum<\/a><\/p>\n","protected":false},"excerpt":{"rendered":"<p>Grado:\u00a0Psicolog\u00eda (Universidad de Almer\u00eda). Posgrado:\u00a0Titulo Propio de Grado Superior en Sexolog\u00eda (Universidad de Almer\u00eda). L\u00edneas de Investigaci\u00f3n:\u00a0Drogodependencias y sexualidad. Grupo de Investigaci\u00f3n:\u00a0CEMyRI Status: Personal colaborador \u00a0Correo Electr\u00f3nico:\u00a0samilakala7@hotmail.com Tel\u00e9fono:\u00a0627 477 130 Direcci\u00f3n de contacto: CEMyRI, Edificio de Servicios T\u00e9cnicos, Seg. Planta, Desp. 02.12.0, Universidad de Almer\u00eda Curr\u00edculum<\/p>\n","protected":false},"author":2,"featured_media":25379,"parent":35,"menu_order":0,"comment_status":"closed","ping_status":"closed","template":"","meta":{"footnotes":""},"class_list":["post-1627","page","type-page","status-publish","has-post-thumbnail","hentry"],"_links":{"self":[{"href":"https:\/\/cemyri.es\/es\/wp-json\/wp\/v2\/pages\/1627","targetHints":{"allow":["GET"]}}],"collection":[{"href":"https:\/\/cemyri.es\/es\/wp-json\/wp\/v2\/pages"}],"about":[{"href":"https:\/\/cemyri.es\/es\/wp-json\/wp\/v2\/types\/page"}],"author":[{"embeddable":true,"href":"https:\/\/cemyri.es\/es\/wp-json\/wp\/v2\/users\/2"}],"replies":[{"embeddable":true,"href":"https:\/\/cemyri.es\/es\/wp-json\/wp\/v2\/comments?post=1627"}],"version-history":[{"count":3,"href":"https:\/\/cemyri.es\/es\/wp-json\/wp\/v2\/pages\/1627\/revisions"}],"predecessor-version":[{"id":27760,"href":"https:\/\/cemyri.es\/es\/wp-json\/wp\/v2\/pages\/1627\/revisions\/27760"}],"up":[{"embeddable":true,"href":"https:\/\/cemyri.es\/es\/wp-json\/wp\/v2\/pages\/35"}],"wp:featuredmedia":[{"embeddable":true,"href":"https:\/\/cemyri.es\/es\/wp-json\/wp\/v2\/media\/25379"}],"wp:attachment":[{"href":"https:\/\/cemyri.es\/es\/wp-json\/wp\/v2\/media?parent=1627"}],"curies":[{"name":"wp","href":"https:\/\/api.w.org\/{rel}","templated":true}]}}