{"id":1639,"date":"2013-11-22T15:34:58","date_gmt":"2013-11-22T13:34:58","guid":{"rendered":"http:\/\/www.cemyri.es\/?page_id=1639"},"modified":"2023-07-25T18:19:15","modified_gmt":"2023-07-25T18:19:15","slug":"naima-ejbari","status":"publish","type":"page","link":"https:\/\/cemyri.es\/es\/doctores-colaboradores\/naima-ejbari\/","title":{"rendered":"Naima Ejbari"},"content":{"rendered":"<p><strong>Universidad:<\/strong>\u00a0Almer\u00eda<\/p>\n<p><strong>L\u00edneas de Investigaci\u00f3n:<\/strong>\u00a0Educaci\u00f3n intercultural.<\/p>\n<p><strong>Grupo de Investigaci\u00f3n:<\/strong>\u00a0<a href=\"http:\/\/cvirtual.ual.es\/webual\/jsp\/investigacion\/nuevo\/pInicio.jsp?id_grupo=HUM665&amp;idioma=es\">HUM-665<\/a><\/p>\n<p><strong>Status:<\/strong>\u00a0Doctora investigadora colaboradora<\/p>\n<p><strong>Correo Electr\u00f3nico:<\/strong>\u00a0naima20082008@gmail.com<a href=\"mailto: eacien@ual.es\"><br \/>\n<\/a><\/p>\n<p><strong>Tel\u00e9fono:<\/strong>\u00a0696 936 638<\/p>\n<p><strong>Direcci\u00f3n de contacto:<\/strong>\u00a0CEMyRI, Edificio de Servicios T\u00e9cnicos, Seg. Planta, Desp. 02.12.0, Universidad de Almer\u00eda<\/p>\n<p><a href=\"http:\/\/issuu.com\/cemyri\/docs\/cv_naima_ejbari\">Curr\u00edculum<\/a><\/p>\n","protected":false},"excerpt":{"rendered":"<p>Universidad:\u00a0Almer\u00eda L\u00edneas de Investigaci\u00f3n:\u00a0Educaci\u00f3n intercultural. Grupo de Investigaci\u00f3n:\u00a0HUM-665 Status:\u00a0Doctora investigadora colaboradora Correo Electr\u00f3nico:\u00a0naima20082008@gmail.com Tel\u00e9fono:\u00a0696 936 638 Direcci\u00f3n de contacto:\u00a0CEMyRI, Edificio de Servicios T\u00e9cnicos, Seg. Planta, Desp. 02.12.0, Universidad de Almer\u00eda Curr\u00edculum<\/p>\n","protected":false},"author":2,"featured_media":25380,"parent":34,"menu_order":0,"comment_status":"closed","ping_status":"closed","template":"","meta":{"footnotes":""},"class_list":["post-1639","page","type-page","status-publish","has-post-thumbnail","hentry"],"_links":{"self":[{"href":"https:\/\/cemyri.es\/es\/wp-json\/wp\/v2\/pages\/1639","targetHints":{"allow":["GET"]}}],"collection":[{"href":"https:\/\/cemyri.es\/es\/wp-json\/wp\/v2\/pages"}],"about":[{"href":"https:\/\/cemyri.es\/es\/wp-json\/wp\/v2\/types\/page"}],"author":[{"embeddable":true,"href":"https:\/\/cemyri.es\/es\/wp-json\/wp\/v2\/users\/2"}],"replies":[{"embeddable":true,"href":"https:\/\/cemyri.es\/es\/wp-json\/wp\/v2\/comments?post=1639"}],"version-history":[{"count":3,"href":"https:\/\/cemyri.es\/es\/wp-json\/wp\/v2\/pages\/1639\/revisions"}],"predecessor-version":[{"id":27790,"href":"https:\/\/cemyri.es\/es\/wp-json\/wp\/v2\/pages\/1639\/revisions\/27790"}],"up":[{"embeddable":true,"href":"https:\/\/cemyri.es\/es\/wp-json\/wp\/v2\/pages\/34"}],"wp:featuredmedia":[{"embeddable":true,"href":"https:\/\/cemyri.es\/es\/wp-json\/wp\/v2\/media\/25380"}],"wp:attachment":[{"href":"https:\/\/cemyri.es\/es\/wp-json\/wp\/v2\/media?parent=1639"}],"curies":[{"name":"wp","href":"https:\/\/api.w.org\/{rel}","templated":true}]}}