{"id":1643,"date":"2013-11-25T11:16:57","date_gmt":"2013-11-25T09:16:57","guid":{"rendered":"http:\/\/www.cemyri.es\/?page_id=1643"},"modified":"2023-07-25T18:03:05","modified_gmt":"2023-07-25T18:03:05","slug":"manuel-jorge-martinez-munoz","status":"publish","type":"page","link":"https:\/\/cemyri.es\/es\/colaboradores\/manuel-jorge-martinez-munoz\/","title":{"rendered":"Manuel Jorge Mart\u00ednez Mu\u00f1oz"},"content":{"rendered":"<p><strong>Grado:<\/strong>\u00a0Magisterio (EUFP Almer\u00eda. Universidad de Granada)<br \/>\n<strong>Experto<\/strong>: Inform\u00e1tica Educativa, nivel de m\u00e1ster (CEJA) y Formador de Formadores en\u00a0Coeducaci\u00f3n.<\/p>\n<p><strong>L\u00edneas de Investigaci\u00f3n:<\/strong>\u00a0Revistas Digitales.<\/p>\n<p><strong>Grupo de Investigaci\u00f3n:<\/strong>\u00a0<a href=\"http:\/\/www.cemyri.es\">CEMyRI<\/a><\/p>\n<p><strong>Status:<\/strong> Personal colaborador<\/p>\n<p><strong>\u00a0Correo Electr\u00f3nico:<\/strong>\u00a0manolo@losdoslivos.org<\/p>\n<p><strong>Tel\u00e9fono:<\/strong>\u00a0649 661 536<\/p>\n<p><strong>Direcci\u00f3n de contacto:<\/strong>\u00a0CEIP. \u00abProfesor Tierno Galv\u00e1n\u00bb. C\/ Prf\u00aa Hortensia Mart\u00ednez, 7. V\u00edcar,\u00a004738 (Almer\u00eda)<\/p>\n<p><a href=\"http:\/\/issuu.com\/cemyri\/docs\/cv_manuel_martinez\">Curr\u00edculum<\/a><\/p>\n","protected":false},"excerpt":{"rendered":"<p>Grado:\u00a0Magisterio (EUFP Almer\u00eda. Universidad de Granada) Experto: Inform\u00e1tica Educativa, nivel de m\u00e1ster (CEJA) y Formador de Formadores en\u00a0Coeducaci\u00f3n. L\u00edneas de Investigaci\u00f3n:\u00a0Revistas Digitales. Grupo de Investigaci\u00f3n:\u00a0CEMyRI Status: Personal colaborador \u00a0Correo Electr\u00f3nico:\u00a0manolo@losdoslivos.org Tel\u00e9fono:\u00a0649 661 536 Direcci\u00f3n de contacto:\u00a0CEIP. \u00abProfesor Tierno Galv\u00e1n\u00bb. C\/ Prf\u00aa Hortensia Mart\u00ednez, 7. V\u00edcar,\u00a004738 (Almer\u00eda) Curr\u00edculum<\/p>\n","protected":false},"author":2,"featured_media":25381,"parent":35,"menu_order":0,"comment_status":"closed","ping_status":"closed","template":"","meta":{"footnotes":""},"class_list":["post-1643","page","type-page","status-publish","has-post-thumbnail","hentry"],"_links":{"self":[{"href":"https:\/\/cemyri.es\/es\/wp-json\/wp\/v2\/pages\/1643","targetHints":{"allow":["GET"]}}],"collection":[{"href":"https:\/\/cemyri.es\/es\/wp-json\/wp\/v2\/pages"}],"about":[{"href":"https:\/\/cemyri.es\/es\/wp-json\/wp\/v2\/types\/page"}],"author":[{"embeddable":true,"href":"https:\/\/cemyri.es\/es\/wp-json\/wp\/v2\/users\/2"}],"replies":[{"embeddable":true,"href":"https:\/\/cemyri.es\/es\/wp-json\/wp\/v2\/comments?post=1643"}],"version-history":[{"count":3,"href":"https:\/\/cemyri.es\/es\/wp-json\/wp\/v2\/pages\/1643\/revisions"}],"predecessor-version":[{"id":27758,"href":"https:\/\/cemyri.es\/es\/wp-json\/wp\/v2\/pages\/1643\/revisions\/27758"}],"up":[{"embeddable":true,"href":"https:\/\/cemyri.es\/es\/wp-json\/wp\/v2\/pages\/35"}],"wp:featuredmedia":[{"embeddable":true,"href":"https:\/\/cemyri.es\/es\/wp-json\/wp\/v2\/media\/25381"}],"wp:attachment":[{"href":"https:\/\/cemyri.es\/es\/wp-json\/wp\/v2\/media?parent=1643"}],"curies":[{"name":"wp","href":"https:\/\/api.w.org\/{rel}","templated":true}]}}