{"id":1650,"date":"2014-01-23T11:16:07","date_gmt":"2014-01-23T09:16:07","guid":{"rendered":"http:\/\/www.cemyri.es\/?page_id=1650"},"modified":"2023-07-25T18:11:11","modified_gmt":"2023-07-25T18:11:11","slug":"carolina-cohen-polanco","status":"publish","type":"page","link":"https:\/\/cemyri.es\/es\/colaboradores\/carolina-cohen-polanco\/","title":{"rendered":"Carolina Cohen Polanco"},"content":{"rendered":"<p><strong>Grado:<\/strong>\u00a0Psicolog\u00eda (Pontificia Universidad Javeriana, Colombia).<\/p>\n<p><strong>M\u00e1ster:\u00a0<\/strong>Estudios Migratorios, Desarrollo e Intervenci\u00f3n Social (Universidad de Almer\u00eda).<\/p>\n<p><strong>L\u00edneas de Investigaci\u00f3n:<\/strong>\u00a0Migraciones, mercado de trabajo e integraci\u00f3n social.<\/p>\n<p><strong>Grupo de Investigaci\u00f3n:<\/strong> <a href=\"http:\/\/www.cemyri.es\">CEMyRI<\/a><\/p>\n<p><strong>Status:<\/strong> Personal colaborador<\/p>\n<p><strong>\u00a0Correo Electr\u00f3nico:<\/strong>\u00a0carolinacohenpolanco@yahoo.es<\/p>\n<p><strong>Direcci\u00f3n de contacto:<\/strong> CEMyRI, Edificio de Servicios T\u00e9cnicos, Seg. Planta, Desp. 02.12.0, Universidad de Almer\u00eda<\/p>\n<p><strong><a href=\"https:\/\/fr.linkedin.com\/in\/carolina-cohen-polanco-12937023\">Curr\u00edculum<\/a><\/strong><\/p>\n","protected":false},"excerpt":{"rendered":"<p>Grado:\u00a0Psicolog\u00eda (Pontificia Universidad Javeriana, Colombia). M\u00e1ster:\u00a0Estudios Migratorios, Desarrollo e Intervenci\u00f3n Social (Universidad de Almer\u00eda). L\u00edneas de Investigaci\u00f3n:\u00a0Migraciones, mercado de trabajo e integraci\u00f3n social. Grupo de Investigaci\u00f3n: CEMyRI Status: Personal colaborador \u00a0Correo Electr\u00f3nico:\u00a0carolinacohenpolanco@yahoo.es Direcci\u00f3n de contacto: CEMyRI, Edificio de Servicios T\u00e9cnicos, Seg. Planta, Desp. 02.12.0, Universidad de Almer\u00eda Curr\u00edculum<\/p>\n","protected":false},"author":2,"featured_media":25382,"parent":35,"menu_order":0,"comment_status":"closed","ping_status":"closed","template":"","meta":{"footnotes":""},"class_list":["post-1650","page","type-page","status-publish","has-post-thumbnail","hentry"],"_links":{"self":[{"href":"https:\/\/cemyri.es\/es\/wp-json\/wp\/v2\/pages\/1650","targetHints":{"allow":["GET"]}}],"collection":[{"href":"https:\/\/cemyri.es\/es\/wp-json\/wp\/v2\/pages"}],"about":[{"href":"https:\/\/cemyri.es\/es\/wp-json\/wp\/v2\/types\/page"}],"author":[{"embeddable":true,"href":"https:\/\/cemyri.es\/es\/wp-json\/wp\/v2\/users\/2"}],"replies":[{"embeddable":true,"href":"https:\/\/cemyri.es\/es\/wp-json\/wp\/v2\/comments?post=1650"}],"version-history":[{"count":5,"href":"https:\/\/cemyri.es\/es\/wp-json\/wp\/v2\/pages\/1650\/revisions"}],"predecessor-version":[{"id":27772,"href":"https:\/\/cemyri.es\/es\/wp-json\/wp\/v2\/pages\/1650\/revisions\/27772"}],"up":[{"embeddable":true,"href":"https:\/\/cemyri.es\/es\/wp-json\/wp\/v2\/pages\/35"}],"wp:featuredmedia":[{"embeddable":true,"href":"https:\/\/cemyri.es\/es\/wp-json\/wp\/v2\/media\/25382"}],"wp:attachment":[{"href":"https:\/\/cemyri.es\/es\/wp-json\/wp\/v2\/media?parent=1650"}],"curies":[{"name":"wp","href":"https:\/\/api.w.org\/{rel}","templated":true}]}}