{"id":1669,"date":"2014-02-24T12:57:27","date_gmt":"2014-02-24T10:57:27","guid":{"rendered":"http:\/\/www.cemyri.es\/?page_id=1669"},"modified":"2016-10-10T10:30:55","modified_gmt":"2016-10-10T10:30:55","slug":"francisco-majuelos-martinez","status":"publish","type":"page","link":"https:\/\/cemyri.es\/es\/doctores-colaboradores\/francisco-majuelos-martinez\/","title":{"rendered":"Francisco Majuelos Mart\u00ednez"},"content":{"rendered":"<p><strong>Grado:<\/strong>\u00a0Antropolog\u00eda Social y Cultural (UNED).<\/p>\n<p><strong>M\u00e1ster:\u00a0<\/strong>Estudios Migratorios, Desarrollo e Intervenci\u00f3n Social (Universidad de Almer\u00eda).<\/p>\n<p><strong>L\u00edneas de Investigaci\u00f3n:<\/strong>\u00a0Migraciones, industria del sexo.<\/p>\n<p><strong>Grupo de Investigaci\u00f3n:<\/strong>\u00a0<a href=\"http:\/\/cvirtual.ual.es\/webual\/jsp\/investigacion\/nuevo\/pInicio.jsp?id_grupo=HUM472\">HUM-472<\/a><\/p>\n<p><strong>Status:<\/strong>\u00a0Personal colaborador<\/p>\n<p><strong>\u00a0Correo Electr\u00f3nico:<\/strong>\u00a0pacomajuelos@telefonica.net<\/p>\n<p><strong>Direcci\u00f3n de contacto:<\/strong>\u00a0CEMyRI, Edificio de Servicios T\u00e9cnicos, Seg. Planta, Desp. 02.12.0, Universidad de Almer\u00eda<\/p>\n<p><strong><a href=\"http:\/\/orcid.org\/0000-0002-3151-5184\">Curr\u00edculum<\/a><\/strong><\/p>\n","protected":false},"excerpt":{"rendered":"<p>Grado:\u00a0Antropolog\u00eda Social y Cultural (UNED). M\u00e1ster:\u00a0Estudios Migratorios, Desarrollo e Intervenci\u00f3n Social (Universidad de Almer\u00eda). L\u00edneas de Investigaci\u00f3n:\u00a0Migraciones, industria del sexo. Grupo de Investigaci\u00f3n:\u00a0HUM-472 Status:\u00a0Personal colaborador \u00a0Correo Electr\u00f3nico:\u00a0pacomajuelos@telefonica.net Direcci\u00f3n de contacto:\u00a0CEMyRI, Edificio de Servicios T\u00e9cnicos, Seg. Planta, Desp. 02.12.0, Universidad de Almer\u00eda Curr\u00edculum<\/p>\n","protected":false},"author":2,"featured_media":0,"parent":34,"menu_order":0,"comment_status":"closed","ping_status":"closed","template":"","meta":{"footnotes":""},"class_list":["post-1669","page","type-page","status-publish","hentry"],"_links":{"self":[{"href":"https:\/\/cemyri.es\/es\/wp-json\/wp\/v2\/pages\/1669","targetHints":{"allow":["GET"]}}],"collection":[{"href":"https:\/\/cemyri.es\/es\/wp-json\/wp\/v2\/pages"}],"about":[{"href":"https:\/\/cemyri.es\/es\/wp-json\/wp\/v2\/types\/page"}],"author":[{"embeddable":true,"href":"https:\/\/cemyri.es\/es\/wp-json\/wp\/v2\/users\/2"}],"replies":[{"embeddable":true,"href":"https:\/\/cemyri.es\/es\/wp-json\/wp\/v2\/comments?post=1669"}],"version-history":[{"count":2,"href":"https:\/\/cemyri.es\/es\/wp-json\/wp\/v2\/pages\/1669\/revisions"}],"predecessor-version":[{"id":25608,"href":"https:\/\/cemyri.es\/es\/wp-json\/wp\/v2\/pages\/1669\/revisions\/25608"}],"up":[{"embeddable":true,"href":"https:\/\/cemyri.es\/es\/wp-json\/wp\/v2\/pages\/34"}],"wp:attachment":[{"href":"https:\/\/cemyri.es\/es\/wp-json\/wp\/v2\/media?parent=1669"}],"curies":[{"name":"wp","href":"https:\/\/api.w.org\/{rel}","templated":true}]}}