{"id":1688,"date":"2014-03-05T15:59:53","date_gmt":"2014-03-05T13:59:53","guid":{"rendered":"http:\/\/www.cemyri.es\/?page_id=1688"},"modified":"2023-07-25T18:20:14","modified_gmt":"2023-07-25T18:20:14","slug":"jose-manuel-garcia-montes","status":"publish","type":"page","link":"https:\/\/cemyri.es\/es\/doctores-colaboradores\/jose-manuel-garcia-montes\/","title":{"rendered":"Jos\u00e9 Manuel Garc\u00eda Montes"},"content":{"rendered":"<p><strong>Departamento:\u00a0<\/strong>Psicolog\u00eda<\/p>\n<p><strong>\u00c1rea:<\/strong>\u00a0Personalidad, Evaluaci\u00f3n y Tratamiento Psicol\u00f3gico<\/p>\n<p><strong>Universidad:<\/strong>\u00a0Almer\u00eda<\/p>\n<p><strong>L\u00edneas de Investigaci\u00f3n:<\/strong>\u00a0Fenomenolog\u00eda de la esquizofrenia; drogas y cultura<\/p>\n<p><strong>Grupo de Investigaci\u00f3n:<\/strong>\u00a0<a href=\"http:\/\/cvirtual.ual.es\/webual\/jsp\/investigacion\/nuevo\/pInicio.jsp?id_grupo=HUM760\">HUM-745<\/a><\/p>\n<p><strong>Status:<\/strong>\u00a0Investigador adscrito<\/p>\n<p><strong>Correo Electr\u00f3nico:<\/strong>\u00a0jgmontes@ual.es<\/p>\n<p><strong>Tel\u00e9fono:<\/strong>\u00a0950214452<\/p>\n<p><strong>Direcci\u00f3n de contacto:<\/strong>\u00a0Edificio central (D. 1071)<\/p>\n<p><a href=\"http:\/\/issuu.com\/cemyri\/docs\/cv_jose_mauel_garcia_montes\">Curr\u00edculum<\/a><\/p>\n","protected":false},"excerpt":{"rendered":"<p>Departamento:\u00a0Psicolog\u00eda \u00c1rea:\u00a0Personalidad, Evaluaci\u00f3n y Tratamiento Psicol\u00f3gico Universidad:\u00a0Almer\u00eda L\u00edneas de Investigaci\u00f3n:\u00a0Fenomenolog\u00eda de la esquizofrenia; drogas y cultura Grupo de Investigaci\u00f3n:\u00a0HUM-745 Status:\u00a0Investigador adscrito Correo Electr\u00f3nico:\u00a0jgmontes@ual.es Tel\u00e9fono:\u00a0950214452 Direcci\u00f3n de contacto:\u00a0Edificio central (D. 1071) Curr\u00edculum<\/p>\n","protected":false},"author":2,"featured_media":25384,"parent":34,"menu_order":0,"comment_status":"closed","ping_status":"closed","template":"","meta":{"footnotes":""},"class_list":["post-1688","page","type-page","status-publish","has-post-thumbnail","hentry"],"_links":{"self":[{"href":"https:\/\/cemyri.es\/es\/wp-json\/wp\/v2\/pages\/1688","targetHints":{"allow":["GET"]}}],"collection":[{"href":"https:\/\/cemyri.es\/es\/wp-json\/wp\/v2\/pages"}],"about":[{"href":"https:\/\/cemyri.es\/es\/wp-json\/wp\/v2\/types\/page"}],"author":[{"embeddable":true,"href":"https:\/\/cemyri.es\/es\/wp-json\/wp\/v2\/users\/2"}],"replies":[{"embeddable":true,"href":"https:\/\/cemyri.es\/es\/wp-json\/wp\/v2\/comments?post=1688"}],"version-history":[{"count":3,"href":"https:\/\/cemyri.es\/es\/wp-json\/wp\/v2\/pages\/1688\/revisions"}],"predecessor-version":[{"id":27794,"href":"https:\/\/cemyri.es\/es\/wp-json\/wp\/v2\/pages\/1688\/revisions\/27794"}],"up":[{"embeddable":true,"href":"https:\/\/cemyri.es\/es\/wp-json\/wp\/v2\/pages\/34"}],"wp:featuredmedia":[{"embeddable":true,"href":"https:\/\/cemyri.es\/es\/wp-json\/wp\/v2\/media\/25384"}],"wp:attachment":[{"href":"https:\/\/cemyri.es\/es\/wp-json\/wp\/v2\/media?parent=1688"}],"curies":[{"name":"wp","href":"https:\/\/api.w.org\/{rel}","templated":true}]}}